{"id":700230,"date":"2025-08-27T14:56:37","date_gmt":"2025-08-27T11:56:37","guid":{"rendered":"https:\/\/roveyayinevi.com.tr\/index.php\/urun\/ismarlama-bebek\/"},"modified":"2026-04-16T02:09:34","modified_gmt":"2026-04-15T23:09:34","slug":"ismarlama-bebek","status":"publish","type":"product","link":"https:\/\/roveyayinevi.com.tr\/index.php\/urun\/ismarlama-bebek\/","title":{"rendered":"Ismarlama Bebek"},"content":{"rendered":"<p>Bir masal kahraman\u0131 kadar yak\u0131\u015f\u0131kl\u0131yd\u0131 belki!S\u0131cac\u0131k bak\u0131\u015flar\u0131yla, tecr\u00fcbeli y\u00fcrekler i\u00e7in bile tehlikeliydi.A\u015fk\u0131 hi\u00e7 tan\u0131mayan vah\u015fi bir k\u0131za g\u00f6re ise, engellenemez iradesiyle tutkulu bir zorbayd\u0131 o&#8230;Korunakl\u0131 hayat\u0131na b\u00fcy\u00fck bir cesaretle dalm\u0131\u015ft\u0131.Ondan \u00e7\u0131lg\u0131nca \u015feyler istiyordu bu uzun adam&#8230;\u00d6ncelikle kollar\u0131ndan ka\u00e7amayaca\u011f\u0131 ger\u00e7ek bir evlilik&#8230;Ve annesine benzeyen g\u00fczel bir bebek&#8230;\u0130syan eden kalbini istemiyordu belki! Ama&#8230;Her an g\u00f6\u011fs\u00fcnden kopar\u0131p alacak kadar da f\u0131rsat\u00e7\u0131yd\u0131.Zoraki de olsa evlenmeyi kabullendi&#8230; Ve \u0131smarlama bebe\u011fi i\u00e7in ona boyun e\u011fdi.Ama delicesine a\u011fr\u0131yan kalbi i\u00e7in&#8230;&#8230;sonuna kadar m\u00fccadele etmeye kararl\u0131yd\u0131!T\u00fcm korkusuyla a\u015fka kar\u015f\u0131 dirense de&#8230;ne yaz\u0131k ki bu tatl\u0131 despottan nefret etmek,ba\u015ftan \u00e7\u0131kar\u0131c\u0131 \u00f6p\u00fcc\u00fcklerini sevmemek kadar zordu!\u0130ki inat\u00e7\u0131 y\u00fcre\u011fin heyecan dolu sava\u015f\u0131nda, sizi a\u015fk ve tutku dolu sayfalara ba\u011f\u0131ml\u0131 k\u0131lacak,kaybedenin olmad\u0131\u011f\u0131 bir FMArsal roman\u0131 daha! <\/p>\n","protected":false},"excerpt":{"rendered":"<p>Bir masal kahraman\u0131 kadar yak\u0131\u015f\u0131kl\u0131yd\u0131 belki!S\u0131cac\u0131k bak\u0131\u015flar\u0131yla, tecr\u00fcbeli y\u00fcrekler i\u00e7in bile tehlikeliydi.A\u015fk\u0131 hi\u00e7 tan\u0131mayan vah\u015fi bir k\u0131za g\u00f6re ise, engellenemez iradesiyle tutkulu bir zorbayd\u0131 o&#8230;Korunakl\u0131 hayat\u0131na<span class=\"excerpt-hellip\"> [\u2026]<\/span><\/p>\n","protected":false},"featured_media":0,"template":"","meta":{"_monsterinsights_skip_tracking":false,"_monsterinsights_sitenote_active":false,"_monsterinsights_sitenote_note":"","_monsterinsights_sitenote_category":0},"product_brand":[],"product_cat":[12291,12711],"product_tag":[],"class_list":{"0":"post-700230","1":"product","2":"type-product","3":"status-publish","5":"product_cat-edebiyat","6":"product_cat-roman-oyku","7":"pa_cilt-ciltsiz","8":"pa_tur-kitap","9":"pa_yayinevi-ephesus-yayinlari","10":"pa_yazar-fatih-murat-arsal","12":"first","13":"instock","14":"sale","15":"shipping-taxable","16":"purchasable","17":"product-type-simple"},"_links":{"self":[{"href":"https:\/\/roveyayinevi.com.tr\/index.php\/wp-json\/wp\/v2\/product\/700230","targetHints":{"allow":["GET"]}}],"collection":[{"href":"https:\/\/roveyayinevi.com.tr\/index.php\/wp-json\/wp\/v2\/product"}],"about":[{"href":"https:\/\/roveyayinevi.com.tr\/index.php\/wp-json\/wp\/v2\/types\/product"}],"wp:attachment":[{"href":"https:\/\/roveyayinevi.com.tr\/index.php\/wp-json\/wp\/v2\/media?parent=700230"}],"wp:term":[{"taxonomy":"product_brand","embeddable":true,"href":"https:\/\/roveyayinevi.com.tr\/index.php\/wp-json\/wp\/v2\/product_brand?post=700230"},{"taxonomy":"product_cat","embeddable":true,"href":"https:\/\/roveyayinevi.com.tr\/index.php\/wp-json\/wp\/v2\/product_cat?post=700230"},{"taxonomy":"product_tag","embeddable":true,"href":"https:\/\/roveyayinevi.com.tr\/index.php\/wp-json\/wp\/v2\/product_tag?post=700230"}],"curies":[{"name":"wp","href":"https:\/\/api.w.org\/{rel}","templated":true}]}}