{"id":700228,"date":"2025-08-27T14:56:37","date_gmt":"2025-08-27T11:56:37","guid":{"rendered":"https:\/\/roveyayinevi.com.tr\/index.php\/urun\/okul-oncesinde-fen-egitimi\/"},"modified":"2026-04-16T02:09:34","modified_gmt":"2026-04-15T23:09:34","slug":"okul-oncesinde-fen-egitimi","status":"publish","type":"product","link":"https:\/\/roveyayinevi.com.tr\/index.php\/urun\/okul-oncesinde-fen-egitimi\/","title":{"rendered":"Okul \u00d6ncesinde Fen E\u011fitimi"},"content":{"rendered":"<p>Bu kitap okul \u00f6ncesi e\u011fitim kurumlar\u0131nda g\u00f6rev yapan \u00f6\u011fretmenler, \u00fcniversitelerin okul \u00f6ncesi \u00f6\u011fretmenli\u011fi b\u00f6l\u00fcm\u00fcnde okuyan \u00f6\u011fretmen adaylar\u0131 ve ebeveynler i\u00e7in haz\u0131rlanm\u0131\u015ft\u0131r. Kitab\u0131n haz\u0131rlanmas\u0131ndaki ama\u00e7, bu alandaki \u00f6\u011fretmenlerin ve \u00f6\u011fretmen adaylar\u0131n\u0131n, okul \u00f6ncesinde fen e\u011fitimine y\u00f6nelik hem teorik hem de uygulamada yararlanabilecekleri kaynak kitaplara duyduklar\u0131 gereksinimleri gidermektedir. Kitab\u0131n teorik b\u00f6l\u00fcm\u00fcnde, okul \u00f6ncesinde fen e\u011fitimine y\u00f6nelik \u00f6\u011fretmenlerin edinmesi gereken bilgilere yer verilmi\u015ftir. Fen e\u011fitiminde ilgili bilgilerin uygulamaya aktar\u0131lmas\u0131 ile ilgili etkinlik \u00f6rneklerini i\u00e7eren di\u011fer b\u00f6l\u00fcm ise \u00f6\u011fretmenlere ve \u00f6\u011fretmen adaylar\u0131na farkl\u0131 fikirler verebilecek ders kitab\u0131 niteli\u011finde haz\u0131rlanm\u0131\u015ft\u0131r. <\/p>\n","protected":false},"excerpt":{"rendered":"<p>Bu kitap okul \u00f6ncesi e\u011fitim kurumlar\u0131nda g\u00f6rev yapan \u00f6\u011fretmenler, \u00fcniversitelerin okul \u00f6ncesi \u00f6\u011fretmenli\u011fi b\u00f6l\u00fcm\u00fcnde okuyan \u00f6\u011fretmen adaylar\u0131 ve ebeveynler i\u00e7in haz\u0131rlanm\u0131\u015ft\u0131r. Kitab\u0131n haz\u0131rlanmas\u0131ndaki ama\u00e7, bu alandaki<span class=\"excerpt-hellip\"> [\u2026]<\/span><\/p>\n","protected":false},"featured_media":0,"template":"","meta":{"_monsterinsights_skip_tracking":false,"_monsterinsights_sitenote_active":false,"_monsterinsights_sitenote_note":"","_monsterinsights_sitenote_category":0},"product_brand":[],"product_cat":[12573,12566],"product_tag":[],"class_list":{"0":"post-700228","1":"product","2":"type-product","3":"status-publish","5":"product_cat-akademik-kitaplar","6":"product_cat-egitim","7":"pa_cilt-ciltsiz","8":"pa_tur-kitap","9":"pa_yayinevi-pegem-akademik-kitaplar","10":"pa_yazar-saide-ozbey","12":"first","13":"instock","14":"sale","15":"shipping-taxable","16":"purchasable","17":"product-type-simple"},"_links":{"self":[{"href":"https:\/\/roveyayinevi.com.tr\/index.php\/wp-json\/wp\/v2\/product\/700228","targetHints":{"allow":["GET"]}}],"collection":[{"href":"https:\/\/roveyayinevi.com.tr\/index.php\/wp-json\/wp\/v2\/product"}],"about":[{"href":"https:\/\/roveyayinevi.com.tr\/index.php\/wp-json\/wp\/v2\/types\/product"}],"wp:attachment":[{"href":"https:\/\/roveyayinevi.com.tr\/index.php\/wp-json\/wp\/v2\/media?parent=700228"}],"wp:term":[{"taxonomy":"product_brand","embeddable":true,"href":"https:\/\/roveyayinevi.com.tr\/index.php\/wp-json\/wp\/v2\/product_brand?post=700228"},{"taxonomy":"product_cat","embeddable":true,"href":"https:\/\/roveyayinevi.com.tr\/index.php\/wp-json\/wp\/v2\/product_cat?post=700228"},{"taxonomy":"product_tag","embeddable":true,"href":"https:\/\/roveyayinevi.com.tr\/index.php\/wp-json\/wp\/v2\/product_tag?post=700228"}],"curies":[{"name":"wp","href":"https:\/\/api.w.org\/{rel}","templated":true}]}}