{"id":700224,"date":"2025-08-27T14:56:36","date_gmt":"2025-08-27T11:56:36","guid":{"rendered":"https:\/\/roveyayinevi.com.tr\/index.php\/urun\/100-soruda-otizm\/"},"modified":"2026-04-16T02:09:34","modified_gmt":"2026-04-15T23:09:34","slug":"100-soruda-otizm","status":"publish","type":"product","link":"https:\/\/roveyayinevi.com.tr\/index.php\/urun\/100-soruda-otizm\/","title":{"rendered":"100 Soruda Otizm"},"content":{"rendered":"<p>Kendinizi cesaretlendirin! Otizm hakk\u0131nda 100 soru ve cevap: Bir hekim\/bak\u0131c\u0131 ebeveynden uzman g\u00f6r\u00fc\u015f kitab\u0131 otizmli \u00e7ocuklar ve yeti\u015fkinler i\u00e7in sevgi ve bak\u0131m sa\u011flayan ki\u015filer i\u00e7in b\u00fcy\u00fck \u00f6nem ta\u015f\u0131yan konular \u00fczerinde odaklanm\u0131\u015ft\u0131r. Bu kitap size nedenleri, tan\u0131s\u0131, tedavi se\u00e7enekleri, destek kaynaklar\u0131 ve daha fazlas\u0131 da dahil olmak \u00fczere, otizmde en s\u0131k sorulan sorular hakk\u0131nda g\u00fcvenilir ve pratik cevaplar verir. Otizmli bir \u00e7ocu\u011fun ebeveyni olan bir doktor taraf\u0131ndan yaz\u0131lan bu metin, yazar\u0131n t\u0131bbi bilgisini, kapsaml\u0131 ara\u015ft\u0131rmas\u0131n\u0131 ve ki\u015fisel deneyimini birle\u015ftirmi\u015ftir. Otizmin fiziksel ve duygusal karma\u015fas\u0131 ile ba\u015fa \u00e7\u0131kan ki\u015filerin t\u00fcm sevdikleri i\u00e7in paha bi\u00e7ilmez bir kaynakl\u0131k yapan metin, di\u011fer otizmli \u00e7ocuklar\u0131n ailelerinin d\u00fc\u015f\u00fcnce ve a\u00e7\u0131klamalar\u0131yla desteklenmi\u015ftir. &#8220;\u00c7ocu\u011funuzun otizmli oldu\u011funu fark etmek olduk\u00e7a korkutucudur. Otizm hakk\u0131nda \u00e7ok bir \u015fey bilmedi\u011finizde bu tan\u0131 daha da k\u00f6t\u00fc hale gelir. Dr. Quinn ebeveynlere otizm zorluklar\u0131yla ba\u015fa \u00e7\u0131kmalar\u0131 i\u00e7in gereken bilgiyi sa\u011flayan bir kitap yazm\u0131\u015ft\u0131r. A\u00e7\u0131kl\u0131k ve duyarl\u0131l\u0131kla yazmas\u0131, bu kitab\u0131 her okuyucuya eri\u015febilir yapmaktad\u0131r. Bir\u00e7ok ebeveyn i\u00e7in bu kitap bir cankurtarand\u0131r.&#8221; -William Devlin, otizmli bir \u00e7ocu\u011fun ebeveyni \u0130\u00e7indekiler B\u00f6l\u00fcm I : Temeller Bar\u0131\u015f Sar\u0131da\u015e- Bilge Balabanl\u0131 B\u00f6l\u00fcm II : Otizm Tan\u0131s\u0131 Bilge Balabanl\u0131 -Merve Altun B\u00f6l\u00fcm III: Otizm Krizi Nurcan Kunt Erol B\u00f6l\u00fcm IV: Otizm Terapileri ve Tedavileri Soner Genal B\u00f6l\u00fcm V: Otizm Tedavisi ve \u0130la\u00e7lar\u0131 Bar\u0131\u015f Sar\u0131da\u015f B\u00f6l\u00fcm VI: Otizm \u0130\u00e7in Alternatif Tedaviler Elif S\u00fcreyya Kany\u0131lmaz B\u00f6l\u00fcm VII: Yetkili Devlet ve Eyalet Programlar\u0131 Soner Genal B\u00f6l\u00fcm VIII: Siz \u00d6ld\u00fckten Sonra \u00c7ocu\u011funuzun Bak\u0131m\u0131 Elif S\u00fcreyya Kany\u0131lmaz B\u00f6l\u00fcm IX:Engelli \u00c7ocuklar\u0131n E\u011fitimi Merve Altun B\u00f6l\u00fcm X: Otizmle Ya\u015famak Nurcan Kunt Erol-Bilge Balabanl\u0131 B\u00f6l\u00fcm XI : Stres T\u00fcm \u00e7evirmenler <\/p>\n","protected":false},"excerpt":{"rendered":"<p>Kendinizi cesaretlendirin! Otizm hakk\u0131nda 100 soru ve cevap: Bir hekim\/bak\u0131c\u0131 ebeveynden uzman g\u00f6r\u00fc\u015f kitab\u0131 otizmli \u00e7ocuklar ve yeti\u015fkinler i\u00e7in sevgi ve bak\u0131m sa\u011flayan ki\u015filer i\u00e7in b\u00fcy\u00fck<span class=\"excerpt-hellip\"> [\u2026]<\/span><\/p>\n","protected":false},"featured_media":0,"template":"","meta":{"_monsterinsights_skip_tracking":false,"_monsterinsights_sitenote_active":false,"_monsterinsights_sitenote_note":"","_monsterinsights_sitenote_category":0},"product_brand":[],"product_cat":[12312,12304],"product_tag":[],"class_list":{"0":"post-700224","1":"product","2":"type-product","3":"status-publish","5":"product_cat-diger","6":"product_cat-tarih","7":"pa_cilt-ciltsiz","8":"pa_tur-kitap","9":"pa_yayinevi-ani-yayincilik","10":"pa_yazar-campion-quinn","12":"first","13":"instock","14":"sale","15":"shipping-taxable","16":"purchasable","17":"product-type-simple"},"_links":{"self":[{"href":"https:\/\/roveyayinevi.com.tr\/index.php\/wp-json\/wp\/v2\/product\/700224","targetHints":{"allow":["GET"]}}],"collection":[{"href":"https:\/\/roveyayinevi.com.tr\/index.php\/wp-json\/wp\/v2\/product"}],"about":[{"href":"https:\/\/roveyayinevi.com.tr\/index.php\/wp-json\/wp\/v2\/types\/product"}],"wp:attachment":[{"href":"https:\/\/roveyayinevi.com.tr\/index.php\/wp-json\/wp\/v2\/media?parent=700224"}],"wp:term":[{"taxonomy":"product_brand","embeddable":true,"href":"https:\/\/roveyayinevi.com.tr\/index.php\/wp-json\/wp\/v2\/product_brand?post=700224"},{"taxonomy":"product_cat","embeddable":true,"href":"https:\/\/roveyayinevi.com.tr\/index.php\/wp-json\/wp\/v2\/product_cat?post=700224"},{"taxonomy":"product_tag","embeddable":true,"href":"https:\/\/roveyayinevi.com.tr\/index.php\/wp-json\/wp\/v2\/product_tag?post=700224"}],"curies":[{"name":"wp","href":"https:\/\/api.w.org\/{rel}","templated":true}]}}