{"id":700219,"date":"2025-08-27T14:56:34","date_gmt":"2025-08-27T11:56:34","guid":{"rendered":"https:\/\/roveyayinevi.com.tr\/index.php\/urun\/gecmis-simdi-oldugunda\/"},"modified":"2026-04-16T02:09:34","modified_gmt":"2026-04-15T23:09:34","slug":"gecmis-simdi-oldugunda","status":"publish","type":"product","link":"https:\/\/roveyayinevi.com.tr\/index.php\/urun\/gecmis-simdi-oldugunda\/","title":{"rendered":"Ge\u00e7mi\u015f \u015eimdi Oldu\u011funda"},"content":{"rendered":"<p>Ge\u00e7mi\u015f asla sona ermez, hatta ge\u00e7mez bile diyen Faulkner bir\u00e7o\u011fumuzun belki de pek fark\u0131nda olmad\u0131\u011f\u0131 bir ger\u00e7e\u011fe dikkat \u00e7ekiyordu.\u0130nsan olman\u0131n ac\u0131 ger\u00e7eklerinden biri de, \u00f6zellikle ge\u00e7mi\u015fimiz duygusal ac\u0131lar veya hayal k\u0131r\u0131kl\u0131klar\u0131 i\u00e7eriyorsa, ge\u00e7mi\u015fi tekrarlamak \u00fczere donanm\u0131\u015f olmam\u0131zd\u0131r. E\u015fimizde, sevgilimizde, arkada\u015flar\u0131m\u0131zda, d\u00fc\u015fmanlar\u0131m\u0131zda, hatta yabanc\u0131larda fark\u0131nda bile olmadan ge\u00e7mi\u015fimizin \u00f6nemli fig\u00fcrlerini g\u00f6r\u00fcr\u00fcz. Ge\u00e7mi\u015fi arkam\u0131zda b\u0131rak\u0131p ilerlemek istememize ra\u011fmen, ebeveynlerimizin veya aram\u0131zda \u00e7\u00f6z\u00fcmlenmemi\u015f sorunlar\u0131n oldu\u011fu ki\u015filerin rollerini yeni birilerine vererek hayat\u0131m\u0131z\u0131 s\u00fcrd\u00fcr\u00fcr\u00fcz.Sigmund Freud buna aktar\u0131mlar diyor. Aktar\u0131m bilin\u00e7sizdir; duygusal olarak t\u0131kan\u0131kl\u0131k yaratan sorunlar\u0131 \u00e7\u00f6z\u00fcmlemek \u00fczere ge\u00e7mi\u015fimize d\u00f6nme arzusudur. T\u0131pk\u0131 huzursuz ruhlar gibi, olay\u0131n ger\u00e7ekle\u015fmi\u015f oldu\u011fu veya belki de tam istedi\u011fimiz \u015fekilde ger\u00e7ekle\u015fmemi\u015f oldu\u011fu eve d\u00f6neriz. Fakat dadand\u0131\u011f\u0131m\u0131z ev, eskiden oturdu\u011fumuz ev de\u011fil, \u015fu anda ya\u015fad\u0131\u011f\u0131m\u0131z yerdir.Ge\u00e7mi\u015fimizin hayat gemimizde bulunan zorunlu ve mahir bir ka\u00e7ak yolcu oldu\u011funu idrak etti\u011fimiz s\u00fcrece, durumun fark\u0131nday\u0131z demektir. O zaman gemimizin yolcu listesini g\u00fcncelle\u015ftirmek i\u00e7in uygun durumda oluruz. \ufffcTan\u0131t\u0131m Metni<\/p>\n","protected":false},"excerpt":{"rendered":"<p>Ge\u00e7mi\u015f asla sona ermez, hatta ge\u00e7mez bile diyen Faulkner bir\u00e7o\u011fumuzun belki de pek fark\u0131nda olmad\u0131\u011f\u0131 bir ger\u00e7e\u011fe dikkat \u00e7ekiyordu.\u0130nsan olman\u0131n ac\u0131 ger\u00e7eklerinden biri de, \u00f6zellikle ge\u00e7mi\u015fimiz<span class=\"excerpt-hellip\"> [\u2026]<\/span><\/p>\n","protected":false},"featured_media":0,"template":"","meta":{"_monsterinsights_skip_tracking":false,"_monsterinsights_sitenote_active":false,"_monsterinsights_sitenote_note":"","_monsterinsights_sitenote_category":0},"product_brand":[],"product_cat":[12358,12357],"product_tag":[],"class_list":{"0":"post-700219","1":"product","2":"type-product","3":"status-publish","5":"product_cat-genel-psikoloji","6":"product_cat-psikoloji","7":"pa_cilt-ciltsiz","8":"pa_tur-kitap","9":"pa_yayinevi-kuraldisi-yayinevi","10":"pa_yazar-david-richo","12":"first","13":"instock","14":"sale","15":"shipping-taxable","16":"purchasable","17":"product-type-simple"},"_links":{"self":[{"href":"https:\/\/roveyayinevi.com.tr\/index.php\/wp-json\/wp\/v2\/product\/700219","targetHints":{"allow":["GET"]}}],"collection":[{"href":"https:\/\/roveyayinevi.com.tr\/index.php\/wp-json\/wp\/v2\/product"}],"about":[{"href":"https:\/\/roveyayinevi.com.tr\/index.php\/wp-json\/wp\/v2\/types\/product"}],"wp:attachment":[{"href":"https:\/\/roveyayinevi.com.tr\/index.php\/wp-json\/wp\/v2\/media?parent=700219"}],"wp:term":[{"taxonomy":"product_brand","embeddable":true,"href":"https:\/\/roveyayinevi.com.tr\/index.php\/wp-json\/wp\/v2\/product_brand?post=700219"},{"taxonomy":"product_cat","embeddable":true,"href":"https:\/\/roveyayinevi.com.tr\/index.php\/wp-json\/wp\/v2\/product_cat?post=700219"},{"taxonomy":"product_tag","embeddable":true,"href":"https:\/\/roveyayinevi.com.tr\/index.php\/wp-json\/wp\/v2\/product_tag?post=700219"}],"curies":[{"name":"wp","href":"https:\/\/api.w.org\/{rel}","templated":true}]}}