{"id":700217,"date":"2025-08-27T14:56:34","date_gmt":"2025-08-27T11:56:34","guid":{"rendered":"https:\/\/roveyayinevi.com.tr\/index.php\/urun\/iste-buda\/"},"modified":"2026-04-16T02:09:34","modified_gmt":"2026-04-15T23:09:34","slug":"iste-buda","status":"publish","type":"product","link":"https:\/\/roveyayinevi.com.tr\/index.php\/urun\/iste-buda\/","title":{"rendered":"\u0130\u015f&#8217;te Buda"},"content":{"rendered":"<p>\u0130\u015f d\u00fcnyas\u0131nda sorunlar ya\u015fayan bir Alman \u015firketinin y\u00f6neticisi i\u015f gezisi dolay\u0131s\u0131yla \u00c7in\u2019e gider. Bat\u0131 k\u00fclt\u00fcr\u00fcyle yeti\u015fmi\u015f Alman i\u015fadam\u0131 \u00c7inlileri anlamakta zorlan\u0131r ve \u00e7ok bunalm\u0131\u015fken yolu bir Budist tap\u0131na\u011f\u0131na d\u00fc\u015fer. Burada meditasyon yaparak rahatlamak isterken tap\u0131na\u011f\u0131n ya\u015fl\u0131, bilge rahibiyle de konu\u015fma f\u0131rsat\u0131 bulur. Budist rahiple kar\u015f\u0131la\u015fmas\u0131 ve ondan dinledikleri hayat\u0131nda bir fark\u0131ndal\u0131k yaratacak ve d\u00fcnyaya bak\u0131\u015f\u0131 de\u011fi\u015fecektir. Do\u011fal olarak i\u015fine, i\u015fini y\u00f6netme tarz\u0131na, \u00e7al\u0131\u015fma arkada\u015flar\u0131na ve m\u00fc\u015fterilerine yakla\u015f\u0131m\u0131 da farkl\u0131la\u015facakt\u0131r. <\/p>\n","protected":false},"excerpt":{"rendered":"<p>\u0130\u015f d\u00fcnyas\u0131nda sorunlar ya\u015fayan bir Alman \u015firketinin y\u00f6neticisi i\u015f gezisi dolay\u0131s\u0131yla \u00c7in\u2019e gider. Bat\u0131 k\u00fclt\u00fcr\u00fcyle yeti\u015fmi\u015f Alman i\u015fadam\u0131 \u00c7inlileri anlamakta zorlan\u0131r ve \u00e7ok bunalm\u0131\u015fken yolu bir<span class=\"excerpt-hellip\"> [\u2026]<\/span><\/p>\n","protected":false},"featured_media":0,"template":"","meta":{"_monsterinsights_skip_tracking":false,"_monsterinsights_sitenote_active":false,"_monsterinsights_sitenote_note":"","_monsterinsights_sitenote_category":0},"product_brand":[],"product_cat":[12389,12388],"product_tag":[],"class_list":{"0":"post-700217","1":"product","2":"type-product","3":"status-publish","5":"product_cat-diger-felsefe","6":"product_cat-felsefe","7":"pa_tur-kitap","8":"pa_yayinevi-kuraldisi-yayinevi","9":"pa_yazar-werner-schwanfelder","11":"first","12":"instock","13":"sale","14":"shipping-taxable","15":"purchasable","16":"product-type-simple"},"_links":{"self":[{"href":"https:\/\/roveyayinevi.com.tr\/index.php\/wp-json\/wp\/v2\/product\/700217","targetHints":{"allow":["GET"]}}],"collection":[{"href":"https:\/\/roveyayinevi.com.tr\/index.php\/wp-json\/wp\/v2\/product"}],"about":[{"href":"https:\/\/roveyayinevi.com.tr\/index.php\/wp-json\/wp\/v2\/types\/product"}],"wp:attachment":[{"href":"https:\/\/roveyayinevi.com.tr\/index.php\/wp-json\/wp\/v2\/media?parent=700217"}],"wp:term":[{"taxonomy":"product_brand","embeddable":true,"href":"https:\/\/roveyayinevi.com.tr\/index.php\/wp-json\/wp\/v2\/product_brand?post=700217"},{"taxonomy":"product_cat","embeddable":true,"href":"https:\/\/roveyayinevi.com.tr\/index.php\/wp-json\/wp\/v2\/product_cat?post=700217"},{"taxonomy":"product_tag","embeddable":true,"href":"https:\/\/roveyayinevi.com.tr\/index.php\/wp-json\/wp\/v2\/product_tag?post=700217"}],"curies":[{"name":"wp","href":"https:\/\/api.w.org\/{rel}","templated":true}]}}