{"id":700215,"date":"2025-08-27T14:56:33","date_gmt":"2025-08-27T11:56:33","guid":{"rendered":"https:\/\/roveyayinevi.com.tr\/index.php\/urun\/maariften-egitime\/"},"modified":"2026-04-16T02:09:34","modified_gmt":"2026-04-15T23:09:34","slug":"maariften-egitime","status":"publish","type":"product","link":"https:\/\/roveyayinevi.com.tr\/index.php\/urun\/maariften-egitime\/","title":{"rendered":"Maariften E\u011fitime"},"content":{"rendered":"<p>Teknik bilgi, sanat, hukuk, filoloji, mali ve iktisadi bilgi&#8230; t\u00fcm bunlar Bat\u0131&#8217;da ticaret burjuvazisinin ve daha sonra giderek olgunla\u015fan sanayi toplumunun en temel ihtiya\u00e7lar\u0131 olmu\u015ftu. R\u00f6nesans ve h\u00fcmanizm bu ihtiya\u00e7lar\u0131n kar\u015f\u0131lanmas\u0131na y\u00f6nelik ara\u015ft\u0131rmalar\u0131n ve \u00e7al\u0131\u015fmalar\u0131n ufkunda y\u00fckseldi. Giderek daha karma\u015f\u0131k hale gelen siyasi ve toplumsal \u00f6rg\u00fctlenmede \u201c insan \u201d ve \u201c e\u011fitim \u201d konular\u0131 en temel tart\u0131\u015fmalar\u0131n ve m\u00fccadelelerin oda\u011f\u0131 olurken, \u201cNas\u0131l bir insan?\u201d ve \u201cNas\u0131l bir e\u011fitim?\u201d sorusu, toplumun gelece\u011fini ve ideolojik angajmanlar\u0131n y\u00f6n\u00fcn\u00fc tayin etmesi bak\u0131m\u0131ndan ba\u015fta devlet olmak \u00fczere, toplumsal ve k\u00fclt\u00fcrel \u00e7evreler ile gruplar bu konuda olduk\u00e7a hassas davrand\u0131lar. \ufffcTan\u0131t\u0131m Metni<\/p>\n","protected":false},"excerpt":{"rendered":"<p>Teknik bilgi, sanat, hukuk, filoloji, mali ve iktisadi bilgi&#8230; t\u00fcm bunlar Bat\u0131&#8217;da ticaret burjuvazisinin ve daha sonra giderek olgunla\u015fan sanayi toplumunun en temel ihtiya\u00e7lar\u0131 olmu\u015ftu. R\u00f6nesans<span class=\"excerpt-hellip\"> [\u2026]<\/span><\/p>\n","protected":false},"featured_media":0,"template":"","meta":{"_monsterinsights_skip_tracking":false,"_monsterinsights_sitenote_active":false,"_monsterinsights_sitenote_note":"","_monsterinsights_sitenote_category":0},"product_brand":[],"product_cat":[12370,12304],"product_tag":[],"class_list":{"0":"post-700215","1":"product","2":"type-product","3":"status-publish","5":"product_cat-arastirma-inceleme","6":"product_cat-tarih","7":"pa_cilt-ciltsiz","8":"pa_tur-kitap","9":"pa_yayinevi-dogu-bati-yayinlari","10":"pa_yazar-mustafa-gunduz","12":"first","13":"instock","14":"sale","15":"shipping-taxable","16":"purchasable","17":"product-type-simple"},"_links":{"self":[{"href":"https:\/\/roveyayinevi.com.tr\/index.php\/wp-json\/wp\/v2\/product\/700215","targetHints":{"allow":["GET"]}}],"collection":[{"href":"https:\/\/roveyayinevi.com.tr\/index.php\/wp-json\/wp\/v2\/product"}],"about":[{"href":"https:\/\/roveyayinevi.com.tr\/index.php\/wp-json\/wp\/v2\/types\/product"}],"wp:attachment":[{"href":"https:\/\/roveyayinevi.com.tr\/index.php\/wp-json\/wp\/v2\/media?parent=700215"}],"wp:term":[{"taxonomy":"product_brand","embeddable":true,"href":"https:\/\/roveyayinevi.com.tr\/index.php\/wp-json\/wp\/v2\/product_brand?post=700215"},{"taxonomy":"product_cat","embeddable":true,"href":"https:\/\/roveyayinevi.com.tr\/index.php\/wp-json\/wp\/v2\/product_cat?post=700215"},{"taxonomy":"product_tag","embeddable":true,"href":"https:\/\/roveyayinevi.com.tr\/index.php\/wp-json\/wp\/v2\/product_tag?post=700215"}],"curies":[{"name":"wp","href":"https:\/\/api.w.org\/{rel}","templated":true}]}}