{"id":700213,"date":"2025-08-27T14:56:32","date_gmt":"2025-08-27T11:56:32","guid":{"rendered":"https:\/\/roveyayinevi.com.tr\/index.php\/urun\/populer-sinemanin-mitolojisi\/"},"modified":"2026-04-16T02:09:34","modified_gmt":"2026-04-15T23:09:34","slug":"populer-sinemanin-mitolojisi","status":"publish","type":"product","link":"https:\/\/roveyayinevi.com.tr\/index.php\/urun\/populer-sinemanin-mitolojisi\/","title":{"rendered":"Pop\u00fcler Sineman\u0131n Mitolojisi"},"content":{"rendered":"<p>Bu kitap, pop\u00fcler sineman\u0131n d\u00f6rt t\u00fcr\u00fcn\u00fc kaps\u0131yor&#8230; Komedi, Western, Melodram ve Korku. Uzun zamana yay\u0131lan ara\u015ft\u0131rman\u0131n, d\u00fc\u015f\u00fcnmenin, tart\u0131\u015fman\u0131n, birikimin bir \u00fcr\u00fcn\u00fc Pop\u00fcler Sinema\u2019n\u0131n Mitolojisi. Say\u0131s\u0131z yaz\u0131l\u0131 kaynak ve film e\u015flik etti bu s\u00fcrece. A\u00e7\u0131k ki imgelerden ve g\u00f6stergelerden kurulu bir d\u00fcnyan\u0131n, hayat\u0131n ger\u00e7eklikleriyle ilintilerinin \u00e7\u00f6z\u00fcmlenmesi ve yeniden okunmas\u0131 entelekt\u00fcel derinli\u011fi, analitik kayg\u0131lar\u0131 gerektiriyor. \u00c7ok d\u00fczlemli, \u00e7ok disiplinli bir yolculuk oldu\u011fu kadar, hep eksik kalan, tarihsel zemini de in\u015fa eden bir \u00e7aba bu. \u0130nsan\u0131n i\u00e7ine ald\u0131\u011f\u0131 \u00f6yk\u00fclerin, a\u011f\u0131rlad\u0131\u011f\u0131 kahramanlar\u0131n kodlar\u0131n\u0131 a\u00e7\u0131\u011fa \u00e7\u0131karan, bozan, hakk\u0131n\u0131 teslim eden sorular\u0131 i\u015faret ediyor. Ele\u015ftirel pencereler sunuyor. Bu \u00e7al\u0131\u015fma, Frankfurt Okulu Toplum Teorisinin ve Esteti\u011finin belirledi\u011fi alandan hareketle ortaya \u00e7\u0131kt\u0131. <\/p>\n","protected":false},"excerpt":{"rendered":"<p>Bu kitap, pop\u00fcler sineman\u0131n d\u00f6rt t\u00fcr\u00fcn\u00fc kaps\u0131yor&#8230; Komedi, Western, Melodram ve Korku. Uzun zamana yay\u0131lan ara\u015ft\u0131rman\u0131n, d\u00fc\u015f\u00fcnmenin, tart\u0131\u015fman\u0131n, birikimin bir \u00fcr\u00fcn\u00fc Pop\u00fcler Sinema\u2019n\u0131n Mitolojisi. Say\u0131s\u0131z yaz\u0131l\u0131<span class=\"excerpt-hellip\"> [\u2026]<\/span><\/p>\n","protected":false},"featured_media":0,"template":"","meta":{"_monsterinsights_skip_tracking":false,"_monsterinsights_sitenote_active":false,"_monsterinsights_sitenote_note":"","_monsterinsights_sitenote_category":0},"product_brand":[],"product_cat":[12409,12408],"product_tag":[],"class_list":{"0":"post-700213","1":"product","2":"type-product","3":"status-publish","5":"product_cat-fotograf-sinema-tiyatro","6":"product_cat-sanat","7":"pa_cilt-ciltsiz","8":"pa_tur-kitap","9":"pa_yayinevi-ayrinti-yayinlari","10":"pa_yazar-tuncer-cetinkaya","12":"first","13":"instock","14":"sale","15":"shipping-taxable","16":"purchasable","17":"product-type-simple"},"_links":{"self":[{"href":"https:\/\/roveyayinevi.com.tr\/index.php\/wp-json\/wp\/v2\/product\/700213","targetHints":{"allow":["GET"]}}],"collection":[{"href":"https:\/\/roveyayinevi.com.tr\/index.php\/wp-json\/wp\/v2\/product"}],"about":[{"href":"https:\/\/roveyayinevi.com.tr\/index.php\/wp-json\/wp\/v2\/types\/product"}],"wp:attachment":[{"href":"https:\/\/roveyayinevi.com.tr\/index.php\/wp-json\/wp\/v2\/media?parent=700213"}],"wp:term":[{"taxonomy":"product_brand","embeddable":true,"href":"https:\/\/roveyayinevi.com.tr\/index.php\/wp-json\/wp\/v2\/product_brand?post=700213"},{"taxonomy":"product_cat","embeddable":true,"href":"https:\/\/roveyayinevi.com.tr\/index.php\/wp-json\/wp\/v2\/product_cat?post=700213"},{"taxonomy":"product_tag","embeddable":true,"href":"https:\/\/roveyayinevi.com.tr\/index.php\/wp-json\/wp\/v2\/product_tag?post=700213"}],"curies":[{"name":"wp","href":"https:\/\/api.w.org\/{rel}","templated":true}]}}