{"id":700211,"date":"2025-08-27T14:56:32","date_gmt":"2025-08-27T11:56:32","guid":{"rendered":"https:\/\/roveyayinevi.com.tr\/index.php\/urun\/turkiyenin-pop-muzigi\/"},"modified":"2026-04-16T02:09:34","modified_gmt":"2026-04-15T23:09:34","slug":"turkiyenin-pop-muzigi","status":"publish","type":"product","link":"https:\/\/roveyayinevi.com.tr\/index.php\/urun\/turkiyenin-pop-muzigi\/","title":{"rendered":"T\u00fcrkiye&#8217;nin Pop M\u00fczi\u011fi"},"content":{"rendered":"<p>Bu kitap, T\u00fcrkiye\u2019deki pop m\u00fczi\u011fe ili\u015fkin ilk m\u00fczikolojik ara\u015ft\u0131rma olman\u0131n yan\u0131 s\u0131ra, pop\u00fcler T\u00fcrk m\u00fczi\u011fi \u00fczerine yap\u0131lm\u0131\u015f en kapsaml\u0131 \u00e7al\u0131\u015fma olma \u00f6zelli\u011fini de ta\u015f\u0131yor. <\/p>\n","protected":false},"excerpt":{"rendered":"<p>Bu kitap, T\u00fcrkiye\u2019deki pop m\u00fczi\u011fe ili\u015fkin ilk m\u00fczikolojik ara\u015ft\u0131rma olman\u0131n yan\u0131 s\u0131ra, pop\u00fcler T\u00fcrk m\u00fczi\u011fi \u00fczerine yap\u0131lm\u0131\u015f en kapsaml\u0131 \u00e7al\u0131\u015fma olma \u00f6zelli\u011fini de ta\u015f\u0131yor.<\/p>\n","protected":false},"featured_media":0,"template":"","meta":{"_monsterinsights_skip_tracking":false,"_monsterinsights_sitenote_active":false,"_monsterinsights_sitenote_note":"","_monsterinsights_sitenote_category":0},"product_brand":[],"product_cat":[14591,14556],"product_tag":[],"class_list":{"0":"post-700211","1":"product","2":"type-product","3":"status-publish","5":"product_cat-genel-kavramlar-kuram-ve-tarihce","6":"product_cat-muzik","7":"pa_cilt-ciltsiz","8":"pa_tur-kitap","9":"pa_yayinevi-ayrinti-yayinlari","10":"pa_yazar-ugur-kucukkaplan","12":"first","13":"instock","14":"sale","15":"shipping-taxable","16":"purchasable","17":"product-type-simple"},"_links":{"self":[{"href":"https:\/\/roveyayinevi.com.tr\/index.php\/wp-json\/wp\/v2\/product\/700211","targetHints":{"allow":["GET"]}}],"collection":[{"href":"https:\/\/roveyayinevi.com.tr\/index.php\/wp-json\/wp\/v2\/product"}],"about":[{"href":"https:\/\/roveyayinevi.com.tr\/index.php\/wp-json\/wp\/v2\/types\/product"}],"wp:attachment":[{"href":"https:\/\/roveyayinevi.com.tr\/index.php\/wp-json\/wp\/v2\/media?parent=700211"}],"wp:term":[{"taxonomy":"product_brand","embeddable":true,"href":"https:\/\/roveyayinevi.com.tr\/index.php\/wp-json\/wp\/v2\/product_brand?post=700211"},{"taxonomy":"product_cat","embeddable":true,"href":"https:\/\/roveyayinevi.com.tr\/index.php\/wp-json\/wp\/v2\/product_cat?post=700211"},{"taxonomy":"product_tag","embeddable":true,"href":"https:\/\/roveyayinevi.com.tr\/index.php\/wp-json\/wp\/v2\/product_tag?post=700211"}],"curies":[{"name":"wp","href":"https:\/\/api.w.org\/{rel}","templated":true}]}}