{"id":700206,"date":"2025-08-27T14:56:30","date_gmt":"2025-08-27T11:56:30","guid":{"rendered":"https:\/\/roveyayinevi.com.tr\/index.php\/urun\/genc-bir-romanciya-mektuplar\/"},"modified":"2026-04-16T02:09:34","modified_gmt":"2026-04-15T23:09:34","slug":"genc-bir-romanciya-mektuplar","status":"publish","type":"product","link":"https:\/\/roveyayinevi.com.tr\/index.php\/urun\/genc-bir-romanciya-mektuplar\/","title":{"rendered":"Gen\u00e7 Bir Romanc\u0131ya Mektuplar"},"content":{"rendered":"<p>Edebiyat akl\u0131 ve sa\u011fduyuyu \u00e7al\u0131\u015ft\u0131r\u0131r; edebi yarat\u0131c\u0131l\u0131ktaysa bu unsurlar\u0131n yan\u0131nda sezgiye, duyarl\u0131l\u0131\u011fa ve tahmine, hatta ele\u015ftirel bak\u0131\u015f\u0131n a\u011f\u0131ndan kurtulmay\u0131 her seferinde ba\u015faran \u015fansa bile yer vard\u0131r. \u0130\u015fte bu y\u00fczden, yarat\u0131c\u0131l\u0131k ba\u015fkas\u0131ndan \u00f6\u011frenilmez; yarat\u0131c\u0131 olman\u0131n tek yolu okumak ve yazmakt\u0131r. Gerisini insan kendi ba\u015f\u0131na, pes etmeden d\u00fc\u015fe kalka \u00f6\u011frenir. Llosa Gen\u00e7 Bir Romanc\u0131ya Mektuplar\u2019da roman sanat\u0131 hakk\u0131ndaki d\u00fc\u015f\u00fcncelerini aktar\u0131yor. Konu, bi\u00e7im, \u00fcslup, zaman, mek\u00e2n, anlat\u0131c\u0131, karakter, ger\u00e7eklik gibi unsurlar\u0131 kapsaml\u0131 ve \u00e7arp\u0131c\u0131 \u00f6rneklerle incelemekle kalm\u0131yor, yaz\u0131m sanat\u0131yla ya\u015fam aras\u0131ndaki ili\u015fkiyi de sorguluyor. 2010 Nobel Edebiyat \u00d6d\u00fcl\u00fc sahibi yazar, edebiyat tutkusunun filizlendi\u011fi Peru\u2019daki gen\u00e7lik g\u00fcnlerinden ba\u015flayan on iki mektupta, Miguel de Cervantes, Gabriel Garc\u00eda M\u00e1rquez, Jorge Luis Borges, Julio Cort\u00e1zar, James Joyce, Gustave Flaubert, Virginia Woolf, Ernest Hemingway, Alain Robbe-Grillet, Herman Melville, Marcel Proust ve Franz Kafka\u2019n\u0131n da aralar\u0131nda bulundu\u011fu bir\u00e7ok yazar\u0131n eserlerini ve fikirlerini ele al\u0131yor, hem gen\u00e7 romanc\u0131lar i\u00e7in bir yol haritas\u0131 \u00e7\u0131kar\u0131yor hem de roman sanat\u0131na a\u015fina olanlar\u0131n al\u0131\u015fkanl\u0131klar\u0131n\u0131 g\u00f6zden ge\u00e7irmelerini \u00f6neriyor. \ufffcTan\u0131t\u0131m Metni<\/p>\n","protected":false},"excerpt":{"rendered":"<p>Edebiyat akl\u0131 ve sa\u011fduyuyu \u00e7al\u0131\u015ft\u0131r\u0131r; edebi yarat\u0131c\u0131l\u0131ktaysa bu unsurlar\u0131n yan\u0131nda sezgiye, duyarl\u0131l\u0131\u011fa ve tahmine, hatta ele\u015ftirel bak\u0131\u015f\u0131n a\u011f\u0131ndan kurtulmay\u0131 her seferinde ba\u015faran \u015fansa bile yer vard\u0131r.<span class=\"excerpt-hellip\"> [\u2026]<\/span><\/p>\n","protected":false},"featured_media":0,"template":"","meta":{"_monsterinsights_skip_tracking":false,"_monsterinsights_sitenote_active":false,"_monsterinsights_sitenote_note":"","_monsterinsights_sitenote_category":0},"product_brand":[],"product_cat":[12291,13113],"product_tag":[],"class_list":{"0":"post-700206","1":"product","2":"type-product","3":"status-publish","5":"product_cat-edebiyat","6":"product_cat-ispanyol-edebiyati","7":"pa_cilt-ciltsiz","8":"pa_tur-kitap","9":"pa_yayinevi-can-yayinlari","10":"pa_yazar-mario-vargas-llosa","12":"first","13":"instock","14":"sale","15":"shipping-taxable","16":"purchasable","17":"product-type-simple"},"_links":{"self":[{"href":"https:\/\/roveyayinevi.com.tr\/index.php\/wp-json\/wp\/v2\/product\/700206","targetHints":{"allow":["GET"]}}],"collection":[{"href":"https:\/\/roveyayinevi.com.tr\/index.php\/wp-json\/wp\/v2\/product"}],"about":[{"href":"https:\/\/roveyayinevi.com.tr\/index.php\/wp-json\/wp\/v2\/types\/product"}],"wp:attachment":[{"href":"https:\/\/roveyayinevi.com.tr\/index.php\/wp-json\/wp\/v2\/media?parent=700206"}],"wp:term":[{"taxonomy":"product_brand","embeddable":true,"href":"https:\/\/roveyayinevi.com.tr\/index.php\/wp-json\/wp\/v2\/product_brand?post=700206"},{"taxonomy":"product_cat","embeddable":true,"href":"https:\/\/roveyayinevi.com.tr\/index.php\/wp-json\/wp\/v2\/product_cat?post=700206"},{"taxonomy":"product_tag","embeddable":true,"href":"https:\/\/roveyayinevi.com.tr\/index.php\/wp-json\/wp\/v2\/product_tag?post=700206"}],"curies":[{"name":"wp","href":"https:\/\/api.w.org\/{rel}","templated":true}]}}