{"id":700204,"date":"2025-08-27T14:56:30","date_gmt":"2025-08-27T11:56:30","guid":{"rendered":"https:\/\/roveyayinevi.com.tr\/index.php\/urun\/ozgunlugun-sosyolojisi\/"},"modified":"2026-04-16T02:09:34","modified_gmt":"2026-04-15T23:09:34","slug":"ozgunlugun-sosyolojisi","status":"publish","type":"product","link":"https:\/\/roveyayinevi.com.tr\/index.php\/urun\/ozgunlugun-sosyolojisi\/","title":{"rendered":"\u00d6zg\u00fcnl\u00fc\u011f\u00fcn Sosyolojisi"},"content":{"rendered":"<p>Yazar\u0131n daha \u00f6nce yay\u0131mlanm\u0131\u015f baz\u0131 makale ve \u00e7e\u015fitli kongrelerde sundu\u011fu baz\u0131 bildirileri yeniden d\u00fczenleyerek olu\u015fturdu\u011fu bu kitap T\u00fcrk sosyolojisine olan gereksinime bir cevap niteli\u011fi ta\u015f\u0131may\u0131 ama\u00e7lam\u0131\u015ft\u0131r. Kitap T\u00fcrk d\u00fc\u015f\u00fcnce d\u00fcnyas\u0131n\u0131n kap\u0131lar\u0131n\u0131 aralamak ve bu d\u00fcnyada bir gezinti yapmak olana\u011f\u0131 vererek okuyucuya T\u00fcrk toplumunun \u00f6zg\u00fcnl\u00fc\u011f\u00fc \u00fczerine fikirler vermektedir. &#8230; \ufffc<\/p>\n","protected":false},"excerpt":{"rendered":"<p>Yazar\u0131n daha \u00f6nce yay\u0131mlanm\u0131\u015f baz\u0131 makale ve \u00e7e\u015fitli kongrelerde sundu\u011fu baz\u0131 bildirileri yeniden d\u00fczenleyerek olu\u015fturdu\u011fu bu kitap T\u00fcrk sosyolojisine olan gereksinime bir cevap niteli\u011fi ta\u015f\u0131may\u0131 ama\u00e7lam\u0131\u015ft\u0131r.<span class=\"excerpt-hellip\"> [\u2026]<\/span><\/p>\n","protected":false},"featured_media":0,"template":"","meta":{"_monsterinsights_skip_tracking":false,"_monsterinsights_sitenote_active":false,"_monsterinsights_sitenote_note":"","_monsterinsights_sitenote_category":0},"product_brand":[],"product_cat":[12835,12324],"product_tag":[],"class_list":{"0":"post-700204","1":"product","2":"type-product","3":"status-publish","5":"product_cat-genel-sosyoloji","6":"product_cat-sosyoloji","7":"pa_cilt-ciltsiz","8":"pa_tur-kitap","9":"pa_yayinevi-ani-yayincilik","10":"pa_yazar-sezgin-kizilcelik","12":"first","13":"instock","14":"sale","15":"shipping-taxable","16":"purchasable","17":"product-type-simple"},"_links":{"self":[{"href":"https:\/\/roveyayinevi.com.tr\/index.php\/wp-json\/wp\/v2\/product\/700204","targetHints":{"allow":["GET"]}}],"collection":[{"href":"https:\/\/roveyayinevi.com.tr\/index.php\/wp-json\/wp\/v2\/product"}],"about":[{"href":"https:\/\/roveyayinevi.com.tr\/index.php\/wp-json\/wp\/v2\/types\/product"}],"wp:attachment":[{"href":"https:\/\/roveyayinevi.com.tr\/index.php\/wp-json\/wp\/v2\/media?parent=700204"}],"wp:term":[{"taxonomy":"product_brand","embeddable":true,"href":"https:\/\/roveyayinevi.com.tr\/index.php\/wp-json\/wp\/v2\/product_brand?post=700204"},{"taxonomy":"product_cat","embeddable":true,"href":"https:\/\/roveyayinevi.com.tr\/index.php\/wp-json\/wp\/v2\/product_cat?post=700204"},{"taxonomy":"product_tag","embeddable":true,"href":"https:\/\/roveyayinevi.com.tr\/index.php\/wp-json\/wp\/v2\/product_tag?post=700204"}],"curies":[{"name":"wp","href":"https:\/\/api.w.org\/{rel}","templated":true}]}}