{"id":700203,"date":"2025-08-27T14:56:30","date_gmt":"2025-08-27T11:56:30","guid":{"rendered":"https:\/\/roveyayinevi.com.tr\/index.php\/urun\/kuramdan-uygulamaya-edebiyat-calismalari\/"},"modified":"2026-04-16T02:09:34","modified_gmt":"2026-04-15T23:09:34","slug":"kuramdan-uygulamaya-edebiyat-calismalari","status":"publish","type":"product","link":"https:\/\/roveyayinevi.com.tr\/index.php\/urun\/kuramdan-uygulamaya-edebiyat-calismalari\/","title":{"rendered":"Kuramdan Uygulamaya Edebiyat \u00c7al\u0131\u015fmalar\u0131"},"content":{"rendered":"<p>Tatmin edici bir bilimsel \u00e7al\u0131\u015fma ortaya koyabilmek, heyecan verici oldu\u011fu kadar zor bir s\u00fcre\u00e7tir. Bunun temel sebebi, metot bilgisi eksikli\u011fidir. Halbuki bilim, g\u00fcc\u00fcn\u00fc metodundan al\u0131r ve metot, bir edebiyat ara\u015ft\u0131r\u0131c\u0131s\u0131n\u0131 tutarl\u0131, ge\u00e7erli, yayg\u0131n, denemi\u015f ve optimal \u015fartlar\u0131 ta\u015f\u0131yan bir ara\u015ft\u0131rmaya g\u00f6t\u00fcr\u00fcr. Lisans ve lisans\u00fcst\u00fc ara\u015ft\u0131rmalar farkl\u0131 seviyelerde farkl\u0131 beceriler gerektirir. Edebiyat \u00e7al\u0131\u015fmas\u0131 yapmak isteyen herkes i\u00e7in bir el kitab\u0131 olarak tasarlanan bu kitapta ara\u015ft\u0131rmac\u0131lara alan\u0131n gerektirdi\u011fi bilgi ve beceriler edindirilmeye \u00e7al\u0131\u015f\u0131lm\u0131\u015ft\u0131r: Bilimsel bir \u00e7al\u0131\u015fma i\u00e7in gerekli entelekt\u00fcel s\u00fcre\u00e7lere ve bu s\u00fcre\u00e7lerde yap\u0131lan hatalara dair bir fark\u0131ndal\u0131k kazand\u0131rmak da \u00e7al\u0131\u015fman\u0131n hedefleri aras\u0131ndad\u0131r. B\u00f6ylesi bir fark\u0131ndal\u0131k, sadece T\u00fcrkoloji \u00f6\u011frencileri i\u00e7in de\u011fil; di\u011fer filoloji \u00f6\u011frencileri, e\u011fitim fak\u00fcltelerindeki dil ve edebiyat\u0131 e\u011fitimi \u00f6\u011frencileri i\u00e7in de akademik s\u00fcre\u00e7leri heyecan verici k\u0131labilecektir. <\/p>\n","protected":false},"excerpt":{"rendered":"<p>Tatmin edici bir bilimsel \u00e7al\u0131\u015fma ortaya koyabilmek, heyecan verici oldu\u011fu kadar zor bir s\u00fcre\u00e7tir. Bunun temel sebebi, metot bilgisi eksikli\u011fidir. Halbuki bilim, g\u00fcc\u00fcn\u00fc metodundan al\u0131r ve<span class=\"excerpt-hellip\"> [\u2026]<\/span><\/p>\n","protected":false},"featured_media":0,"template":"","meta":{"_monsterinsights_skip_tracking":false,"_monsterinsights_sitenote_active":false,"_monsterinsights_sitenote_note":"","_monsterinsights_sitenote_category":0},"product_brand":[],"product_cat":[20225,12291],"product_tag":[],"class_list":{"0":"post-700203","1":"product","2":"type-product","3":"status-publish","5":"product_cat-dil-bilim","6":"product_cat-edebiyat","7":"pa_cilt-ciltsiz","8":"pa_tur-kitap","9":"pa_yayinevi-ani-yayincilik","10":"pa_yazar-omer-solak","12":"first","13":"instock","14":"sale","15":"shipping-taxable","16":"purchasable","17":"product-type-simple"},"_links":{"self":[{"href":"https:\/\/roveyayinevi.com.tr\/index.php\/wp-json\/wp\/v2\/product\/700203","targetHints":{"allow":["GET"]}}],"collection":[{"href":"https:\/\/roveyayinevi.com.tr\/index.php\/wp-json\/wp\/v2\/product"}],"about":[{"href":"https:\/\/roveyayinevi.com.tr\/index.php\/wp-json\/wp\/v2\/types\/product"}],"wp:attachment":[{"href":"https:\/\/roveyayinevi.com.tr\/index.php\/wp-json\/wp\/v2\/media?parent=700203"}],"wp:term":[{"taxonomy":"product_brand","embeddable":true,"href":"https:\/\/roveyayinevi.com.tr\/index.php\/wp-json\/wp\/v2\/product_brand?post=700203"},{"taxonomy":"product_cat","embeddable":true,"href":"https:\/\/roveyayinevi.com.tr\/index.php\/wp-json\/wp\/v2\/product_cat?post=700203"},{"taxonomy":"product_tag","embeddable":true,"href":"https:\/\/roveyayinevi.com.tr\/index.php\/wp-json\/wp\/v2\/product_tag?post=700203"}],"curies":[{"name":"wp","href":"https:\/\/api.w.org\/{rel}","templated":true}]}}