{"id":700202,"date":"2025-08-27T14:56:29","date_gmt":"2025-08-27T11:56:29","guid":{"rendered":"https:\/\/roveyayinevi.com.tr\/index.php\/urun\/egitim-orgutlerinde-insan-kaynaklari-yonetimi\/"},"modified":"2026-04-16T02:09:34","modified_gmt":"2026-04-15T23:09:34","slug":"egitim-orgutlerinde-insan-kaynaklari-yonetimi","status":"publish","type":"product","link":"https:\/\/roveyayinevi.com.tr\/index.php\/urun\/egitim-orgutlerinde-insan-kaynaklari-yonetimi\/","title":{"rendered":"E\u011fitim \u00d6rg\u00fctlerinde \u0130nsan Kaynaklar\u0131 Y\u00f6netimi"},"content":{"rendered":"<p>E\u011fitim, bireyi toplumsalla\u015ft\u0131ran ve d\u00f6n\u00fc\u015ft\u00fcren bir eylem alan\u0131d\u0131r. Birey ve toplum y\u00f6n\u00fcnden ta\u015f\u0131d\u0131\u011f\u0131 \u00f6nem nedeniyle, e\u011fitim \u00f6rg\u00fctlerinin ak\u0131lc\u0131 bir anlay\u0131\u015fla y\u00f6netilmesi gerekmektedir. E\u011fitim ve okul y\u00f6neticileri, e\u011fitimsel ama\u00e7lar\u0131n ba\u015far\u0131lmas\u0131 s\u00fcrecinde maddi varl\u0131klarla birlikte insan kayna\u011f\u0131n\u0131 i\u015fe ko\u015far. E\u011fitimin insan kayna\u011f\u0131, e\u011fitim alan\u0131nda hizmet \u00f6ncesinde yeti\u015ftirilmi\u015f ve belli ilkelere dayal\u0131 olarak istihdam edilmi\u015f olan \u00f6\u011fretmen, y\u00f6netici, denetmen ve e\u011fitim uzmanlar\u0131 gibi \u00e7e\u015fitli meslek gruplar\u0131ndan olu\u015fmaktad\u0131r. E\u011fitim \u00f6rg\u00fctlerinin sahip oldu\u011fu en de\u011ferli varl\u0131k, e\u011fitim hizmetlerinin farkl\u0131 t\u00fcr ve kademelerinde g\u00f6rev yapan insan kayna\u011f\u0131d\u0131r. \u0130nsan kayna\u011f\u0131n\u0131n etkili y\u00f6netimi, e\u011fitimsel hedeflerin ba\u015far\u0131lmas\u0131nda anahtar bir i\u015fleve sahiptir. \u0130nsan kaynaklar\u0131 y\u00f6netimi, a\u011f\u0131rl\u0131kl\u0131 olarak \u00f6zel sekt\u00f6r i\u015fletmelerinde kullan\u0131lan ve stratejik bir \u00f6neme sahip y\u00f6netsel bir ara\u00e7t\u0131r. Bunun \u00f6nemli bir nedeni, \u00f6zel sekt\u00f6r i\u015fletmelerinin yo\u011fun bir rekabet bask\u0131s\u0131 alt\u0131nda olmalar\u0131d\u0131r. Rekabet bask\u0131 alt\u0131nda faaliyetlerini y\u00fcr\u00fcten i\u015fletmeler, sahip olduklar\u0131 insan kayna\u011f\u0131ndan en \u00fcst d\u00fczeyde verim almay\u0131 ve dolay\u0131s\u0131yla rekabet edebilirliklerini g\u00fcvence alt\u0131na almaya \u00e7al\u0131\u015fmaktad\u0131r. B\u00f6ylece i\u015fletmeler, orta ve uzun d\u00f6nemli stratejik hedeflerine ula\u015fabilmektedir. Buna kar\u015f\u0131n kamu kesiminde faaliyet g\u00f6steren e\u011fitim \u00f6rg\u00fctleri, rekabet bask\u0131s\u0131 alt\u0131nda olmaman\u0131n verdi\u011fi g\u00f6rece rahatl\u0131ktan dolay\u0131, de\u011fi\u015fmeye, yenile\u015fmeye ve geli\u015fmeye diren\u00e7 g\u00f6stermektedir. \ufffcTan\u0131t\u0131m Metni<\/p>\n","protected":false},"excerpt":{"rendered":"<p>E\u011fitim, bireyi toplumsalla\u015ft\u0131ran ve d\u00f6n\u00fc\u015ft\u00fcren bir eylem alan\u0131d\u0131r. Birey ve toplum y\u00f6n\u00fcnden ta\u015f\u0131d\u0131\u011f\u0131 \u00f6nem nedeniyle, e\u011fitim \u00f6rg\u00fctlerinin ak\u0131lc\u0131 bir anlay\u0131\u015fla y\u00f6netilmesi gerekmektedir. E\u011fitim ve okul y\u00f6neticileri,<span class=\"excerpt-hellip\"> [\u2026]<\/span><\/p>\n","protected":false},"featured_media":0,"template":"","meta":{"_monsterinsights_skip_tracking":false,"_monsterinsights_sitenote_active":false,"_monsterinsights_sitenote_note":"","_monsterinsights_sitenote_category":0},"product_brand":[],"product_cat":[13043,14754],"product_tag":[],"class_list":{"0":"post-700202","1":"product","2":"type-product","3":"status-publish","5":"product_cat-ekonomi","6":"product_cat-halkla-iliskiler-insan-kaynaklari","7":"pa_cilt-ciltsiz","8":"pa_tur-kitap","9":"pa_yayinevi-ani-yayincilik","10":"pa_yazar-murat-ozdemir","12":"first","13":"instock","14":"sale","15":"shipping-taxable","16":"purchasable","17":"product-type-simple"},"_links":{"self":[{"href":"https:\/\/roveyayinevi.com.tr\/index.php\/wp-json\/wp\/v2\/product\/700202","targetHints":{"allow":["GET"]}}],"collection":[{"href":"https:\/\/roveyayinevi.com.tr\/index.php\/wp-json\/wp\/v2\/product"}],"about":[{"href":"https:\/\/roveyayinevi.com.tr\/index.php\/wp-json\/wp\/v2\/types\/product"}],"wp:attachment":[{"href":"https:\/\/roveyayinevi.com.tr\/index.php\/wp-json\/wp\/v2\/media?parent=700202"}],"wp:term":[{"taxonomy":"product_brand","embeddable":true,"href":"https:\/\/roveyayinevi.com.tr\/index.php\/wp-json\/wp\/v2\/product_brand?post=700202"},{"taxonomy":"product_cat","embeddable":true,"href":"https:\/\/roveyayinevi.com.tr\/index.php\/wp-json\/wp\/v2\/product_cat?post=700202"},{"taxonomy":"product_tag","embeddable":true,"href":"https:\/\/roveyayinevi.com.tr\/index.php\/wp-json\/wp\/v2\/product_tag?post=700202"}],"curies":[{"name":"wp","href":"https:\/\/api.w.org\/{rel}","templated":true}]}}