{"id":700199,"date":"2025-08-27T14:56:29","date_gmt":"2025-08-27T11:56:29","guid":{"rendered":"https:\/\/roveyayinevi.com.tr\/index.php\/urun\/tekerrur\/"},"modified":"2026-04-16T02:09:33","modified_gmt":"2026-04-15T23:09:33","slug":"tekerrur","status":"publish","type":"product","link":"https:\/\/roveyayinevi.com.tr\/index.php\/urun\/tekerrur\/","title":{"rendered":"Tekerr\u00fcr"},"content":{"rendered":"<p>\u201cUmut, ki\u015finin elinden kay\u0131p giden g\u00fczel bir bakiredir; hat\u0131rlama, ki\u015finin \u015fimdi tatmin olmayaca\u011f\u0131 g\u00fczel ama ya\u015fl\u0131 bir kad\u0131nd\u0131r; tekerr\u00fcr, hi\u00e7bir zaman kendisinden b\u0131k\u0131lmayan sevilen e\u015ftir, \u00e7\u00fcnk\u00fc ki\u015fi sadece yeni bir \u015feyden b\u0131kar&#8230; Tekerr\u00fcr\u00fcn diyalekti\u011fi kolayd\u0131r, \u00e7\u00fcnk\u00fc tekrar edilen var olur \u2013 aksi takdirde tekrar edilemezdi \u2013 ama varolmas\u0131 tekerr\u00fcr\u00fc yeni bir \u015feye d\u00f6n\u00fc\u015ft\u00fcr\u00fcr&#8230; E\u011fer Tanr\u0131\u2019n\u0131n kendisi tekerr\u00fcr\u00fc istemi\u015f olmasayd\u0131, d\u00fcnya varolmazd\u0131&#8230;\u201dTekerr\u00fcr 1843 y\u0131l\u0131nda yay\u0131nland\u0131. Korku ve Titreme ile ayn\u0131 y\u0131lda. Kierkegaard sadece 31 ya\u015f\u0131ndayd\u0131. Eser, Kierkegaard\u2019\u0131n Regine Olsen ile ili\u015fkisinde ya\u015fad\u0131\u011f\u0131 \u0131st\u0131raplar\u0131n a\u00e7\u0131\u011fa \u00e7\u0131kt\u0131\u011f\u0131 otobiyografik \u00f6zelliklere sahiptir. <\/p>\n","protected":false},"excerpt":{"rendered":"<p>\u201cUmut, ki\u015finin elinden kay\u0131p giden g\u00fczel bir bakiredir; hat\u0131rlama, ki\u015finin \u015fimdi tatmin olmayaca\u011f\u0131 g\u00fczel ama ya\u015fl\u0131 bir kad\u0131nd\u0131r; tekerr\u00fcr, hi\u00e7bir zaman kendisinden b\u0131k\u0131lmayan sevilen e\u015ftir, \u00e7\u00fcnk\u00fc<span class=\"excerpt-hellip\"> [\u2026]<\/span><\/p>\n","protected":false},"featured_media":0,"template":"","meta":{"_monsterinsights_skip_tracking":false,"_monsterinsights_sitenote_active":false,"_monsterinsights_sitenote_note":"","_monsterinsights_sitenote_category":0},"product_brand":[],"product_cat":[12358,12357],"product_tag":[],"class_list":{"0":"post-700199","1":"product","2":"type-product","3":"status-publish","5":"product_cat-genel-psikoloji","6":"product_cat-psikoloji","7":"pa_tur-kitap","8":"pa_yayinevi-pinhan-yayincilik","9":"pa_yazar-soren-kierkegaard","11":"first","12":"instock","13":"sale","14":"shipping-taxable","15":"purchasable","16":"product-type-simple"},"_links":{"self":[{"href":"https:\/\/roveyayinevi.com.tr\/index.php\/wp-json\/wp\/v2\/product\/700199","targetHints":{"allow":["GET"]}}],"collection":[{"href":"https:\/\/roveyayinevi.com.tr\/index.php\/wp-json\/wp\/v2\/product"}],"about":[{"href":"https:\/\/roveyayinevi.com.tr\/index.php\/wp-json\/wp\/v2\/types\/product"}],"wp:attachment":[{"href":"https:\/\/roveyayinevi.com.tr\/index.php\/wp-json\/wp\/v2\/media?parent=700199"}],"wp:term":[{"taxonomy":"product_brand","embeddable":true,"href":"https:\/\/roveyayinevi.com.tr\/index.php\/wp-json\/wp\/v2\/product_brand?post=700199"},{"taxonomy":"product_cat","embeddable":true,"href":"https:\/\/roveyayinevi.com.tr\/index.php\/wp-json\/wp\/v2\/product_cat?post=700199"},{"taxonomy":"product_tag","embeddable":true,"href":"https:\/\/roveyayinevi.com.tr\/index.php\/wp-json\/wp\/v2\/product_tag?post=700199"}],"curies":[{"name":"wp","href":"https:\/\/api.w.org\/{rel}","templated":true}]}}