{"id":700198,"date":"2025-08-27T14:56:28","date_gmt":"2025-08-27T11:56:28","guid":{"rendered":"https:\/\/roveyayinevi.com.tr\/index.php\/urun\/ruhsal-birliktelik\/"},"modified":"2026-03-13T02:09:59","modified_gmt":"2026-03-12T23:09:59","slug":"ruhsal-birliktelik","status":"publish","type":"product","link":"https:\/\/roveyayinevi.com.tr\/index.php\/urun\/ruhsal-birliktelik\/","title":{"rendered":"Ruhsal Birliktelik"},"content":{"rendered":"<p>Ger\u00e7ek G\u00fcce Yolculuk D\u00fcnya Art\u0131k Tek Bir Nokta Etraf\u0131nda D\u00f6n\u00fcyor Ve Bu Nokta Sizin \u0130\u00e7inizde! <\/p>\n","protected":false},"excerpt":{"rendered":"<p>Ger\u00e7ek G\u00fcce Yolculuk D\u00fcnya Art\u0131k Tek Bir Nokta Etraf\u0131nda D\u00f6n\u00fcyor Ve Bu Nokta Sizin \u0130\u00e7inizde!<\/p>\n","protected":false},"featured_media":0,"template":"","meta":{"_monsterinsights_skip_tracking":false,"_monsterinsights_sitenote_active":false,"_monsterinsights_sitenote_note":"","_monsterinsights_sitenote_category":0},"product_brand":[],"product_cat":[12364,12376],"product_tag":[],"class_list":{"0":"post-700198","1":"product","2":"type-product","3":"status-publish","5":"product_cat-genel-konular","6":"product_cat-kisisel-gelisim","7":"pa_tur-kitap","8":"pa_yayinevi-pegasus-yayinlari","9":"pa_yazar-gary-zukav","11":"first","12":"instock","13":"sale","14":"shipping-taxable","15":"purchasable","16":"product-type-simple"},"_links":{"self":[{"href":"https:\/\/roveyayinevi.com.tr\/index.php\/wp-json\/wp\/v2\/product\/700198","targetHints":{"allow":["GET"]}}],"collection":[{"href":"https:\/\/roveyayinevi.com.tr\/index.php\/wp-json\/wp\/v2\/product"}],"about":[{"href":"https:\/\/roveyayinevi.com.tr\/index.php\/wp-json\/wp\/v2\/types\/product"}],"wp:attachment":[{"href":"https:\/\/roveyayinevi.com.tr\/index.php\/wp-json\/wp\/v2\/media?parent=700198"}],"wp:term":[{"taxonomy":"product_brand","embeddable":true,"href":"https:\/\/roveyayinevi.com.tr\/index.php\/wp-json\/wp\/v2\/product_brand?post=700198"},{"taxonomy":"product_cat","embeddable":true,"href":"https:\/\/roveyayinevi.com.tr\/index.php\/wp-json\/wp\/v2\/product_cat?post=700198"},{"taxonomy":"product_tag","embeddable":true,"href":"https:\/\/roveyayinevi.com.tr\/index.php\/wp-json\/wp\/v2\/product_tag?post=700198"}],"curies":[{"name":"wp","href":"https:\/\/api.w.org\/{rel}","templated":true}]}}