{"id":700197,"date":"2025-08-27T14:56:28","date_gmt":"2025-08-27T11:56:28","guid":{"rendered":"https:\/\/roveyayinevi.com.tr\/index.php\/urun\/dil-etkinlikleri\/"},"modified":"2026-04-16T02:09:33","modified_gmt":"2026-04-15T23:09:33","slug":"dil-etkinlikleri","status":"publish","type":"product","link":"https:\/\/roveyayinevi.com.tr\/index.php\/urun\/dil-etkinlikleri\/","title":{"rendered":"Dil Etkinlikleri"},"content":{"rendered":"<p>\u00c7ocu\u011fun dili kullanmay\u0131 \u00f6\u011frenmesi, bili\u015fsel geli\u015fiminin en \u00f6nemli g\u00f6stergelerinden biridir. Dil geli\u015fimi, sosyal ve duygusal geli\u015fimin de destekleyicisidir. Dil, belirli kurallara dayal\u0131 semboller sistemidir. Konu\u015fma ise, dili kullanarak s\u00f6zl\u00fc ileti\u015fim kurma y\u00f6ntemidir. Yap\u0131lan \u00e7al\u0131\u015fmalar, geli\u015fimin do\u011fum \u00f6ncesinden ba\u015flad\u0131\u011f\u0131 g\u00f6r\u00fc\u015f\u00fcne dayanarak, \u00e7ocu\u011fun dil ile ilgili becerileri de bu andan itibaren \u00f6\u011frendi\u011fini ortaya koymaktad\u0131r. Dil geli\u015fimi \u00fczerinde, \u00e7ocu\u011fun biyolojik potansiyelinin yan\u0131 s\u0131ra, \u00e7evrenin ve e\u011fitimin etkisi de kritik rol oynamaktad\u0131r. Bu nedenle \u00e7ocu\u011fun ana dilini kazan\u0131rken ge\u00e7irdi\u011fi her geli\u015fim a\u015famas\u0131nda, e\u011fitimin destekleyici rol\u00fcnden yararlanmak son derece \u00f6nemlidir. Dil geli\u015fiminin ilk d\u00f6nemlerinde \u00e7ocu\u011fun, konu\u015fmas\u0131 i\u00e7in desteklenmeye, uygun ortamlar yarat\u0131lmas\u0131na, yeterli ve uygun uyar\u0131c\u0131lar sunulmas\u0131na gereksinimi vard\u0131r. \u00c7\u00fcnk\u00fc \u00e7ocukta dilin geli\u015fmesi, hem onun olgunla\u015fmas\u0131na hem de ya\u015fant\u0131lar\u0131 arac\u0131l\u0131\u011f\u0131yla \u00f6\u011frenmesine dayan\u0131r. \u00c7ocu\u011fun en etkin oldu\u011fu okul \u00f6ncesi d\u00f6nemde, e\u011fitim program\u0131nda yer verilen dil geli\u015fimini destekleyici etkinliklerin planlanmas\u0131 ve uygulanmas\u0131nda e\u011fitimcinin en \u00f6nemli rol\u00fc, \u00e7ocuklar\u0131n dil geli\u015fimini desteklemek ve bunu yaparken farkl\u0131 y\u00f6ntem ve teknikler kullanmak ve uygulad\u0131\u011f\u0131 etkinliklerden \u00e7ocuklar\u0131n zevk almalar\u0131n\u0131 sa\u011flamak olmal\u0131d\u0131r. \u00c7ocuklar\u0131n zevk almalar\u0131, etkinliklere kat\u0131l\u0131mlar\u0131n\u0131 te\u015fvik ederek \u00f6\u011frendiklerini i\u00e7selle\u015ftirmelerini kolayla\u015ft\u0131r\u0131r. Bu ba\u011flamda dil becerilerinin geli\u015fiminde dil etkinliklerinin \u00f6zellikleri, e\u011fitim ortam\u0131n\u0131n d\u00fczenlenmesi, kullan\u0131lan y\u00f6ntem ve teknikler en \u00f6nemli belirleyici unsurlar olarak dikkate al\u0131nmal\u0131d\u0131r. <\/p>\n","protected":false},"excerpt":{"rendered":"<p>\u00c7ocu\u011fun dili kullanmay\u0131 \u00f6\u011frenmesi, bili\u015fsel geli\u015fiminin en \u00f6nemli g\u00f6stergelerinden biridir. Dil geli\u015fimi, sosyal ve duygusal geli\u015fimin de destekleyicisidir. Dil, belirli kurallara dayal\u0131 semboller sistemidir. Konu\u015fma ise,<span class=\"excerpt-hellip\"> [\u2026]<\/span><\/p>\n","protected":false},"featured_media":0,"template":"","meta":{"_monsterinsights_skip_tracking":false,"_monsterinsights_sitenote_active":false,"_monsterinsights_sitenote_note":"","_monsterinsights_sitenote_category":0},"product_brand":[],"product_cat":[12831,12324],"product_tag":[],"class_list":{"0":"post-700197","1":"product","2":"type-product","3":"status-publish","5":"product_cat-aile-ve-cocuk","6":"product_cat-sosyoloji","7":"pa_tur-kitap","8":"pa_yayinevi-efil-yayinevi","9":"pa_yazar-adalet-kandir","11":"first","12":"instock","13":"sale","14":"shipping-taxable","15":"purchasable","16":"product-type-simple"},"_links":{"self":[{"href":"https:\/\/roveyayinevi.com.tr\/index.php\/wp-json\/wp\/v2\/product\/700197","targetHints":{"allow":["GET"]}}],"collection":[{"href":"https:\/\/roveyayinevi.com.tr\/index.php\/wp-json\/wp\/v2\/product"}],"about":[{"href":"https:\/\/roveyayinevi.com.tr\/index.php\/wp-json\/wp\/v2\/types\/product"}],"wp:attachment":[{"href":"https:\/\/roveyayinevi.com.tr\/index.php\/wp-json\/wp\/v2\/media?parent=700197"}],"wp:term":[{"taxonomy":"product_brand","embeddable":true,"href":"https:\/\/roveyayinevi.com.tr\/index.php\/wp-json\/wp\/v2\/product_brand?post=700197"},{"taxonomy":"product_cat","embeddable":true,"href":"https:\/\/roveyayinevi.com.tr\/index.php\/wp-json\/wp\/v2\/product_cat?post=700197"},{"taxonomy":"product_tag","embeddable":true,"href":"https:\/\/roveyayinevi.com.tr\/index.php\/wp-json\/wp\/v2\/product_tag?post=700197"}],"curies":[{"name":"wp","href":"https:\/\/api.w.org\/{rel}","templated":true}]}}