{"id":700195,"date":"2025-08-27T14:56:28","date_gmt":"2025-08-27T11:56:28","guid":{"rendered":"https:\/\/roveyayinevi.com.tr\/index.php\/urun\/karsilasmalar\/"},"modified":"2026-04-16T02:09:33","modified_gmt":"2026-04-15T23:09:33","slug":"karsilasmalar","status":"publish","type":"product","link":"https:\/\/roveyayinevi.com.tr\/index.php\/urun\/karsilasmalar\/","title":{"rendered":"Kar\u015f\u0131la\u015fmalar"},"content":{"rendered":"<p>\u201cEskiden romanlar\u0131n sonuna \u2018Bitti\u2019, \u2018Son\u2019 gibi notlar d\u00fc\u015f\u00fcl\u00fcrd\u00fc. Bu, daha \u00e7ok, olay aktaran, ser\u00fcven aktaran romanlar i\u00e7in ge\u00e7erli. Okur da buna al\u0131\u015fm\u0131\u015f, roman\u0131n sonunda \u2018Bitti\u2019yi g\u00f6remeyince son sayfalar\u0131n kopup yitti\u011fi duygusuna kap\u0131l\u0131rm\u0131\u015f. Hayat gibi roman\u0131n da biten de\u011fil, s\u00fcren bir \u015fey oldu\u011funu anlayan romanc\u0131, son sayfas\u0131ndan  \u2018Bitti\u2019, \u2018Son\u2019 uyar\u0131s\u0131n\u0131 kald\u0131r\u0131yor.\u201d <\/p>\n","protected":false},"excerpt":{"rendered":"<p>\u201cEskiden romanlar\u0131n sonuna \u2018Bitti\u2019, \u2018Son\u2019 gibi notlar d\u00fc\u015f\u00fcl\u00fcrd\u00fc. Bu, daha \u00e7ok, olay aktaran, ser\u00fcven aktaran romanlar i\u00e7in ge\u00e7erli. Okur da buna al\u0131\u015fm\u0131\u015f, roman\u0131n sonunda \u2018Bitti\u2019yi g\u00f6remeyince<span class=\"excerpt-hellip\"> [\u2026]<\/span><\/p>\n","protected":false},"featured_media":0,"template":"","meta":{"_monsterinsights_skip_tracking":false,"_monsterinsights_sitenote_active":false,"_monsterinsights_sitenote_note":"","_monsterinsights_sitenote_category":0},"product_brand":[],"product_cat":[12777,12291],"product_tag":[],"class_list":{"0":"post-700195","1":"product","2":"type-product","3":"status-publish","5":"product_cat-deneme","6":"product_cat-edebiyat","7":"pa_tur-kitap","8":"pa_yayinevi-everest-yayinlari","9":"pa_yazar-adalet-agaoglu","11":"first","12":"instock","13":"sale","14":"shipping-taxable","15":"purchasable","16":"product-type-simple"},"_links":{"self":[{"href":"https:\/\/roveyayinevi.com.tr\/index.php\/wp-json\/wp\/v2\/product\/700195","targetHints":{"allow":["GET"]}}],"collection":[{"href":"https:\/\/roveyayinevi.com.tr\/index.php\/wp-json\/wp\/v2\/product"}],"about":[{"href":"https:\/\/roveyayinevi.com.tr\/index.php\/wp-json\/wp\/v2\/types\/product"}],"wp:attachment":[{"href":"https:\/\/roveyayinevi.com.tr\/index.php\/wp-json\/wp\/v2\/media?parent=700195"}],"wp:term":[{"taxonomy":"product_brand","embeddable":true,"href":"https:\/\/roveyayinevi.com.tr\/index.php\/wp-json\/wp\/v2\/product_brand?post=700195"},{"taxonomy":"product_cat","embeddable":true,"href":"https:\/\/roveyayinevi.com.tr\/index.php\/wp-json\/wp\/v2\/product_cat?post=700195"},{"taxonomy":"product_tag","embeddable":true,"href":"https:\/\/roveyayinevi.com.tr\/index.php\/wp-json\/wp\/v2\/product_tag?post=700195"}],"curies":[{"name":"wp","href":"https:\/\/api.w.org\/{rel}","templated":true}]}}