{"id":700187,"date":"2025-08-27T14:56:25","date_gmt":"2025-08-27T11:56:25","guid":{"rendered":"https:\/\/roveyayinevi.com.tr\/index.php\/urun\/sufi-psikolojisi-2\/"},"modified":"2026-04-16T02:09:33","modified_gmt":"2026-04-15T23:09:33","slug":"sufi-psikolojisi-2","status":"publish","type":"product","link":"https:\/\/roveyayinevi.com.tr\/index.php\/urun\/sufi-psikolojisi-2\/","title":{"rendered":"Sufi Psikolojisi"},"content":{"rendered":"<p>Sufi g\u00fcne\u015f gibidir, yery\u00fcz\u00fcnde bulunan her \u015feyin \u00fczerine do\u011far.Yer gibidir, her \u015fey onu \u00e7i\u011fner.Su gibidir, her \u015fey onu i\u00e7er.Ate\u015f gibidir, her \u015fey ondan \u0131\u015f\u0131k al\u0131r.Yer gibidir, eziyete katlan\u0131r, ot bitirir. <\/p>\n","protected":false},"excerpt":{"rendered":"<p>Sufi g\u00fcne\u015f gibidir, yery\u00fcz\u00fcnde bulunan her \u015feyin \u00fczerine do\u011far.Yer gibidir, her \u015fey onu \u00e7i\u011fner.Su gibidir, her \u015fey onu i\u00e7er.Ate\u015f gibidir, her \u015fey ondan \u0131\u015f\u0131k al\u0131r.Yer gibidir,<span class=\"excerpt-hellip\"> [\u2026]<\/span><\/p>\n","protected":false},"featured_media":0,"template":"","meta":{"_monsterinsights_skip_tracking":false,"_monsterinsights_sitenote_active":false,"_monsterinsights_sitenote_note":"","_monsterinsights_sitenote_category":0},"product_brand":[],"product_cat":[12357],"product_tag":[],"class_list":{"0":"post-700187","1":"product","2":"type-product","3":"status-publish","5":"product_cat-psikoloji","6":"pa_tur-kitap","7":"pa_yayinevi-divan-kitap","8":"pa_yazar-ibrahim-isitan","10":"first","11":"instock","12":"sale","13":"shipping-taxable","14":"purchasable","15":"product-type-simple"},"_links":{"self":[{"href":"https:\/\/roveyayinevi.com.tr\/index.php\/wp-json\/wp\/v2\/product\/700187","targetHints":{"allow":["GET"]}}],"collection":[{"href":"https:\/\/roveyayinevi.com.tr\/index.php\/wp-json\/wp\/v2\/product"}],"about":[{"href":"https:\/\/roveyayinevi.com.tr\/index.php\/wp-json\/wp\/v2\/types\/product"}],"wp:attachment":[{"href":"https:\/\/roveyayinevi.com.tr\/index.php\/wp-json\/wp\/v2\/media?parent=700187"}],"wp:term":[{"taxonomy":"product_brand","embeddable":true,"href":"https:\/\/roveyayinevi.com.tr\/index.php\/wp-json\/wp\/v2\/product_brand?post=700187"},{"taxonomy":"product_cat","embeddable":true,"href":"https:\/\/roveyayinevi.com.tr\/index.php\/wp-json\/wp\/v2\/product_cat?post=700187"},{"taxonomy":"product_tag","embeddable":true,"href":"https:\/\/roveyayinevi.com.tr\/index.php\/wp-json\/wp\/v2\/product_tag?post=700187"}],"curies":[{"name":"wp","href":"https:\/\/api.w.org\/{rel}","templated":true}]}}