{"id":700186,"date":"2025-08-27T14:56:25","date_gmt":"2025-08-27T11:56:25","guid":{"rendered":"https:\/\/roveyayinevi.com.tr\/index.php\/urun\/kar-ve-kul-kisim-2\/"},"modified":"2026-04-16T02:09:33","modified_gmt":"2026-04-15T23:09:33","slug":"kar-ve-kul-kisim-2","status":"publish","type":"product","link":"https:\/\/roveyayinevi.com.tr\/index.php\/urun\/kar-ve-kul-kisim-2\/","title":{"rendered":"Kar ve K\u00fcl K\u0131s\u0131m: 2"},"content":{"rendered":"<p>Y\u0131l 1772, Amerikan Devrimi\u2019nin arifesi, isyan\u0131n fitili \u00e7oktan ate\u015flendi. \u0130nsanlar Boston sokaklar\u0131nda ve Kuzey Carolina\u2019n\u0131n ta\u015fras\u0131nda, ormanlardaki \u0131ss\u0131z kul\u00fcbelerde \u00f6ld\u00fcr\u00fcl\u00fcyor. Kaos patlak vermek \u00fczere, h\u00fck\u00fcmet Jamie Fraser\u2019dan, Kral ad\u0131na ta\u015fradakileri birle\u015ftirmesini ve koloniyi korumas\u0131n\u0131 istiyor. Ama Jamie kar\u0131s\u0131 sayesinde, \u00fc\u00e7 y\u0131l sonra silahlar\u0131n ate\u015flenece\u011fini ve bunun sonucunda ba\u011f\u0131ms\u0131zl\u0131\u011f\u0131n ilan edilece\u011fini -Kral\u2019a sad\u0131k olanlar\u0131nsa ya \u00f6ld\u00fcr\u00fcl\u00fcp ya da s\u00fcrg\u00fcne g\u00f6nderilece\u011fini- biliyor. 1776 y\u0131l\u0131ndan bir gazete kup\u00fcr\u00fcndeki Jamie ve ailesinin \u00f6lece\u011fi haberi ise daima Fraser ailesinin akl\u0131nda. Jamie zaman yolculu\u011fu yapan ailesinin bir kez olsun yan\u0131lm\u0131\u015f olmas\u0131n\u0131 umuyor. <\/p>\n","protected":false},"excerpt":{"rendered":"<p>Y\u0131l 1772, Amerikan Devrimi\u2019nin arifesi, isyan\u0131n fitili \u00e7oktan ate\u015flendi. \u0130nsanlar Boston sokaklar\u0131nda ve Kuzey Carolina\u2019n\u0131n ta\u015fras\u0131nda, ormanlardaki \u0131ss\u0131z kul\u00fcbelerde \u00f6ld\u00fcr\u00fcl\u00fcyor. Kaos patlak vermek \u00fczere, h\u00fck\u00fcmet Jamie<span class=\"excerpt-hellip\"> [\u2026]<\/span><\/p>\n","protected":false},"featured_media":0,"template":"","meta":{"_monsterinsights_skip_tracking":false,"_monsterinsights_sitenote_active":false,"_monsterinsights_sitenote_note":"","_monsterinsights_sitenote_category":0},"product_brand":[],"product_cat":[12291,12711],"product_tag":[],"class_list":{"0":"post-700186","1":"product","2":"type-product","3":"status-publish","5":"product_cat-edebiyat","6":"product_cat-roman-oyku","7":"pa_cilt-ciltsiz","8":"pa_tur-kitap","9":"pa_yayinevi-epsilon-yayinlari","10":"pa_yazar-diana-gabaldon","12":"first","13":"instock","14":"sale","15":"shipping-taxable","16":"purchasable","17":"product-type-simple"},"_links":{"self":[{"href":"https:\/\/roveyayinevi.com.tr\/index.php\/wp-json\/wp\/v2\/product\/700186","targetHints":{"allow":["GET"]}}],"collection":[{"href":"https:\/\/roveyayinevi.com.tr\/index.php\/wp-json\/wp\/v2\/product"}],"about":[{"href":"https:\/\/roveyayinevi.com.tr\/index.php\/wp-json\/wp\/v2\/types\/product"}],"wp:attachment":[{"href":"https:\/\/roveyayinevi.com.tr\/index.php\/wp-json\/wp\/v2\/media?parent=700186"}],"wp:term":[{"taxonomy":"product_brand","embeddable":true,"href":"https:\/\/roveyayinevi.com.tr\/index.php\/wp-json\/wp\/v2\/product_brand?post=700186"},{"taxonomy":"product_cat","embeddable":true,"href":"https:\/\/roveyayinevi.com.tr\/index.php\/wp-json\/wp\/v2\/product_cat?post=700186"},{"taxonomy":"product_tag","embeddable":true,"href":"https:\/\/roveyayinevi.com.tr\/index.php\/wp-json\/wp\/v2\/product_tag?post=700186"}],"curies":[{"name":"wp","href":"https:\/\/api.w.org\/{rel}","templated":true}]}}