{"id":700182,"date":"2025-08-27T14:56:24","date_gmt":"2025-08-27T11:56:24","guid":{"rendered":"https:\/\/roveyayinevi.com.tr\/index.php\/urun\/postayla-gelen-deniz-kabugu\/"},"modified":"2026-04-16T02:09:33","modified_gmt":"2026-04-15T23:09:33","slug":"postayla-gelen-deniz-kabugu","status":"publish","type":"product","link":"https:\/\/roveyayinevi.com.tr\/index.php\/urun\/postayla-gelen-deniz-kabugu\/","title":{"rendered":"Postayla Gelen Deniz Kabu\u011fu"},"content":{"rendered":"<p>&#8220;G\u00fcl\u00fcmseten \u00d6yk\u00fcler&#8221;i ve &#8220;Tombi\u015f Kitaplar&#8221;\u0131 \u00e7ok sevilen, mizah ustas\u0131, yazar Behi\u00e7 Ajk, Ya\u015fas\u0131n \u00c7 Harfi Karde\u015fli\u011fi! kitab\u0131yla sosyal medyan\u0131n ya\u015famlar\u0131m\u0131za etkisine dikkat \u00e7ekmi\u015fti. \u015eimdi yineg\u00fcl\u00fcmseten bir ele\u015ftiri yap\u0131yor. An\u0131 ya\u015famak yerine, onu teknolojik ara\u00e7larla kaydeden bir \u00e7ocu\u011fun sanal d\u00fcnyaya tutkusunu anlat\u0131yor. Roman, ilgin\u00e7 karakterleriyle de okuruna s\u00fcprizler sunuyor.Pantomimci babas\u0131n\u0131n ve avukat annesinin yo\u011fun i\u015f ya\u015famlar\u0131, Sude\u2019nin ailesiyle payla\u015ft\u0131\u011f\u0131 saatleri iyice azaltm\u0131\u015ft\u0131r. Arkada\u015f\u0131n\u0131n \u00f6nerisiyle bir tablet bilgisayar edinen Sude, k\u0131sa bir su\u0308re i\u00e7inde, sanal d\u00fcnyan\u0131n par\u00e7as\u0131 olup \u00e7\u0131kar. S\u0131k\u0131lmadan oyalan\u0131yor, \u00fcstelik her an ula\u015f\u0131labiliyor diye, onun yeni ilgisini \u00f6nce olumlu bulan ailesi, zamanla Sude\u2019nin a\u015f\u0131r\u0131 tutkusundan endi\u015felenmeye ba\u015flar. Annesi k\u0131z\u0131n\u0131 \u201ckurtarma\u201d operasyonuna giri\u015fir. Sude dijital labirentten kurtulabilecek midir?..<\/p>\n","protected":false},"excerpt":{"rendered":"<p>&#8220;G\u00fcl\u00fcmseten \u00d6yk\u00fcler&#8221;i ve &#8220;Tombi\u015f Kitaplar&#8221;\u0131 \u00e7ok sevilen, mizah ustas\u0131, yazar Behi\u00e7 Ajk, Ya\u015fas\u0131n \u00c7 Harfi Karde\u015fli\u011fi! kitab\u0131yla sosyal medyan\u0131n ya\u015famlar\u0131m\u0131za etkisine dikkat \u00e7ekmi\u015fti. \u015eimdi yineg\u00fcl\u00fcmseten bir<span class=\"excerpt-hellip\"> [\u2026]<\/span><\/p>\n","protected":false},"featured_media":0,"template":"","meta":{"_monsterinsights_skip_tracking":false,"_monsterinsights_sitenote_active":false,"_monsterinsights_sitenote_note":"","_monsterinsights_sitenote_category":0},"product_brand":[],"product_cat":[12274,12284],"product_tag":[],"class_list":{"0":"post-700182","1":"product","2":"type-product","3":"status-publish","5":"product_cat-cocuk-ve-genclik-kitaplari","6":"product_cat-hikayeler","7":"pa_cilt-ciltsiz","8":"pa_tur-kitap","9":"pa_yayinevi-gunisigi-kitapligi","10":"pa_yazar-behic-ak","12":"first","13":"instock","14":"sale","15":"shipping-taxable","16":"purchasable","17":"product-type-simple"},"_links":{"self":[{"href":"https:\/\/roveyayinevi.com.tr\/index.php\/wp-json\/wp\/v2\/product\/700182","targetHints":{"allow":["GET"]}}],"collection":[{"href":"https:\/\/roveyayinevi.com.tr\/index.php\/wp-json\/wp\/v2\/product"}],"about":[{"href":"https:\/\/roveyayinevi.com.tr\/index.php\/wp-json\/wp\/v2\/types\/product"}],"wp:attachment":[{"href":"https:\/\/roveyayinevi.com.tr\/index.php\/wp-json\/wp\/v2\/media?parent=700182"}],"wp:term":[{"taxonomy":"product_brand","embeddable":true,"href":"https:\/\/roveyayinevi.com.tr\/index.php\/wp-json\/wp\/v2\/product_brand?post=700182"},{"taxonomy":"product_cat","embeddable":true,"href":"https:\/\/roveyayinevi.com.tr\/index.php\/wp-json\/wp\/v2\/product_cat?post=700182"},{"taxonomy":"product_tag","embeddable":true,"href":"https:\/\/roveyayinevi.com.tr\/index.php\/wp-json\/wp\/v2\/product_tag?post=700182"}],"curies":[{"name":"wp","href":"https:\/\/api.w.org\/{rel}","templated":true}]}}