{"id":700180,"date":"2025-08-27T14:56:23","date_gmt":"2025-08-27T11:56:23","guid":{"rendered":"https:\/\/roveyayinevi.com.tr\/index.php\/urun\/herkes-seni-terk-etse-ask-terk-etmez\/"},"modified":"2026-04-16T02:09:33","modified_gmt":"2026-04-15T23:09:33","slug":"herkes-seni-terk-etse-ask-terk-etmez","status":"publish","type":"product","link":"https:\/\/roveyayinevi.com.tr\/index.php\/urun\/herkes-seni-terk-etse-ask-terk-etmez\/","title":{"rendered":"Herkes Seni Terk Etse A\u015fk Terk Etmez"},"content":{"rendered":"<p>Korkma, herkes seni terk etse O terk etmez!Herkes seni yaln\u0131z b\u0131raksa O b\u0131rakmaz!O yokluktad\u0131r, O yokluktan do\u011fand\u0131r. O her \u015feyi bilir. O Latif\u2019tir, Emin\u2019dir, M\u00fclk ve Saltanat sahibi bir Emir\u2019dir.O s\u0131\u011f\u0131nakt\u0131r, c\u00fcmle g\u00fcnahk\u00e2r\u0131n s\u0131\u011f\u0131na\u011f\u0131d\u0131r.E\u015fi ve benzeri olmayan bir Nur\u2019dur.G\u00f6n\u00fcldeki her t\u00fcrl\u00fc ac\u0131y\u0131, \u0131st\u0131rab\u0131 teskin edendir. Sen gizlesen de O senin b\u00fct\u00fcn derdini bilendir.Herkes seni terk etse de O terk etmez.Hi\u00e7bir yerde seni yaln\u0131z, \u00e7aresiz b\u0131rakmaz.Gel, O\u2019nun y\u00fcce g\u00f6lgesine gir. Korkma, herkes seni terk etse A\u015eK terk etmez. <\/p>\n","protected":false},"excerpt":{"rendered":"<p>Korkma, herkes seni terk etse O terk etmez!Herkes seni yaln\u0131z b\u0131raksa O b\u0131rakmaz!O yokluktad\u0131r, O yokluktan do\u011fand\u0131r. O her \u015feyi bilir. O Latif\u2019tir, Emin\u2019dir, M\u00fclk ve<span class=\"excerpt-hellip\"> [\u2026]<\/span><\/p>\n","protected":false},"featured_media":0,"template":"","meta":{"_monsterinsights_skip_tracking":false,"_monsterinsights_sitenote_active":false,"_monsterinsights_sitenote_note":"","_monsterinsights_sitenote_category":0},"product_brand":[],"product_cat":[12718,12719,12720],"product_tag":[],"class_list":{"0":"post-700180","1":"product","2":"type-product","3":"status-publish","5":"product_cat-din","6":"product_cat-islam","7":"product_cat-tasavvuf-mezhepler-tarikatlar","8":"pa_cilt-ciltsiz","9":"pa_tur-kitap","10":"pa_yayinevi-sufi-kitap","11":"pa_yazar-h-nur-artiran","13":"first","14":"instock","15":"sale","16":"shipping-taxable","17":"purchasable","18":"product-type-simple"},"_links":{"self":[{"href":"https:\/\/roveyayinevi.com.tr\/index.php\/wp-json\/wp\/v2\/product\/700180","targetHints":{"allow":["GET"]}}],"collection":[{"href":"https:\/\/roveyayinevi.com.tr\/index.php\/wp-json\/wp\/v2\/product"}],"about":[{"href":"https:\/\/roveyayinevi.com.tr\/index.php\/wp-json\/wp\/v2\/types\/product"}],"wp:attachment":[{"href":"https:\/\/roveyayinevi.com.tr\/index.php\/wp-json\/wp\/v2\/media?parent=700180"}],"wp:term":[{"taxonomy":"product_brand","embeddable":true,"href":"https:\/\/roveyayinevi.com.tr\/index.php\/wp-json\/wp\/v2\/product_brand?post=700180"},{"taxonomy":"product_cat","embeddable":true,"href":"https:\/\/roveyayinevi.com.tr\/index.php\/wp-json\/wp\/v2\/product_cat?post=700180"},{"taxonomy":"product_tag","embeddable":true,"href":"https:\/\/roveyayinevi.com.tr\/index.php\/wp-json\/wp\/v2\/product_tag?post=700180"}],"curies":[{"name":"wp","href":"https:\/\/api.w.org\/{rel}","templated":true}]}}