{"id":700176,"date":"2025-08-27T14:56:22","date_gmt":"2025-08-27T11:56:22","guid":{"rendered":"https:\/\/roveyayinevi.com.tr\/index.php\/urun\/ogretim-ilke-ve-yontemleri-3\/"},"modified":"2026-04-16T02:09:33","modified_gmt":"2026-04-15T23:09:33","slug":"ogretim-ilke-ve-yontemleri-3","status":"publish","type":"product","link":"https:\/\/roveyayinevi.com.tr\/index.php\/urun\/ogretim-ilke-ve-yontemleri-3\/","title":{"rendered":"\u00d6\u011fretim \u0130lke ve Y\u00f6ntemleri"},"content":{"rendered":"<p>\u00d6\u011fretmen yeti\u015ftiren kurumlar olan e\u011fitim fak\u00fcltelerinde \u00d6\u011fretim \u0130lke ve Y\u00f6ntemleri dersinin ayr\u0131 bir yeri ve \u00f6nemi bulunmaktad\u0131r. \u00d6\u011fretim adaylar\u0131na e\u011fitim durumlar\u0131n\u0131 y\u00f6netmede ne kadar beceri kazand\u0131rabilirsek nitelikli \u00f6\u011fretmen yeti\u015ftirmede o derece ba\u015far\u0131l\u0131y\u0131z demektir. Bu ama\u00e7la haz\u0131rlanan kitab\u0131m\u0131z, Y\u00d6K\u00fcn e\u011fitim fak\u00fclteleri i\u00e7in belirledi\u011fi ders ve i\u00e7erik tan\u0131m\u0131na uygun olarak yay\u0131nlan\u0131p siz de\u011ferli e\u011fitimcilere yeni bir kaynak olarak sunulmu\u015ftur.<\/p>\n","protected":false},"excerpt":{"rendered":"<p>\u00d6\u011fretmen yeti\u015ftiren kurumlar olan e\u011fitim fak\u00fcltelerinde \u00d6\u011fretim \u0130lke ve Y\u00f6ntemleri dersinin ayr\u0131 bir yeri ve \u00f6nemi bulunmaktad\u0131r. \u00d6\u011fretim adaylar\u0131na e\u011fitim durumlar\u0131n\u0131 y\u00f6netmede ne kadar beceri kazand\u0131rabilirsek<span class=\"excerpt-hellip\"> [\u2026]<\/span><\/p>\n","protected":false},"featured_media":0,"template":"","meta":{"_monsterinsights_skip_tracking":false,"_monsterinsights_sitenote_active":false,"_monsterinsights_sitenote_note":"","_monsterinsights_sitenote_category":0},"product_brand":[],"product_cat":[12573,12566],"product_tag":[],"class_list":{"0":"post-700176","1":"product","2":"type-product","3":"status-publish","5":"product_cat-akademik-kitaplar","6":"product_cat-egitim","7":"pa_cilt-ciltsiz","8":"pa_tur-kitap","9":"pa_yayinevi-ani-yayincilik","10":"pa_yazar-mehmet-arslan","12":"first","13":"instock","14":"sale","15":"shipping-taxable","16":"purchasable","17":"product-type-simple"},"_links":{"self":[{"href":"https:\/\/roveyayinevi.com.tr\/index.php\/wp-json\/wp\/v2\/product\/700176","targetHints":{"allow":["GET"]}}],"collection":[{"href":"https:\/\/roveyayinevi.com.tr\/index.php\/wp-json\/wp\/v2\/product"}],"about":[{"href":"https:\/\/roveyayinevi.com.tr\/index.php\/wp-json\/wp\/v2\/types\/product"}],"wp:attachment":[{"href":"https:\/\/roveyayinevi.com.tr\/index.php\/wp-json\/wp\/v2\/media?parent=700176"}],"wp:term":[{"taxonomy":"product_brand","embeddable":true,"href":"https:\/\/roveyayinevi.com.tr\/index.php\/wp-json\/wp\/v2\/product_brand?post=700176"},{"taxonomy":"product_cat","embeddable":true,"href":"https:\/\/roveyayinevi.com.tr\/index.php\/wp-json\/wp\/v2\/product_cat?post=700176"},{"taxonomy":"product_tag","embeddable":true,"href":"https:\/\/roveyayinevi.com.tr\/index.php\/wp-json\/wp\/v2\/product_tag?post=700176"}],"curies":[{"name":"wp","href":"https:\/\/api.w.org\/{rel}","templated":true}]}}