{"id":700168,"date":"2025-08-27T14:56:20","date_gmt":"2025-08-27T11:56:20","guid":{"rendered":"https:\/\/roveyayinevi.com.tr\/index.php\/urun\/dogu-yolculugu\/"},"modified":"2026-04-16T02:09:33","modified_gmt":"2026-04-15T23:09:33","slug":"dogu-yolculugu","status":"publish","type":"product","link":"https:\/\/roveyayinevi.com.tr\/index.php\/urun\/dogu-yolculugu\/","title":{"rendered":"Do\u011fu Yolculu\u011fu"},"content":{"rendered":"<p>&#8216;Do\u011fu&#8217;ya yolculuk ediyorduk, ama Orta\u00e7a\u011f&#8217;a, ya da Alt\u0131n \u00c7a\u011f&#8217;a da yolculuk ediyorduk. \u0130talya&#8217;dan, \u0130svi\u00e7re&#8217;den ge\u00e7iyorduk, ama bazen de geceyi onuncu y\u00fczy\u0131lda ge\u00e7iriyor, atalar\u0131m\u0131za, ya da perilere konuk oluyorduk. Tek ba\u015f\u0131na kald\u0131\u011f\u0131m zamanlarda kendi ge\u00e7mi\u015fimden mekanlarla ve insanlarla s\u0131k s\u0131k kar\u015f\u0131la\u015ft\u0131m, eski ni\u015fanl\u0131mla Ren&#8217;in yukar\u0131lar\u0131ndaki orman kenar\u0131nda dola\u015ft\u0131m. Sonra herhangi bir vadide grubuma yeniden kat\u0131ld\u0131\u011f\u0131mda, Cemiyet \u015fark\u0131lar\u0131n\u0131 dinleyip liderler \u00e7ad\u0131r\u0131n\u0131n kar\u015f\u0131s\u0131na kamp kurdu\u011fumda anl\u0131yordum ki \u00e7ocuklu\u011fuma yapt\u0131\u011f\u0131m gezinti, ya da San\u00e7o&#8217;yla at binmem de bu yolculu\u011fun bir par\u00e7as\u0131yd\u0131; \u00e7\u00fcnk\u00fc bizim tek hedefimiz Do\u011fu&#8217;ya varmak de\u011fildi, daha do\u011frusu bizim Do\u011fu&#8217;muz salt bir \u00fclke, ya da co\u011frafi bir yer de\u011fil, ruhun yurdu ve gen\u00e7li\u011fiyle, hem her yerdi hem de hi\u00e7bir yer, t\u00fcm zamanlar\u0131n yekv\u00fccut olmas\u0131yd\u0131.&#8217; \ufffc<\/p>\n","protected":false},"excerpt":{"rendered":"<p>&#8216;Do\u011fu&#8217;ya yolculuk ediyorduk, ama Orta\u00e7a\u011f&#8217;a, ya da Alt\u0131n \u00c7a\u011f&#8217;a da yolculuk ediyorduk. \u0130talya&#8217;dan, \u0130svi\u00e7re&#8217;den ge\u00e7iyorduk, ama bazen de geceyi onuncu y\u00fczy\u0131lda ge\u00e7iriyor, atalar\u0131m\u0131za, ya da perilere<span class=\"excerpt-hellip\"> [\u2026]<\/span><\/p>\n","protected":false},"featured_media":0,"template":"","meta":{"_monsterinsights_skip_tracking":false,"_monsterinsights_sitenote_active":false,"_monsterinsights_sitenote_note":"","_monsterinsights_sitenote_category":0},"product_brand":[],"product_cat":[12782,12291],"product_tag":[],"class_list":{"0":"post-700168","1":"product","2":"type-product","3":"status-publish","5":"product_cat-alman-edebiyati","6":"product_cat-edebiyat","7":"pa_cilt-ciltsiz","8":"pa_tur-kitap","9":"pa_yayinevi-can-yayinlari","10":"pa_yazar-hermann-hesse","12":"first","13":"instock","14":"sale","15":"shipping-taxable","16":"purchasable","17":"product-type-simple"},"_links":{"self":[{"href":"https:\/\/roveyayinevi.com.tr\/index.php\/wp-json\/wp\/v2\/product\/700168","targetHints":{"allow":["GET"]}}],"collection":[{"href":"https:\/\/roveyayinevi.com.tr\/index.php\/wp-json\/wp\/v2\/product"}],"about":[{"href":"https:\/\/roveyayinevi.com.tr\/index.php\/wp-json\/wp\/v2\/types\/product"}],"wp:attachment":[{"href":"https:\/\/roveyayinevi.com.tr\/index.php\/wp-json\/wp\/v2\/media?parent=700168"}],"wp:term":[{"taxonomy":"product_brand","embeddable":true,"href":"https:\/\/roveyayinevi.com.tr\/index.php\/wp-json\/wp\/v2\/product_brand?post=700168"},{"taxonomy":"product_cat","embeddable":true,"href":"https:\/\/roveyayinevi.com.tr\/index.php\/wp-json\/wp\/v2\/product_cat?post=700168"},{"taxonomy":"product_tag","embeddable":true,"href":"https:\/\/roveyayinevi.com.tr\/index.php\/wp-json\/wp\/v2\/product_tag?post=700168"}],"curies":[{"name":"wp","href":"https:\/\/api.w.org\/{rel}","templated":true}]}}