{"id":700167,"date":"2025-08-27T14:56:20","date_gmt":"2025-08-27T11:56:20","guid":{"rendered":"https:\/\/roveyayinevi.com.tr\/index.php\/urun\/ogretim-teknolojileri-ve-materyal-tasarimi\/"},"modified":"2026-04-16T02:09:33","modified_gmt":"2026-04-15T23:09:33","slug":"ogretim-teknolojileri-ve-materyal-tasarimi","status":"publish","type":"product","link":"https:\/\/roveyayinevi.com.tr\/index.php\/urun\/ogretim-teknolojileri-ve-materyal-tasarimi\/","title":{"rendered":"\u00d6\u011fretim Teknolojileri ve Materyal Tasar\u0131m\u0131"},"content":{"rendered":"<p>Dijital d\u00f6n\u00fc\u015f\u00fcmlerin \u00e7ok h\u0131zl\u0131 oldu\u011fu g\u00fcn\u00fcm\u00fczde t\u00fcm d\u00fcnyada \u00f6\u011frencilerin sahip olmas\u0131 gereken yeterlilikler de de\u011fi\u015fimler ya\u015fanmaktad\u0131r. Yarat\u0131c\u0131 ve ele\u015ftirel d\u00fc\u015f\u00fcnme, giri\u015fimcilik ve inovasyon, etkili ileti\u015fim, dijital yeterlilik gibi \u00fcst d\u00fczey ya\u015fam ve d\u00fc\u015f\u00fcnme becerileri yoluyla her alanda h\u0131zl\u0131 bir de\u011fi\u015fimin ya\u015fand\u0131\u011f\u0131 g\u00fcn\u00fcm\u00fczde e\u011fitimde de b\u00fcy\u00fck de\u011fi\u015fimler meydana gelmi\u015ftir. Bu de\u011fi\u015fikliklerin e\u011fitimdeki yans\u0131malar\u0131 farkl\u0131 alanlar\u0131n do\u011fmas\u0131na sebep olmu\u015ftur. Olu\u015fan bu alanlar\u0131n \u00f6\u011fretmen yeti\u015ftirme boyutuna yans\u0131malar\u0131 ka\u00e7\u0131n\u0131lmazd\u0131r. Bu nedenle \u00fclkemizde \u00f6\u011fretmen yeti\u015ftirme alan\u0131nda yeni yeterliliklerle ilgili alanlarda dersler yer almaktad\u0131r. \u00d6\u011fretim teknolojileri ve materyal tasar\u0131m\u0131 ile \u00f6\u011fretim teknolojileri dersleri bunlar ars\u0131nda yer al\u0131r. Bu kitap bu dersler i\u00e7in kaynak kitap olarak kullan\u0131lmak i\u00e7in haz\u0131rlanm\u0131\u015ft\u0131r.E\u011fitim ve \u00f6\u011fretim programlar\u0131nda \u00f6\u011frenenlerin aktif oldu\u011fu yakla\u015f\u0131mlar a\u011f\u0131rl\u0131k kazanmaya ba\u015flam\u0131\u015ft\u0131r. \u00d6\u011frenenlerin aktif olmas\u0131nda \u00f6\u011fretim teknolojileri tasar\u0131m ve modelleri i\u00e7erisinde gerek elle gerekse dijital \u00f6\u011fretim materyalleri olu\u015fturma ve kullanma a\u011f\u0131rl\u0131k kazanmaktad\u0131r. \u00d6\u011fretmenlerin rehber olabilmeleri i\u00e7in \u00f6ncelikle kendilerini iyi yeti\u015ftirmi\u015f olmalar\u0131 gerekir. \u00d6zellikle bilgisayar, internet ve ili\u015fkili teknolojileri bilmek gerekmektedir. Bunu bilmeyen bir \u00f6\u011fretmen g\u00fcn\u00fcm\u00fczdeki h\u0131zla geli\u015fen teknolojiyi yakalayan dijital yerliler dedi\u011fimiz \u00f6\u011frenciler kar\u015f\u0131s\u0131nda kendisini yenik hisseder. Bu nedenle \u00f6\u011fretmen adaylar\u0131n\u0131n ve \u00f6\u011fretmenlerin bu konuda yeterli e\u011fitim almalar\u0131 ve kendilerini s\u00fcrekli yenilemeleri sa\u011flanmal\u0131d\u0131rKitapta her b\u00f6l\u00fcm\u00fcn sonunda o b\u00f6l\u00fcmle ilgili uygulama etkinlikleri yer almaktad\u0131r. Kitab\u0131n b\u00f6l\u00fcm sunular\u0131 bulunmaktad\u0131r. Bu anlamda \u00f6\u011fretim elemanlar\u0131, \u00f6\u011fretmen adaylar\u0131 ve \u00f6\u011fretmenler i\u00e7in yararl\u0131 olaca\u011f\u0131 d\u00fc\u015f\u00fcn\u00fclmektedir.<\/p>\n","protected":false},"excerpt":{"rendered":"<p>Dijital d\u00f6n\u00fc\u015f\u00fcmlerin \u00e7ok h\u0131zl\u0131 oldu\u011fu g\u00fcn\u00fcm\u00fczde t\u00fcm d\u00fcnyada \u00f6\u011frencilerin sahip olmas\u0131 gereken yeterlilikler de de\u011fi\u015fimler ya\u015fanmaktad\u0131r. Yarat\u0131c\u0131 ve ele\u015ftirel d\u00fc\u015f\u00fcnme, giri\u015fimcilik ve inovasyon, etkili ileti\u015fim, dijital<span class=\"excerpt-hellip\"> [\u2026]<\/span><\/p>\n","protected":false},"featured_media":0,"template":"","meta":{"_monsterinsights_skip_tracking":false,"_monsterinsights_sitenote_active":false,"_monsterinsights_sitenote_note":"","_monsterinsights_sitenote_category":0},"product_brand":[],"product_cat":[12573,12566],"product_tag":[],"class_list":{"0":"post-700167","1":"product","2":"type-product","3":"status-publish","5":"product_cat-akademik-kitaplar","6":"product_cat-egitim","7":"pa_cilt-ciltsiz","8":"pa_tur-kitap","9":"pa_yayinevi-ani-yayincilik","10":"pa_yazar-tugba-yanpar-yelken","12":"first","13":"instock","14":"sale","15":"shipping-taxable","16":"purchasable","17":"product-type-simple"},"_links":{"self":[{"href":"https:\/\/roveyayinevi.com.tr\/index.php\/wp-json\/wp\/v2\/product\/700167","targetHints":{"allow":["GET"]}}],"collection":[{"href":"https:\/\/roveyayinevi.com.tr\/index.php\/wp-json\/wp\/v2\/product"}],"about":[{"href":"https:\/\/roveyayinevi.com.tr\/index.php\/wp-json\/wp\/v2\/types\/product"}],"wp:attachment":[{"href":"https:\/\/roveyayinevi.com.tr\/index.php\/wp-json\/wp\/v2\/media?parent=700167"}],"wp:term":[{"taxonomy":"product_brand","embeddable":true,"href":"https:\/\/roveyayinevi.com.tr\/index.php\/wp-json\/wp\/v2\/product_brand?post=700167"},{"taxonomy":"product_cat","embeddable":true,"href":"https:\/\/roveyayinevi.com.tr\/index.php\/wp-json\/wp\/v2\/product_cat?post=700167"},{"taxonomy":"product_tag","embeddable":true,"href":"https:\/\/roveyayinevi.com.tr\/index.php\/wp-json\/wp\/v2\/product_tag?post=700167"}],"curies":[{"name":"wp","href":"https:\/\/api.w.org\/{rel}","templated":true}]}}