{"id":700166,"date":"2025-08-27T14:56:19","date_gmt":"2025-08-27T11:56:19","guid":{"rendered":"https:\/\/roveyayinevi.com.tr\/index.php\/urun\/ogretim-tasarimi\/"},"modified":"2026-04-16T02:09:33","modified_gmt":"2026-04-15T23:09:33","slug":"ogretim-tasarimi","status":"publish","type":"product","link":"https:\/\/roveyayinevi.com.tr\/index.php\/urun\/ogretim-tasarimi\/","title":{"rendered":"\u00d6\u011fretim Tasar\u0131m\u0131"},"content":{"rendered":"<p>Kitab\u0131n bu bas\u0131m\u0131nda, alanyaz\u0131nda yer alan bili\u015fsel hedef grupland\u0131r\u0131lmas\u0131ndaki g\u00fcncellemelere paralel de\u011fi\u015fikliklere ve g\u00fcncellemelere yer verilmi\u015ftir. Ayr\u0131ca tasar\u0131m\u0131n de\u011ferlendirilmesi de g\u00fcncellenmi\u015ftir. Kitab\u0131n t\u00fcm\u00fcnde ise ipu\u00e7lar\u0131 ve \u00f6rnekler g\u00fcncellenmi\u015ftir.Kitapla ilgili olarak okuyuculardan gelen genel anlamdaki olumlu bildirimler nedeniyle kitab\u0131n bu bas\u0131m\u0131nda, ilk bas\u0131ma epeyce sad\u0131k kal\u0131nm\u0131\u015f, b\u00f6l\u00fcm ba\u015fl\u0131klar\u0131nda ve i\u00e7erikte de\u011fi\u015fikli\u011fe pek gidilmemi\u015ftir. Ancak kitab\u0131 g\u00f6zden ge\u00e7irirken \u00f6\u011frencilerden ve \u00f6\u011fretim eleman\u0131 olan meslekta\u015flar\u0131m\u0131n g\u00f6r\u00fc\u015flerinden alm\u0131\u015f oldu\u011fum bildirim yoluyla toplanan verilerden yararlan\u0131lm\u0131\u015ft\u0131r. Yeni bask\u0131da, kitab\u0131n anla\u015f\u0131labilir bir dille okunabilmesi y\u00f6n\u00fcnde de\u011fi\u015fiklikler yap\u0131lm\u0131\u015ft\u0131r. S\u00f6z konusu de\u011fi\u015fiklikler hem anlam bak\u0131m\u0131ndan hem de kitapta sunulan \u00f6rnekler \u00e7er\u00e7evesindedir.Kitab\u0131n bu bask\u0131s\u0131nda, kitab\u0131 ba\u015ftan sona okuyarak anla\u015f\u0131labilir bir dille yaz\u0131lmas\u0131 y\u00f6n\u00fcnde katk\u0131larda bulunan sevgili \u00f6\u011frencim Demet G\u00fcl\u00e7i\u00e7ek Esen\u2019e te\u015fekk\u00fcrlerimi sunar\u0131m. Kitab\u0131n d\u00fczeltilmesini, gerek s\u00f6zle gerekse elektronik posta yoluyla sunduklar\u0131 olumlu ya da d\u00fczeltici \u00f6nerileri ile destek sa\u011flayarak kolayla\u015ft\u0131rmalar\u0131 nedeniyle meslekta\u015flar\u0131ma, di\u011fer \u00f6\u011frencilerime ve okuyucular\u0131ma te\u015fekk\u00fcrlerimi sunar\u0131m.T\u00fcm titizli\u011fime ra\u011fmen kitab\u0131n herhangi bir k\u0131sm\u0131nda bulunabilecek hatalara ili\u015fkin sorumlulu\u011fu \u00fcstlenmekteyim. Bununla birlikte siz okuyucular\u0131m\u0131n mektup, telefon ya da elektronik posta arac\u0131l\u0131\u011f\u0131yla fikirlerinizi ve \u00f6nerilerinizi payla\u015fman\u0131zla olu\u015facak rehberli\u011finizin, kitaptaki hatalar\u0131 d\u00fczeltme y\u00f6n\u00fcnde \u015fahs\u0131ma cesaret verece\u011fini payla\u015fmak isterim. B\u00f6ylece kitab\u0131n, siz okuyucular\u0131m\u0131n beklentilerine daha uygun hale gelmesine yine sizin katk\u0131lar\u0131n\u0131z\u0131n y\u00f6n verece\u011fini d\u00fc\u015f\u00fcn\u00fcyorum.<\/p>\n","protected":false},"excerpt":{"rendered":"<p>Kitab\u0131n bu bas\u0131m\u0131nda, alanyaz\u0131nda yer alan bili\u015fsel hedef grupland\u0131r\u0131lmas\u0131ndaki g\u00fcncellemelere paralel de\u011fi\u015fikliklere ve g\u00fcncellemelere yer verilmi\u015ftir. Ayr\u0131ca tasar\u0131m\u0131n de\u011ferlendirilmesi de g\u00fcncellenmi\u015ftir. Kitab\u0131n t\u00fcm\u00fcnde ise ipu\u00e7lar\u0131 ve<span class=\"excerpt-hellip\"> [\u2026]<\/span><\/p>\n","protected":false},"featured_media":0,"template":"","meta":{"_monsterinsights_skip_tracking":false,"_monsterinsights_sitenote_active":false,"_monsterinsights_sitenote_note":"","_monsterinsights_sitenote_category":0},"product_brand":[],"product_cat":[13772,12364],"product_tag":[],"class_list":{"0":"post-700166","1":"product","2":"type-product","3":"status-publish","5":"product_cat-basvuru-kitaplari","6":"product_cat-genel-konular","7":"pa_cilt-ciltsiz","8":"pa_tur-kitap","9":"pa_yayinevi-ani-yayincilik","10":"pa_yazar-seval-fer","12":"first","13":"instock","14":"sale","15":"shipping-taxable","16":"purchasable","17":"product-type-simple"},"_links":{"self":[{"href":"https:\/\/roveyayinevi.com.tr\/index.php\/wp-json\/wp\/v2\/product\/700166","targetHints":{"allow":["GET"]}}],"collection":[{"href":"https:\/\/roveyayinevi.com.tr\/index.php\/wp-json\/wp\/v2\/product"}],"about":[{"href":"https:\/\/roveyayinevi.com.tr\/index.php\/wp-json\/wp\/v2\/types\/product"}],"wp:attachment":[{"href":"https:\/\/roveyayinevi.com.tr\/index.php\/wp-json\/wp\/v2\/media?parent=700166"}],"wp:term":[{"taxonomy":"product_brand","embeddable":true,"href":"https:\/\/roveyayinevi.com.tr\/index.php\/wp-json\/wp\/v2\/product_brand?post=700166"},{"taxonomy":"product_cat","embeddable":true,"href":"https:\/\/roveyayinevi.com.tr\/index.php\/wp-json\/wp\/v2\/product_cat?post=700166"},{"taxonomy":"product_tag","embeddable":true,"href":"https:\/\/roveyayinevi.com.tr\/index.php\/wp-json\/wp\/v2\/product_tag?post=700166"}],"curies":[{"name":"wp","href":"https:\/\/api.w.org\/{rel}","templated":true}]}}