{"id":700165,"date":"2025-08-27T14:56:19","date_gmt":"2025-08-27T11:56:19","guid":{"rendered":"https:\/\/roveyayinevi.com.tr\/index.php\/urun\/ogretim-surecleri-ve-ogrenme-psikolojisi\/"},"modified":"2026-04-15T02:12:05","modified_gmt":"2026-04-14T23:12:05","slug":"ogretim-surecleri-ve-ogrenme-psikolojisi","status":"publish","type":"product","link":"https:\/\/roveyayinevi.com.tr\/index.php\/urun\/ogretim-surecleri-ve-ogrenme-psikolojisi\/","title":{"rendered":"\u00d6\u011fretim S\u00fcre\u00e7leri ve \u00d6\u011frenme Psikolojisi"},"content":{"rendered":"<p>Bu kitap, \u00f6\u011frenme ve \u00f6\u011fretime odaklanm\u0131\u015f bir kitapt\u0131r. \u00d6\u011frenme teorilerinin, belli \u00e7\u0131kar\u0131m ve uygulamalar\u0131 ele al\u0131nmaktad\u0131r. \u00d6rnekler, \u00f6\u011fretim ortamlar\u0131ndan ve \u00f6\u011fretim sorunlar\u0131ndan olu\u015fturulmu\u015ftur. Bu kitap, uygulamaya odaklanman\u0131n yan\u0131 s\u0131ra, yans\u0131t\u0131c\u0131 uygulama temas\u0131n\u0131 da, b\u00fcnyesinde bar\u0131nd\u0131rmaktad\u0131r.<\/p>\n","protected":false},"excerpt":{"rendered":"<p>Bu kitap, \u00f6\u011frenme ve \u00f6\u011fretime odaklanm\u0131\u015f bir kitapt\u0131r. \u00d6\u011frenme teorilerinin, belli \u00e7\u0131kar\u0131m ve uygulamalar\u0131 ele al\u0131nmaktad\u0131r. \u00d6rnekler, \u00f6\u011fretim ortamlar\u0131ndan ve \u00f6\u011fretim sorunlar\u0131ndan olu\u015fturulmu\u015ftur. Bu kitap, uygulamaya<span class=\"excerpt-hellip\"> [\u2026]<\/span><\/p>\n","protected":false},"featured_media":0,"template":"","meta":{"_monsterinsights_skip_tracking":false,"_monsterinsights_sitenote_active":false,"_monsterinsights_sitenote_note":"","_monsterinsights_sitenote_category":0},"product_brand":[],"product_cat":[12364,12376],"product_tag":[],"class_list":{"0":"post-700165","1":"product","2":"type-product","3":"status-publish","5":"product_cat-genel-konular","6":"product_cat-kisisel-gelisim","7":"pa_cilt-ciltsiz","8":"pa_tur-kitap","9":"pa_yayinevi-ani-yayincilik","10":"pa_yazar-marcy-p-driscoll","12":"first","13":"instock","14":"sale","15":"shipping-taxable","16":"purchasable","17":"product-type-simple"},"_links":{"self":[{"href":"https:\/\/roveyayinevi.com.tr\/index.php\/wp-json\/wp\/v2\/product\/700165","targetHints":{"allow":["GET"]}}],"collection":[{"href":"https:\/\/roveyayinevi.com.tr\/index.php\/wp-json\/wp\/v2\/product"}],"about":[{"href":"https:\/\/roveyayinevi.com.tr\/index.php\/wp-json\/wp\/v2\/types\/product"}],"wp:attachment":[{"href":"https:\/\/roveyayinevi.com.tr\/index.php\/wp-json\/wp\/v2\/media?parent=700165"}],"wp:term":[{"taxonomy":"product_brand","embeddable":true,"href":"https:\/\/roveyayinevi.com.tr\/index.php\/wp-json\/wp\/v2\/product_brand?post=700165"},{"taxonomy":"product_cat","embeddable":true,"href":"https:\/\/roveyayinevi.com.tr\/index.php\/wp-json\/wp\/v2\/product_cat?post=700165"},{"taxonomy":"product_tag","embeddable":true,"href":"https:\/\/roveyayinevi.com.tr\/index.php\/wp-json\/wp\/v2\/product_tag?post=700165"}],"curies":[{"name":"wp","href":"https:\/\/api.w.org\/{rel}","templated":true}]}}