{"id":700163,"date":"2025-08-27T14:56:19","date_gmt":"2025-08-27T11:56:19","guid":{"rendered":"https:\/\/roveyayinevi.com.tr\/index.php\/urun\/anne-melek-mi-yosma-mi-anneligin-ideallestirilmesi-ve-alcaltilmasi\/"},"modified":"2026-04-16T02:09:33","modified_gmt":"2026-04-15T23:09:33","slug":"anne-melek-mi-yosma-mi-anneligin-ideallestirilmesi-ve-alcaltilmasi","status":"publish","type":"product","link":"https:\/\/roveyayinevi.com.tr\/index.php\/urun\/anne-melek-mi-yosma-mi-anneligin-ideallestirilmesi-ve-alcaltilmasi\/","title":{"rendered":"Anne: Melek mi, Yosma m\u0131? Anneli\u011fin \u0130dealle\u015ftirilmesi ve Al\u00e7alt\u0131lmas\u0131"},"content":{"rendered":"<p>Oidipus\u2019un \u00f6yk\u00fcs\u00fcnde hep Oidipus\u2019u su\u00e7lad\u0131k; annesiyle evlenmesini sapk\u0131nl\u0131k olarak kabul edip \u201c\u00f6dipkompleksi\u201dne onun ad\u0131n\u0131 verdik. Oysa o\u011flunun ya\u015fayabilece\u011fini ve kendisini bulabilece\u011fini uman \u0130akoste de\u011fil midir? Sapk\u0131n ve \u00e7ocuk istemeyen bir adamla evlenip hamile kalmak ve \u00e7ocu\u011funu do\u011far do\u011fmaz terk etmek sapk\u0131n bir ili\u015fkinin kurban\u0131 olmay\u0131 istemek anlam\u0131na gelmiyor mu? Aralar\u0131ndaki ili\u015fkinin  \u201censest\u201d oldu\u011funu ayn\u0131 anda \u00f6\u011frendikleri halde neden intihara y\u00f6nelen \u0130akoste oluyor? \u201cBu kitab\u0131n konusu anne olmakt\u0131r\u201d diyor EstelaWelldon, \u201ct\u00fcm iyi g\u00fc\u00e7leri\u201dnin yan\u0131 s\u0131ra, bazen de \u201csapk\u0131nl\u0131k g\u00fcc\u00fc\u201dyle annelik. \u201cAnneler birer melektir, \u00e7ocuklar\u0131na asla yan g\u00f6zle bakmazlar\u201d ya da \u201csapk\u0131nl\u0131k erkeklere \u00f6zg\u00fcd\u00fcr, kad\u0131nlar olsa olsanevrotik olurlar\u201d gibi \u00f6n kabulleri sorgulayan yazar, \u00e7ocu\u011funu taciz eden veya h\u0131rpalayan annelerin yahut fuhu\u015fa y\u00f6nelen kad\u0131nlar\u0131n da \u201csapk\u0131n\u201d olabilece\u011fini ileri s\u00fcr\u00fcyor ve iddialar\u0131na klinik deneyimlerinden kan\u0131tlar getiriyor. \u00c7ocuklu\u011fu yeterli ana-baba ilgisinden yoksun ge\u00e7en ya da ana-babas\u0131n\u0131n cinsel sald\u0131r\u0131s\u0131na maruz kalan kad\u0131nlar\u0131n, hem kendi bedenine hem de \u00e7ocu\u011funa kar\u015f\u0131 sapk\u0131n tutumlar geli\u015ftirebilece\u011fini ya da fuhu\u015fa y\u00f6nelebilece\u011fini g\u00f6steriyor. <\/p>\n","protected":false},"excerpt":{"rendered":"<p>Oidipus\u2019un \u00f6yk\u00fcs\u00fcnde hep Oidipus\u2019u su\u00e7lad\u0131k; annesiyle evlenmesini sapk\u0131nl\u0131k olarak kabul edip \u201c\u00f6dipkompleksi\u201dne onun ad\u0131n\u0131 verdik. Oysa o\u011flunun ya\u015fayabilece\u011fini ve kendisini bulabilece\u011fini uman \u0130akoste de\u011fil midir? Sapk\u0131n<span class=\"excerpt-hellip\"> [\u2026]<\/span><\/p>\n","protected":false},"featured_media":0,"template":"","meta":{"_monsterinsights_skip_tracking":false,"_monsterinsights_sitenote_active":false,"_monsterinsights_sitenote_note":"","_monsterinsights_sitenote_category":0},"product_brand":[],"product_cat":[17502,13488],"product_tag":[],"class_list":{"0":"post-700163","1":"product","2":"type-product","3":"status-publish","5":"product_cat-cinsellik","6":"product_cat-toplum-ve-insan","7":"pa_cilt-ciltsiz","8":"pa_tur-kitap","9":"pa_yayinevi-ayrinti-yayinlari","10":"pa_yazar-estela-v-welldon","12":"first","13":"instock","14":"sale","15":"shipping-taxable","16":"purchasable","17":"product-type-simple"},"_links":{"self":[{"href":"https:\/\/roveyayinevi.com.tr\/index.php\/wp-json\/wp\/v2\/product\/700163","targetHints":{"allow":["GET"]}}],"collection":[{"href":"https:\/\/roveyayinevi.com.tr\/index.php\/wp-json\/wp\/v2\/product"}],"about":[{"href":"https:\/\/roveyayinevi.com.tr\/index.php\/wp-json\/wp\/v2\/types\/product"}],"wp:attachment":[{"href":"https:\/\/roveyayinevi.com.tr\/index.php\/wp-json\/wp\/v2\/media?parent=700163"}],"wp:term":[{"taxonomy":"product_brand","embeddable":true,"href":"https:\/\/roveyayinevi.com.tr\/index.php\/wp-json\/wp\/v2\/product_brand?post=700163"},{"taxonomy":"product_cat","embeddable":true,"href":"https:\/\/roveyayinevi.com.tr\/index.php\/wp-json\/wp\/v2\/product_cat?post=700163"},{"taxonomy":"product_tag","embeddable":true,"href":"https:\/\/roveyayinevi.com.tr\/index.php\/wp-json\/wp\/v2\/product_tag?post=700163"}],"curies":[{"name":"wp","href":"https:\/\/api.w.org\/{rel}","templated":true}]}}