{"id":700161,"date":"2025-08-27T14:56:18","date_gmt":"2025-08-27T11:56:18","guid":{"rendered":"https:\/\/roveyayinevi.com.tr\/index.php\/urun\/islam-peygamberi-hz-muhammed\/"},"modified":"2026-04-16T02:09:33","modified_gmt":"2026-04-15T23:09:33","slug":"islam-peygamberi-hz-muhammed","status":"publish","type":"product","link":"https:\/\/roveyayinevi.com.tr\/index.php\/urun\/islam-peygamberi-hz-muhammed\/","title":{"rendered":"\u0130slam Peygamberi Hz. Muhammed"},"content":{"rendered":"<p>\u201cTarihte, d\u00fcnya ve ahret i\u015flerinde ola\u011fan\u00fcst\u00fc ba\u015far\u0131 kazanm\u0131\u015f olan tek \u015fahsiyet O\u2019dur.\u201d-Michael H. Hart \/ \u201cTarihteki En Etkili 100 Ki\u015fi\u201d kitab\u0131n\u0131n yazar\u0131 <\/p>\n","protected":false},"excerpt":{"rendered":"<p>\u201cTarihte, d\u00fcnya ve ahret i\u015flerinde ola\u011fan\u00fcst\u00fc ba\u015far\u0131 kazanm\u0131\u015f olan tek \u015fahsiyet O\u2019dur.\u201d-Michael H. Hart \/ \u201cTarihteki En Etkili 100 Ki\u015fi\u201d kitab\u0131n\u0131n yazar\u0131<\/p>\n","protected":false},"featured_media":0,"template":"","meta":{"_monsterinsights_skip_tracking":false,"_monsterinsights_sitenote_active":false,"_monsterinsights_sitenote_note":"","_monsterinsights_sitenote_category":0},"product_brand":[],"product_cat":[12718,12719],"product_tag":[],"class_list":{"0":"post-700161","1":"product","2":"type-product","3":"status-publish","5":"product_cat-din","6":"product_cat-islam","7":"pa_tur-kitap","8":"pa_yayinevi-hayat-yayinlari","9":"pa_yazar-sam-deep","11":"first","12":"instock","13":"sale","14":"shipping-taxable","15":"purchasable","16":"product-type-simple"},"_links":{"self":[{"href":"https:\/\/roveyayinevi.com.tr\/index.php\/wp-json\/wp\/v2\/product\/700161","targetHints":{"allow":["GET"]}}],"collection":[{"href":"https:\/\/roveyayinevi.com.tr\/index.php\/wp-json\/wp\/v2\/product"}],"about":[{"href":"https:\/\/roveyayinevi.com.tr\/index.php\/wp-json\/wp\/v2\/types\/product"}],"wp:attachment":[{"href":"https:\/\/roveyayinevi.com.tr\/index.php\/wp-json\/wp\/v2\/media?parent=700161"}],"wp:term":[{"taxonomy":"product_brand","embeddable":true,"href":"https:\/\/roveyayinevi.com.tr\/index.php\/wp-json\/wp\/v2\/product_brand?post=700161"},{"taxonomy":"product_cat","embeddable":true,"href":"https:\/\/roveyayinevi.com.tr\/index.php\/wp-json\/wp\/v2\/product_cat?post=700161"},{"taxonomy":"product_tag","embeddable":true,"href":"https:\/\/roveyayinevi.com.tr\/index.php\/wp-json\/wp\/v2\/product_tag?post=700161"}],"curies":[{"name":"wp","href":"https:\/\/api.w.org\/{rel}","templated":true}]}}