{"id":700160,"date":"2025-08-27T14:56:18","date_gmt":"2025-08-27T11:56:18","guid":{"rendered":"https:\/\/roveyayinevi.com.tr\/index.php\/urun\/bir-yazarin-gunlugu\/"},"modified":"2026-04-16T02:09:33","modified_gmt":"2026-04-15T23:09:33","slug":"bir-yazarin-gunlugu","status":"publish","type":"product","link":"https:\/\/roveyayinevi.com.tr\/index.php\/urun\/bir-yazarin-gunlugu\/","title":{"rendered":"Bir Yazar\u0131n G\u00fcnl\u00fc\u011f\u00fc"},"content":{"rendered":"<p>\u201cVirginia Woolf\u2019un Bir Yazar\u0131n G\u00fcnl\u00fc\u011f\u00fc\u2019n\u00fc okumak bana cesaret verdi\u2026 Muhakkak okunmas\u0131 gereken bir kitap.\u201d                                                                                                SYLVIA PLATH   Bir Yazar\u0131n G\u00fcnl\u00fc\u011f\u00fc, modern edebiyat\u0131n en b\u00fcy\u00fck isimlerinden Virginia Woolf\u2019u, sanat\u0131na vurgun bir yazar, tutkulu bir okur, ola\u011fan\u00fcst\u00fc bir g\u00f6zlemci ve alabildi\u011fine hassas bir ki\u015filik olarak \u00e7\u0131kar\u0131yor kar\u015f\u0131m\u0131za.   Yazar\u0131n, ele\u015ftiriler ve okur tepkileri kar\u015f\u0131s\u0131nda ya\u015fad\u0131\u011f\u0131 sevin\u00e7 ve isyan duygular\u0131na, klasikler hakk\u0131ndaki g\u00f6r\u00fc\u015flerine; g\u00fcncel olaylara, d\u00f6nemin \u00f6nemli sanat\u00e7\u0131 ve ayd\u0131nlar\u0131na dair d\u00fc\u015f\u00fcncelerine, birer portre de\u011ferindeki betimlemelerine tan\u0131kl\u0131k ediyoruz.   Woolf\u2019un, 1918\u2019den 1941\u2019e, \u00f6l\u00fcm\u00fcnden \u00fc\u00e7 hafta \u00f6ncesine kadar tuttu\u011fu g\u00fcnl\u00fckler,  Mrs. Dalloway, Deniz Feneri, Dalgalar gibi romanlarla edebiyat tarihine y\u00f6n vermi\u015f cesur bir yazar\u0131n i\u00e7 d\u00fcnyas\u0131n\u0131 g\u00f6zler \u00f6n\u00fcne seriyor.   \u201cBir Yazar\u0131n G\u00fcnl\u00fc\u011f\u00fc\u2026 Virginia Woolf\u2019un kendisidir\u2026 Zira kitap b\u00fct\u00fcn\u00fcnde tutkulu bir ili\u015fkinin ini\u015f \u00e7\u0131k\u0131\u015flar\u0131yla titre\u015fiyor\u2026 o ve sanat\u0131 aras\u0131ndaki yo\u011fun diyalogla gelen gerilimler, \u00e7e\u015fitlemeler, panikler, gezintiler, tela\u015flar ve kendinden ge\u00e7melerle\u2026\u201d ELIZABETH BOWEN <\/p>\n","protected":false},"excerpt":{"rendered":"<p>\u201cVirginia Woolf\u2019un Bir Yazar\u0131n G\u00fcnl\u00fc\u011f\u00fc\u2019n\u00fc okumak bana cesaret verdi\u2026 Muhakkak okunmas\u0131 gereken bir kitap.\u201d SYLVIA PLATH Bir Yazar\u0131n G\u00fcnl\u00fc\u011f\u00fc, modern edebiyat\u0131n en b\u00fcy\u00fck isimlerinden Virginia Woolf\u2019u,<span class=\"excerpt-hellip\"> [\u2026]<\/span><\/p>\n","protected":false},"featured_media":0,"template":"","meta":{"_monsterinsights_skip_tracking":false,"_monsterinsights_sitenote_active":false,"_monsterinsights_sitenote_note":"","_monsterinsights_sitenote_category":0},"product_brand":[],"product_cat":[12782,12291],"product_tag":[],"class_list":{"0":"post-700160","1":"product","2":"type-product","3":"status-publish","5":"product_cat-alman-edebiyati","6":"product_cat-edebiyat","7":"pa_cilt-ciltsiz","8":"pa_tur-kitap","9":"pa_yayinevi-everest-yayinlari","10":"pa_yazar-virginia-woolf","12":"first","13":"instock","14":"sale","15":"shipping-taxable","16":"purchasable","17":"product-type-simple"},"_links":{"self":[{"href":"https:\/\/roveyayinevi.com.tr\/index.php\/wp-json\/wp\/v2\/product\/700160","targetHints":{"allow":["GET"]}}],"collection":[{"href":"https:\/\/roveyayinevi.com.tr\/index.php\/wp-json\/wp\/v2\/product"}],"about":[{"href":"https:\/\/roveyayinevi.com.tr\/index.php\/wp-json\/wp\/v2\/types\/product"}],"wp:attachment":[{"href":"https:\/\/roveyayinevi.com.tr\/index.php\/wp-json\/wp\/v2\/media?parent=700160"}],"wp:term":[{"taxonomy":"product_brand","embeddable":true,"href":"https:\/\/roveyayinevi.com.tr\/index.php\/wp-json\/wp\/v2\/product_brand?post=700160"},{"taxonomy":"product_cat","embeddable":true,"href":"https:\/\/roveyayinevi.com.tr\/index.php\/wp-json\/wp\/v2\/product_cat?post=700160"},{"taxonomy":"product_tag","embeddable":true,"href":"https:\/\/roveyayinevi.com.tr\/index.php\/wp-json\/wp\/v2\/product_tag?post=700160"}],"curies":[{"name":"wp","href":"https:\/\/api.w.org\/{rel}","templated":true}]}}