{"id":700159,"date":"2025-08-27T14:56:18","date_gmt":"2025-08-27T11:56:18","guid":{"rendered":"https:\/\/roveyayinevi.com.tr\/index.php\/urun\/kompozit-malzeme-mekanigi\/"},"modified":"2026-04-16T02:09:33","modified_gmt":"2026-04-15T23:09:33","slug":"kompozit-malzeme-mekanigi","status":"publish","type":"product","link":"https:\/\/roveyayinevi.com.tr\/index.php\/urun\/kompozit-malzeme-mekanigi\/","title":{"rendered":"Kompozit Malzeme Mekani\u011fi"},"content":{"rendered":"<p>Kaw, ayr\u0131nt\u0131l\u0131 ve kapsaml\u0131 \u00f6rnekleriyle y\u00fcksek \u00f6vg\u00fcler alan Kompozit Malzeme Mekani\u011fi kitab\u0131n\u0131n ilk bask\u0131s\u0131n\u0131 1997 y\u0131l\u0131nda sunmu\u015ftur. Ayn\u0131 zamanda kompozit malzemeden \u00fcretilmi\u015f yap\u0131lar\u0131n analizi ve tasar\u0131m\u0131 i\u00e7in de\u011ferli bir ara\u00e7 olan ve bu konuda \u00e7\u0131\u011f\u0131r a\u00e7an Promal yaz\u0131l\u0131m\u0131n\u0131 da tan\u0131tm\u0131\u015ft\u0131r. Bu alandaki son geli\u015fmeleri yans\u0131tmak amac\u0131yla g\u00fcncellenen ve geni\u015fletilen \u0130kinci Bask\u0131da, ilk bask\u0131y\u0131 \u00e7ok satanlar listesinde tutan t\u00fcm \u00f6zellikler- mant\u0131kl\u0131, uygun d\u00fczenlenmi\u015f, kapsaml\u0131, kendi kendine yeten- bulunmaktad\u0131r. \ufffcTan\u0131t\u0131m Metni<\/p>\n","protected":false},"excerpt":{"rendered":"<p>Kaw, ayr\u0131nt\u0131l\u0131 ve kapsaml\u0131 \u00f6rnekleriyle y\u00fcksek \u00f6vg\u00fcler alan Kompozit Malzeme Mekani\u011fi kitab\u0131n\u0131n ilk bask\u0131s\u0131n\u0131 1997 y\u0131l\u0131nda sunmu\u015ftur. Ayn\u0131 zamanda kompozit malzemeden \u00fcretilmi\u015f yap\u0131lar\u0131n analizi ve tasar\u0131m\u0131<span class=\"excerpt-hellip\"> [\u2026]<\/span><\/p>\n","protected":false},"featured_media":0,"template":"","meta":{"_monsterinsights_skip_tracking":false,"_monsterinsights_sitenote_active":false,"_monsterinsights_sitenote_note":"","_monsterinsights_sitenote_category":0},"product_brand":[],"product_cat":[12573,12566],"product_tag":[],"class_list":{"0":"post-700159","1":"product","2":"type-product","3":"status-publish","5":"product_cat-akademik-kitaplar","6":"product_cat-egitim","7":"pa_tur-kitap","8":"pa_yayinevi-efil-yayinevi","9":"pa_yazar-autar-k-kaw","11":"first","12":"instock","13":"sale","14":"shipping-taxable","15":"purchasable","16":"product-type-simple"},"_links":{"self":[{"href":"https:\/\/roveyayinevi.com.tr\/index.php\/wp-json\/wp\/v2\/product\/700159","targetHints":{"allow":["GET"]}}],"collection":[{"href":"https:\/\/roveyayinevi.com.tr\/index.php\/wp-json\/wp\/v2\/product"}],"about":[{"href":"https:\/\/roveyayinevi.com.tr\/index.php\/wp-json\/wp\/v2\/types\/product"}],"wp:attachment":[{"href":"https:\/\/roveyayinevi.com.tr\/index.php\/wp-json\/wp\/v2\/media?parent=700159"}],"wp:term":[{"taxonomy":"product_brand","embeddable":true,"href":"https:\/\/roveyayinevi.com.tr\/index.php\/wp-json\/wp\/v2\/product_brand?post=700159"},{"taxonomy":"product_cat","embeddable":true,"href":"https:\/\/roveyayinevi.com.tr\/index.php\/wp-json\/wp\/v2\/product_cat?post=700159"},{"taxonomy":"product_tag","embeddable":true,"href":"https:\/\/roveyayinevi.com.tr\/index.php\/wp-json\/wp\/v2\/product_tag?post=700159"}],"curies":[{"name":"wp","href":"https:\/\/api.w.org\/{rel}","templated":true}]}}