{"id":700158,"date":"2025-08-27T14:56:17","date_gmt":"2025-08-27T11:56:17","guid":{"rendered":"https:\/\/roveyayinevi.com.tr\/index.php\/urun\/bizansin-gizli-tarihi\/"},"modified":"2026-04-16T02:09:33","modified_gmt":"2026-04-15T23:09:33","slug":"bizansin-gizli-tarihi","status":"publish","type":"product","link":"https:\/\/roveyayinevi.com.tr\/index.php\/urun\/bizansin-gizli-tarihi\/","title":{"rendered":"Bizans\u2019\u0131n Gizli Tarihi"},"content":{"rendered":"<p>Prokopios (500-565): \u00dcnl\u00fc Bizansl\u0131 tarih\u00e7i 527 y\u0131l\u0131nda Komutan Belisarios\u2019un \u00f6zel yazman\u0131 ve hukuk dan\u0131\u015fman\u0131 oldu. \u0130ran, Afrika ve \u0130talya\u2019daki seferlere kat\u0131larak buralarda yap\u0131lan sava\u015flar\u0131 yak\u0131ndan izledi. 560 y\u0131l\u0131nda Prokopios\u2019a \u00e7ok az ki\u015fiye verilen illustres unvan\u0131 verildi, 562 y\u0131l\u0131nda Bizans kenti y\u00f6neticisi oldu. Herodotos ve Thukidides\u2019den etkilenen Prokopios, yazd\u0131\u011f\u0131 resmi tarihlerde onlar\u0131n y\u00f6ntemlerini izlemi\u015ftir. Sava\u015flar Tarihi\u2019nde Bizans ordular\u0131n\u0131n Vandallar, Gotlar ve Perslerle yapt\u0131\u011f\u0131 sava\u015flar\u0131 anlat\u0131r. Yap\u0131lar adl\u0131 eserinde imparatorlu\u011fun kilise, k\u00f6pr\u00fc ve ba\u015fka yap\u0131lar\u0131n\u0131 ele al\u0131r, o d\u00f6nemin mimarisi hakk\u0131nda \u00e7ok de\u011ferli bilgiler verir. Prokopios, \u0130mparator \u0130ustinianos zaman\u0131n\u0131 anlatt\u0131\u011f\u0131 Bizans\u2019\u0131n Gizli Tarihi\u2019nde daha \u00f6nceki kitaplar\u0131nda zamana uydurmak zorunda kald\u0131\u011f\u0131, i\u015fin i\u00e7y\u00fcz\u00fcn\u00fc a\u00e7\u0131klamay\u0131 g\u00f6ze alamad\u0131\u011f\u0131, sessizce ge\u00e7i\u015ftirilmi\u015f olaylar\u0131 apa\u00e7\u0131k ortaya koydu\u011funu belirtir. <\/p>\n","protected":false},"excerpt":{"rendered":"<p>Prokopios (500-565): \u00dcnl\u00fc Bizansl\u0131 tarih\u00e7i 527 y\u0131l\u0131nda Komutan Belisarios\u2019un \u00f6zel yazman\u0131 ve hukuk dan\u0131\u015fman\u0131 oldu. \u0130ran, Afrika ve \u0130talya\u2019daki seferlere kat\u0131larak buralarda yap\u0131lan sava\u015flar\u0131 yak\u0131ndan izledi.<span class=\"excerpt-hellip\"> [\u2026]<\/span><\/p>\n","protected":false},"featured_media":0,"template":"","meta":{"_monsterinsights_skip_tracking":false,"_monsterinsights_sitenote_active":false,"_monsterinsights_sitenote_note":"","_monsterinsights_sitenote_category":0},"product_brand":[],"product_cat":[13517,12304],"product_tag":[],"class_list":{"0":"post-700158","1":"product","2":"type-product","3":"status-publish","5":"product_cat-osmanli-tarihi","6":"product_cat-tarih","7":"pa_cilt-ciltsiz","8":"pa_tur-kitap","9":"pa_yayinevi-is-bankasi-kultur-yayinlari","10":"pa_yazar-prokopios","12":"first","13":"instock","14":"sale","15":"shipping-taxable","16":"purchasable","17":"product-type-simple"},"_links":{"self":[{"href":"https:\/\/roveyayinevi.com.tr\/index.php\/wp-json\/wp\/v2\/product\/700158","targetHints":{"allow":["GET"]}}],"collection":[{"href":"https:\/\/roveyayinevi.com.tr\/index.php\/wp-json\/wp\/v2\/product"}],"about":[{"href":"https:\/\/roveyayinevi.com.tr\/index.php\/wp-json\/wp\/v2\/types\/product"}],"wp:attachment":[{"href":"https:\/\/roveyayinevi.com.tr\/index.php\/wp-json\/wp\/v2\/media?parent=700158"}],"wp:term":[{"taxonomy":"product_brand","embeddable":true,"href":"https:\/\/roveyayinevi.com.tr\/index.php\/wp-json\/wp\/v2\/product_brand?post=700158"},{"taxonomy":"product_cat","embeddable":true,"href":"https:\/\/roveyayinevi.com.tr\/index.php\/wp-json\/wp\/v2\/product_cat?post=700158"},{"taxonomy":"product_tag","embeddable":true,"href":"https:\/\/roveyayinevi.com.tr\/index.php\/wp-json\/wp\/v2\/product_tag?post=700158"}],"curies":[{"name":"wp","href":"https:\/\/api.w.org\/{rel}","templated":true}]}}