{"id":700152,"date":"2025-08-27T14:56:16","date_gmt":"2025-08-27T11:56:16","guid":{"rendered":"https:\/\/roveyayinevi.com.tr\/index.php\/urun\/seker-portakali\/"},"modified":"2026-04-16T02:09:32","modified_gmt":"2026-04-15T23:09:32","slug":"seker-portakali","status":"publish","type":"product","link":"https:\/\/roveyayinevi.com.tr\/index.php\/urun\/seker-portakali\/","title":{"rendered":"\u015eeker Portakal\u0131"},"content":{"rendered":"<p>Yazarl\u0131kta karar k\u0131l\u0131ncaya kadar, boks antren\u00f6rl\u00fc\u011f\u00fcnden ressam ve heykelt\u0131ra\u015flara modellik yapmaya, muz plantasyonlar\u0131nda hamall\u0131ktan gece kul\u00fcplerinde garsonlu\u011fa kadar \u00e7e\u015fitli i\u015flerde \u00e7al\u0131\u015fan Jose Mauro de Vasconcelos\u2019un ba\u015fyap\u0131t\u0131 \u015eeker Portakal\u0131, \u201cg\u00fcn\u00fcn birinde ac\u0131y\u0131 ke\u015ffeden k\u00fc\u00e7\u00fck bir \u00e7ocu\u011fun \u00f6yk\u00fcs\u00fc\u201dd\u00fcr. \u00c7ok yoksul bir ailenin o\u011flu olarak d\u00fcnyaya gelen, dokuz ya\u015f\u0131nda y\u00fczme \u00f6\u011frenirken bir g\u00fcn y\u00fczme \u015fampiyonu olman\u0131n hayalini kuran Vasconcelos\u2019un \u00e7ocuklu\u011fundan derin izler ta\u015f\u0131yan \u015eeker Portakal\u0131, ya\u015fam\u0131n beklenmedik de\u011fi\u015fimleri kar\u015f\u0131s\u0131nda b\u00fcy\u00fck sars\u0131nt\u0131lar ya\u015fayan k\u00fc\u00e7\u00fck Zeze\u2019nin ba\u015f\u0131ndan ge\u00e7enleri anlat\u0131r. Vasconcelos, tam on iki g\u00fcnde yazd\u0131\u011f\u0131 bu roman\u0131 \u201cyirmi y\u0131ldan fazla bir zaman y\u00fcre\u011finde ta\u015f\u0131d\u0131\u011f\u0131n\u0131\u201d s\u00f6yler.<\/p>\n","protected":false},"excerpt":{"rendered":"<p>Yazarl\u0131kta karar k\u0131l\u0131ncaya kadar, boks antren\u00f6rl\u00fc\u011f\u00fcnden ressam ve heykelt\u0131ra\u015flara modellik yapmaya, muz plantasyonlar\u0131nda hamall\u0131ktan gece kul\u00fcplerinde garsonlu\u011fa kadar \u00e7e\u015fitli i\u015flerde \u00e7al\u0131\u015fan Jose Mauro de Vasconcelos\u2019un ba\u015fyap\u0131t\u0131<span class=\"excerpt-hellip\"> [\u2026]<\/span><\/p>\n","protected":false},"featured_media":0,"template":"","meta":{"_monsterinsights_skip_tracking":false,"_monsterinsights_sitenote_active":false,"_monsterinsights_sitenote_note":"","_monsterinsights_sitenote_category":0},"product_brand":[],"product_cat":[13835],"product_tag":[],"class_list":{"0":"post-700152","1":"product","2":"type-product","3":"status-publish","5":"product_cat-cok-satanlar","6":"pa_cilt-ciltsiz","7":"pa_tur-kitap","8":"pa_yayinevi-can-yayinlari","9":"pa_yazar-jose-mauro-de-vasconcelos","11":"first","12":"instock","13":"sale","14":"shipping-taxable","15":"purchasable","16":"product-type-simple"},"_links":{"self":[{"href":"https:\/\/roveyayinevi.com.tr\/index.php\/wp-json\/wp\/v2\/product\/700152","targetHints":{"allow":["GET"]}}],"collection":[{"href":"https:\/\/roveyayinevi.com.tr\/index.php\/wp-json\/wp\/v2\/product"}],"about":[{"href":"https:\/\/roveyayinevi.com.tr\/index.php\/wp-json\/wp\/v2\/types\/product"}],"wp:attachment":[{"href":"https:\/\/roveyayinevi.com.tr\/index.php\/wp-json\/wp\/v2\/media?parent=700152"}],"wp:term":[{"taxonomy":"product_brand","embeddable":true,"href":"https:\/\/roveyayinevi.com.tr\/index.php\/wp-json\/wp\/v2\/product_brand?post=700152"},{"taxonomy":"product_cat","embeddable":true,"href":"https:\/\/roveyayinevi.com.tr\/index.php\/wp-json\/wp\/v2\/product_cat?post=700152"},{"taxonomy":"product_tag","embeddable":true,"href":"https:\/\/roveyayinevi.com.tr\/index.php\/wp-json\/wp\/v2\/product_tag?post=700152"}],"curies":[{"name":"wp","href":"https:\/\/api.w.org\/{rel}","templated":true}]}}