{"id":700150,"date":"2025-08-27T14:56:15","date_gmt":"2025-08-27T11:56:15","guid":{"rendered":"https:\/\/roveyayinevi.com.tr\/index.php\/urun\/bil-beni-bileyim-seni-1\/"},"modified":"2026-04-16T02:09:32","modified_gmt":"2026-04-15T23:09:32","slug":"bil-beni-bileyim-seni-1","status":"publish","type":"product","link":"https:\/\/roveyayinevi.com.tr\/index.php\/urun\/bil-beni-bileyim-seni-1\/","title":{"rendered":"Bil Beni Bileyim Seni 1"},"content":{"rendered":"<p>Bilmece Oynamaya Var M\u0131s\u0131n\u0131z? Bu kitap, S\u00fcleyman Bulut\u2019un derledi\u011fi, Anadolu\u2019da y\u00fczy\u0131llard\u0131r sorulan bilmecelerden olu\u015fuyor. Halk edebiyat\u0131 ve ak\u0131l \u00fcr\u00fcn\u00fc birbirinden g\u00fczel bu bilmeceler sizleri hem d\u00fc\u015f\u00fcnd\u00fcrecek hem de e\u011flendirecek. \ufffcTan\u0131t\u0131m Metni<\/p>\n","protected":false},"excerpt":{"rendered":"<p>Bilmece Oynamaya Var M\u0131s\u0131n\u0131z? Bu kitap, S\u00fcleyman Bulut\u2019un derledi\u011fi, Anadolu\u2019da y\u00fczy\u0131llard\u0131r sorulan bilmecelerden olu\u015fuyor. Halk edebiyat\u0131 ve ak\u0131l \u00fcr\u00fcn\u00fc birbirinden g\u00fczel bu bilmeceler sizleri hem d\u00fc\u015f\u00fcnd\u00fcrecek<span class=\"excerpt-hellip\"> [\u2026]<\/span><\/p>\n","protected":false},"featured_media":0,"template":"","meta":{"_monsterinsights_skip_tracking":false,"_monsterinsights_sitenote_active":false,"_monsterinsights_sitenote_note":"","_monsterinsights_sitenote_category":0},"product_brand":[],"product_cat":[12492,12274],"product_tag":[],"class_list":{"0":"post-700150","1":"product","2":"type-product","3":"status-publish","5":"product_cat-bilmece-bulmaca","6":"product_cat-cocuk-ve-genclik-kitaplari","7":"pa_cilt-ciltsiz","8":"pa_tur-kitap","9":"pa_yayinevi-can-cocuk-yayinlari","10":"pa_yazar-suleyman-bulut","12":"first","13":"instock","14":"sale","15":"shipping-taxable","16":"purchasable","17":"product-type-simple"},"_links":{"self":[{"href":"https:\/\/roveyayinevi.com.tr\/index.php\/wp-json\/wp\/v2\/product\/700150","targetHints":{"allow":["GET"]}}],"collection":[{"href":"https:\/\/roveyayinevi.com.tr\/index.php\/wp-json\/wp\/v2\/product"}],"about":[{"href":"https:\/\/roveyayinevi.com.tr\/index.php\/wp-json\/wp\/v2\/types\/product"}],"wp:attachment":[{"href":"https:\/\/roveyayinevi.com.tr\/index.php\/wp-json\/wp\/v2\/media?parent=700150"}],"wp:term":[{"taxonomy":"product_brand","embeddable":true,"href":"https:\/\/roveyayinevi.com.tr\/index.php\/wp-json\/wp\/v2\/product_brand?post=700150"},{"taxonomy":"product_cat","embeddable":true,"href":"https:\/\/roveyayinevi.com.tr\/index.php\/wp-json\/wp\/v2\/product_cat?post=700150"},{"taxonomy":"product_tag","embeddable":true,"href":"https:\/\/roveyayinevi.com.tr\/index.php\/wp-json\/wp\/v2\/product_tag?post=700150"}],"curies":[{"name":"wp","href":"https:\/\/api.w.org\/{rel}","templated":true}]}}