{"id":700148,"date":"2025-08-27T14:56:14","date_gmt":"2025-08-27T11:56:14","guid":{"rendered":"https:\/\/roveyayinevi.com.tr\/index.php\/urun\/secilen\/"},"modified":"2026-04-16T02:09:32","modified_gmt":"2026-04-15T23:09:32","slug":"secilen","status":"publish","type":"product","link":"https:\/\/roveyayinevi.com.tr\/index.php\/urun\/secilen\/","title":{"rendered":"Se\u00e7ilen"},"content":{"rendered":"<p>1875-1955 y\u0131llar\u0131 aras\u0131nda ya\u015fam\u0131\u015f olan Alman yazar\u0131 Thomas Mann, hen\u00fcz \u00fcnl\u00fc yap\u0131t\u0131 Doktor Faustus\u2019u yazarken s\u0131rad\u0131\u015f\u0131 bir kukla oyunu olarak tasarlamaya ba\u015flad\u0131\u011f\u0131 bu mizah dolu \u00f6yk\u00fcs\u00fcnde, yaln\u0131zca Orta\u00e7a\u011f\u0131n b\u00fcy\u00fcleyici dekorunda ge\u00e7en saray a\u015fklar\u0131n\u0131, \u015f\u00f6valyeleri, cahil k\u00f6yl\u00fcleri ve Papal\u0131\u011f\u0131n g\u00f6rkemini anlatmakla kalm\u0131yor, ruhbilimsel a\u00e7\u0131dan, Oedipus kompleksini, insan zaaflar\u0131n\u0131, arzunun \u00e7ok y\u00f6nl\u00fcl\u00fc\u011f\u00fcn\u00fc ve g\u00fcnah \u00f6\u011fesinin nedenlerini, siyasal a\u00e7\u0131dan da g\u00fcc\u00fc ve g\u00fc\u00e7 da\u011f\u0131l\u0131m\u0131n\u0131 irdeliyor. Sibylla ve Wiligis ad\u0131ndaki karde\u015flerin, narsistik ve ayni zamanda hergemetik \u00f6\u011feleri i\u00e7eren d\u0131\u015fa kapal\u0131 a\u015fklar\u0131n\u0131 ve o\u011fullar\u0131 Gregorius\u2019un ge\u00e7irdi\u011fi i\u00e7 yolculuk sonucunda olgunla\u015farak t\u00fcm\u00fc kapsayan evrensel boyutlardaki sevgiye ula\u015fmas\u0131n\u0131 incelikli bir bi\u00e7imde anlat\u0131yor. \ufffcTan\u0131t\u0131m Metni<\/p>\n","protected":false},"excerpt":{"rendered":"<p>1875-1955 y\u0131llar\u0131 aras\u0131nda ya\u015fam\u0131\u015f olan Alman yazar\u0131 Thomas Mann, hen\u00fcz \u00fcnl\u00fc yap\u0131t\u0131 Doktor Faustus\u2019u yazarken s\u0131rad\u0131\u015f\u0131 bir kukla oyunu olarak tasarlamaya ba\u015flad\u0131\u011f\u0131 bu mizah dolu \u00f6yk\u00fcs\u00fcnde,<span class=\"excerpt-hellip\"> [\u2026]<\/span><\/p>\n","protected":false},"featured_media":0,"template":"","meta":{"_monsterinsights_skip_tracking":false,"_monsterinsights_sitenote_active":false,"_monsterinsights_sitenote_note":"","_monsterinsights_sitenote_category":0},"product_brand":[],"product_cat":[12782,12291],"product_tag":[],"class_list":{"0":"post-700148","1":"product","2":"type-product","3":"status-publish","5":"product_cat-alman-edebiyati","6":"product_cat-edebiyat","7":"pa_cilt-ciltsiz","8":"pa_tur-kitap","9":"pa_yayinevi-can-yayinlari","10":"pa_yazar-thomas-mann","12":"first","13":"instock","14":"sale","15":"shipping-taxable","16":"purchasable","17":"product-type-simple"},"_links":{"self":[{"href":"https:\/\/roveyayinevi.com.tr\/index.php\/wp-json\/wp\/v2\/product\/700148","targetHints":{"allow":["GET"]}}],"collection":[{"href":"https:\/\/roveyayinevi.com.tr\/index.php\/wp-json\/wp\/v2\/product"}],"about":[{"href":"https:\/\/roveyayinevi.com.tr\/index.php\/wp-json\/wp\/v2\/types\/product"}],"wp:attachment":[{"href":"https:\/\/roveyayinevi.com.tr\/index.php\/wp-json\/wp\/v2\/media?parent=700148"}],"wp:term":[{"taxonomy":"product_brand","embeddable":true,"href":"https:\/\/roveyayinevi.com.tr\/index.php\/wp-json\/wp\/v2\/product_brand?post=700148"},{"taxonomy":"product_cat","embeddable":true,"href":"https:\/\/roveyayinevi.com.tr\/index.php\/wp-json\/wp\/v2\/product_cat?post=700148"},{"taxonomy":"product_tag","embeddable":true,"href":"https:\/\/roveyayinevi.com.tr\/index.php\/wp-json\/wp\/v2\/product_tag?post=700148"}],"curies":[{"name":"wp","href":"https:\/\/api.w.org\/{rel}","templated":true}]}}