{"id":700147,"date":"2025-08-27T14:56:14","date_gmt":"2025-08-27T11:56:14","guid":{"rendered":"https:\/\/roveyayinevi.com.tr\/index.php\/urun\/beyaz-yele\/"},"modified":"2026-04-16T02:09:32","modified_gmt":"2026-04-15T23:09:32","slug":"beyaz-yele","status":"publish","type":"product","link":"https:\/\/roveyayinevi.com.tr\/index.php\/urun\/beyaz-yele\/","title":{"rendered":"Beyaz Yele"},"content":{"rendered":"<p>Frans\u0131z yazar\u0131 Rene Guillot, \u00e7ocuklar i\u00e7in birbirinden g\u00fczel pek \u00e7ok roman yazd\u0131. Ama yazd\u0131klar\u0131 aras\u0131nda en sevileni Beyaz Yele oldu. Bu romanda, on iki ya\u015f\u0131ndaki bir \u00e7ocukla beyaz bir at aras\u0131ndaki b\u00fcy\u00fck dostluk anlat\u0131l\u0131yor. Batakl\u0131klar, sazl\u0131klar, g\u00f6ller, da\u011flar&#8230; Do\u011fa g\u00fczellikleri i\u00e7inde do\u011fup geli\u015fen m\u00fcthi\u015f bir dostluk. Folko ile Beyaz Yele&#8217;nin unutulmaz dostlu\u011fu. Folko, y\u00fcre\u011fi sevgiyle dolu, yoksul bir bal\u0131k\u00e7\u0131 \u00e7ocu\u011fu. Beyaz Yele, ba\u015f\u0131bo\u015f at s\u00fcr\u00fcleriyle \u00f6zg\u00fcrce dola\u015fan, kimselerin eline ge\u00e7iremedi\u011fi, yaban\u0131l, bembeyaz bir y\u0131lk\u0131 at\u0131, bir prens. Bu roman\u0131n filmi de yap\u0131ld\u0131. Film de, roman\u0131 gibi her ya\u015ftaki insan\u0131n y\u00fcre\u011finde derin izler b\u0131rakt\u0131. \u0130lk ve ortaokul \u00e7a\u011f\u0131ndaki \u00e7ocuklar kadar, b\u00fcy\u00fcklerin de severek okuyaca\u011f\u0131 bir roman. <\/p>\n","protected":false},"excerpt":{"rendered":"<p>Frans\u0131z yazar\u0131 Rene Guillot, \u00e7ocuklar i\u00e7in birbirinden g\u00fczel pek \u00e7ok roman yazd\u0131. Ama yazd\u0131klar\u0131 aras\u0131nda en sevileni Beyaz Yele oldu. Bu romanda, on iki ya\u015f\u0131ndaki bir<span class=\"excerpt-hellip\"> [\u2026]<\/span><\/p>\n","protected":false},"featured_media":0,"template":"","meta":{"_monsterinsights_skip_tracking":false,"_monsterinsights_sitenote_active":false,"_monsterinsights_sitenote_note":"","_monsterinsights_sitenote_category":0},"product_brand":[],"product_cat":[12274,12284],"product_tag":[],"class_list":{"0":"post-700147","1":"product","2":"type-product","3":"status-publish","5":"product_cat-cocuk-ve-genclik-kitaplari","6":"product_cat-hikayeler","7":"pa_cilt-ciltsiz","8":"pa_tur-kitap","9":"pa_yayinevi-can-cocuk-yayinlari","10":"pa_yazar-rene-guillot","12":"first","13":"instock","14":"sale","15":"shipping-taxable","16":"purchasable","17":"product-type-simple"},"_links":{"self":[{"href":"https:\/\/roveyayinevi.com.tr\/index.php\/wp-json\/wp\/v2\/product\/700147","targetHints":{"allow":["GET"]}}],"collection":[{"href":"https:\/\/roveyayinevi.com.tr\/index.php\/wp-json\/wp\/v2\/product"}],"about":[{"href":"https:\/\/roveyayinevi.com.tr\/index.php\/wp-json\/wp\/v2\/types\/product"}],"wp:attachment":[{"href":"https:\/\/roveyayinevi.com.tr\/index.php\/wp-json\/wp\/v2\/media?parent=700147"}],"wp:term":[{"taxonomy":"product_brand","embeddable":true,"href":"https:\/\/roveyayinevi.com.tr\/index.php\/wp-json\/wp\/v2\/product_brand?post=700147"},{"taxonomy":"product_cat","embeddable":true,"href":"https:\/\/roveyayinevi.com.tr\/index.php\/wp-json\/wp\/v2\/product_cat?post=700147"},{"taxonomy":"product_tag","embeddable":true,"href":"https:\/\/roveyayinevi.com.tr\/index.php\/wp-json\/wp\/v2\/product_tag?post=700147"}],"curies":[{"name":"wp","href":"https:\/\/api.w.org\/{rel}","templated":true}]}}