{"id":700144,"date":"2025-08-27T14:56:13","date_gmt":"2025-08-27T11:56:13","guid":{"rendered":"https:\/\/roveyayinevi.com.tr\/index.php\/urun\/atesin-cocuklari\/"},"modified":"2026-04-16T02:09:32","modified_gmt":"2026-04-15T23:09:32","slug":"atesin-cocuklari","status":"publish","type":"product","link":"https:\/\/roveyayinevi.com.tr\/index.php\/urun\/atesin-cocuklari\/","title":{"rendered":"Ate\u015fin \u00c7ocuklar\u0131"},"content":{"rendered":"<p>Tarih \u00f6ncesindeki yolculu\u011fumuz kald\u0131\u011f\u0131m\u0131z yerden devam ediyor! D\u00fcnyam\u0131z\u0131n \u0130lk \u015eafa\u011f\u0131\u2019nda tan\u0131\u015ft\u0131\u011f\u0131n\u0131z Ningur ve Ninlil\u2019in ser\u00fcvenleri bu kitapta da devam ediyor. Ningur, yery\u00fcz\u00fcn\u00fcn bu en eski yerle\u015fim yerlerinden olan \u00c7atalh\u00f6y\u00fck\u2019teki k\u00f6y\u00fcn art\u0131k ba\u015fkan\u0131. K\u0131z karde\u015fiyle birlikte bug\u00fcn bizim kullanmakta oldu\u011fumuz bir\u00e7ok madeni ke\u015ffediyor ve onlardan alet yapmay\u0131 \u00f6\u011freniyor. Onlar\u0131 dikkatlice izleyin, belki bundan on bin y\u0131l sonra, sizin de bulu\u015flar\u0131n\u0131z\u0131 yazacak birileri olur. Ne dersiniz? Serinin son kitab\u0131 Bolluk ve Sava\u015f\u2019\u0131 da, raf\u0131n\u0131za eklemeyi unutmay\u0131n! <\/p>\n","protected":false},"excerpt":{"rendered":"<p>Tarih \u00f6ncesindeki yolculu\u011fumuz kald\u0131\u011f\u0131m\u0131z yerden devam ediyor! D\u00fcnyam\u0131z\u0131n \u0130lk \u015eafa\u011f\u0131\u2019nda tan\u0131\u015ft\u0131\u011f\u0131n\u0131z Ningur ve Ninlil\u2019in ser\u00fcvenleri bu kitapta da devam ediyor. Ningur, yery\u00fcz\u00fcn\u00fcn bu en eski yerle\u015fim<span class=\"excerpt-hellip\"> [\u2026]<\/span><\/p>\n","protected":false},"featured_media":0,"template":"","meta":{"_monsterinsights_skip_tracking":false,"_monsterinsights_sitenote_active":false,"_monsterinsights_sitenote_note":"","_monsterinsights_sitenote_category":0},"product_brand":[],"product_cat":[12274,12284],"product_tag":[],"class_list":{"0":"post-700144","1":"product","2":"type-product","3":"status-publish","5":"product_cat-cocuk-ve-genclik-kitaplari","6":"product_cat-hikayeler","7":"pa_cilt-ciltsiz","8":"pa_tur-kitap","9":"pa_yayinevi-can-cocuk-yayinlari","10":"pa_yazar-bilgin-adali","12":"first","13":"instock","14":"sale","15":"shipping-taxable","16":"purchasable","17":"product-type-simple"},"_links":{"self":[{"href":"https:\/\/roveyayinevi.com.tr\/index.php\/wp-json\/wp\/v2\/product\/700144","targetHints":{"allow":["GET"]}}],"collection":[{"href":"https:\/\/roveyayinevi.com.tr\/index.php\/wp-json\/wp\/v2\/product"}],"about":[{"href":"https:\/\/roveyayinevi.com.tr\/index.php\/wp-json\/wp\/v2\/types\/product"}],"wp:attachment":[{"href":"https:\/\/roveyayinevi.com.tr\/index.php\/wp-json\/wp\/v2\/media?parent=700144"}],"wp:term":[{"taxonomy":"product_brand","embeddable":true,"href":"https:\/\/roveyayinevi.com.tr\/index.php\/wp-json\/wp\/v2\/product_brand?post=700144"},{"taxonomy":"product_cat","embeddable":true,"href":"https:\/\/roveyayinevi.com.tr\/index.php\/wp-json\/wp\/v2\/product_cat?post=700144"},{"taxonomy":"product_tag","embeddable":true,"href":"https:\/\/roveyayinevi.com.tr\/index.php\/wp-json\/wp\/v2\/product_tag?post=700144"}],"curies":[{"name":"wp","href":"https:\/\/api.w.org\/{rel}","templated":true}]}}