{"id":700143,"date":"2025-08-27T14:56:13","date_gmt":"2025-08-27T11:56:13","guid":{"rendered":"https:\/\/roveyayinevi.com.tr\/index.php\/urun\/az-bucuk-teo\/"},"modified":"2026-04-16T02:09:32","modified_gmt":"2026-04-15T23:09:32","slug":"az-bucuk-teo","status":"publish","type":"product","link":"https:\/\/roveyayinevi.com.tr\/index.php\/urun\/az-bucuk-teo\/","title":{"rendered":"Az Bu\u00e7uk Teo"},"content":{"rendered":"<p>Bir el arabas\u0131na doldurulmu\u015f derme \u00e7atma e\u015fya, derisi d\u00f6k\u00fclm\u00fc\u015f bir bavulla gelmi\u015fti yeni kirac\u0131. G\u00f6r\u00fcn\u00fc\u015f\u00fc, &#8216;d\u00fcnya umurumda degil&#8217; diyordu. Kafas\u0131n\u0131, kulaklar\u0131n\u0131n \u00fcst\u00fcnden iki parmak, ensesinden d\u00f6rt parmak kaz\u0131tm\u0131\u015f, ku\u015f yuvas\u0131na benzemi\u015fti. K\u0131sa boylu, \u00e7\u00f6k\u00fck yanakl\u0131, e\u011fri di\u015fliydi. Ya\u015f\u0131n\u0131 kestirmek zordu. Kamburuna bak\u0131nca altm\u0131\u015f, yuvarlanarak y\u00fcr\u00fcy\u00fc\u015f\u00fcne g\u00f6re otuz, g\u00f6zl\u00fck camlar\u0131n\u0131n kal\u0131nl\u0131\u011f\u0131na g\u00f6re elliydi. S\u00f6ylemeyi unuttum adam\u0131n ad\u0131 Teo. Garip bir mahallede bir eski apartman. Ad\u0131: Palas Pand\u0131ras Apartman\u0131. Her kat\u0131nda iki\u015fer daire var. Oturanlar\u0131n \u00e7o\u011fu da kirac\u0131. Bo\u015falan bir daireye, bir g\u00fcn, yeni bir kirac\u0131 ta\u015f\u0131n\u0131r. Yukar\u0131da, Sevim Ak&#8217;\u0131n c\u00fcmleleriyle tan\u0131tmaya \u00e7al\u0131\u015ft\u0131\u011f\u0131m\u0131z Teo&#8217;dur bu. Bu de\u011fi\u015fik insan apartman\u0131n da, mahallenin de ya\u015fam\u0131n\u0131 de\u011fi\u015ftirecektir. Gelin bu Az Bu\u00e7uk Teo&#8217;nun ser\u00fcvenini, bir \u00e7ocu\u011fun g\u00f6z\u00fcnden birlikte izleyelim. <\/p>\n","protected":false},"excerpt":{"rendered":"<p>Bir el arabas\u0131na doldurulmu\u015f derme \u00e7atma e\u015fya, derisi d\u00f6k\u00fclm\u00fc\u015f bir bavulla gelmi\u015fti yeni kirac\u0131. G\u00f6r\u00fcn\u00fc\u015f\u00fc, &#8216;d\u00fcnya umurumda degil&#8217; diyordu. Kafas\u0131n\u0131, kulaklar\u0131n\u0131n \u00fcst\u00fcnden iki parmak, ensesinden d\u00f6rt<span class=\"excerpt-hellip\"> [\u2026]<\/span><\/p>\n","protected":false},"featured_media":0,"template":"","meta":{"_monsterinsights_skip_tracking":false,"_monsterinsights_sitenote_active":false,"_monsterinsights_sitenote_note":"","_monsterinsights_sitenote_category":0},"product_brand":[],"product_cat":[12274,12284],"product_tag":[],"class_list":{"0":"post-700143","1":"product","2":"type-product","3":"status-publish","5":"product_cat-cocuk-ve-genclik-kitaplari","6":"product_cat-hikayeler","7":"pa_cilt-ciltsiz","8":"pa_tur-kitap","9":"pa_yayinevi-can-cocuk-yayinlari","10":"pa_yazar-sevim-ak","12":"first","13":"instock","14":"sale","15":"shipping-taxable","16":"purchasable","17":"product-type-simple"},"_links":{"self":[{"href":"https:\/\/roveyayinevi.com.tr\/index.php\/wp-json\/wp\/v2\/product\/700143","targetHints":{"allow":["GET"]}}],"collection":[{"href":"https:\/\/roveyayinevi.com.tr\/index.php\/wp-json\/wp\/v2\/product"}],"about":[{"href":"https:\/\/roveyayinevi.com.tr\/index.php\/wp-json\/wp\/v2\/types\/product"}],"wp:attachment":[{"href":"https:\/\/roveyayinevi.com.tr\/index.php\/wp-json\/wp\/v2\/media?parent=700143"}],"wp:term":[{"taxonomy":"product_brand","embeddable":true,"href":"https:\/\/roveyayinevi.com.tr\/index.php\/wp-json\/wp\/v2\/product_brand?post=700143"},{"taxonomy":"product_cat","embeddable":true,"href":"https:\/\/roveyayinevi.com.tr\/index.php\/wp-json\/wp\/v2\/product_cat?post=700143"},{"taxonomy":"product_tag","embeddable":true,"href":"https:\/\/roveyayinevi.com.tr\/index.php\/wp-json\/wp\/v2\/product_tag?post=700143"}],"curies":[{"name":"wp","href":"https:\/\/api.w.org\/{rel}","templated":true}]}}