{"id":700141,"date":"2025-08-27T14:56:12","date_gmt":"2025-08-27T11:56:12","guid":{"rendered":"https:\/\/roveyayinevi.com.tr\/index.php\/urun\/ataturk-hangi-takimi-tutuyordu\/"},"modified":"2026-04-16T02:09:32","modified_gmt":"2026-04-15T23:09:32","slug":"ataturk-hangi-takimi-tutuyordu","status":"publish","type":"product","link":"https:\/\/roveyayinevi.com.tr\/index.php\/urun\/ataturk-hangi-takimi-tutuyordu\/","title":{"rendered":"Atat\u00fcrk Hangi Tak\u0131m\u0131 Tutuyordu?"},"content":{"rendered":"<p>Atat\u00fcrk Hangi Tak\u0131m\u0131 Tutuyordu? sorusunun cevab\u0131 bu kitapta! Be\u015fikta\u015f\u2019\u0131 m\u0131, Fenerbah\u00e7e\u2019yi mi, Galatasaray\u2019\u0131 m\u0131, Kar\u015f\u0131yaka\u2019y\u0131 m\u0131, Altay\u2019\u0131 m\u0131? Kendi kurdurdu\u011fu Muhaf\u0131zg\u00fcc\u00fc\u2019n\u00fc m\u00fc? Yoksa isim babas\u0131 oldu\u011fu G\u00fcne\u015fspor\u2019u mu? Belgeler ne g\u00f6steriyor? Bilgiler ne diyor? Atat\u00fcrk\u2019\u00fcn yak\u0131n\u0131ndaki ki\u015filer bu konuda ne anlat\u0131yor? <\/p>\n","protected":false},"excerpt":{"rendered":"<p>Atat\u00fcrk Hangi Tak\u0131m\u0131 Tutuyordu? sorusunun cevab\u0131 bu kitapta! Be\u015fikta\u015f\u2019\u0131 m\u0131, Fenerbah\u00e7e\u2019yi mi, Galatasaray\u2019\u0131 m\u0131, Kar\u015f\u0131yaka\u2019y\u0131 m\u0131, Altay\u2019\u0131 m\u0131? Kendi kurdurdu\u011fu Muhaf\u0131zg\u00fcc\u00fc\u2019n\u00fc m\u00fc? Yoksa isim babas\u0131 oldu\u011fu<span class=\"excerpt-hellip\"> [\u2026]<\/span><\/p>\n","protected":false},"featured_media":0,"template":"","meta":{"_monsterinsights_skip_tracking":false,"_monsterinsights_sitenote_active":false,"_monsterinsights_sitenote_note":"","_monsterinsights_sitenote_category":0},"product_brand":[],"product_cat":[12274,12523],"product_tag":[],"class_list":{"0":"post-700141","1":"product","2":"type-product","3":"status-publish","5":"product_cat-cocuk-ve-genclik-kitaplari","6":"product_cat-masallar","7":"pa_cilt-ciltsiz","8":"pa_tur-kitap","9":"pa_yayinevi-can-cocuk-yayinlari","10":"pa_yazar-suleyman-bulut","12":"first","13":"instock","14":"sale","15":"shipping-taxable","16":"purchasable","17":"product-type-simple"},"_links":{"self":[{"href":"https:\/\/roveyayinevi.com.tr\/index.php\/wp-json\/wp\/v2\/product\/700141","targetHints":{"allow":["GET"]}}],"collection":[{"href":"https:\/\/roveyayinevi.com.tr\/index.php\/wp-json\/wp\/v2\/product"}],"about":[{"href":"https:\/\/roveyayinevi.com.tr\/index.php\/wp-json\/wp\/v2\/types\/product"}],"wp:attachment":[{"href":"https:\/\/roveyayinevi.com.tr\/index.php\/wp-json\/wp\/v2\/media?parent=700141"}],"wp:term":[{"taxonomy":"product_brand","embeddable":true,"href":"https:\/\/roveyayinevi.com.tr\/index.php\/wp-json\/wp\/v2\/product_brand?post=700141"},{"taxonomy":"product_cat","embeddable":true,"href":"https:\/\/roveyayinevi.com.tr\/index.php\/wp-json\/wp\/v2\/product_cat?post=700141"},{"taxonomy":"product_tag","embeddable":true,"href":"https:\/\/roveyayinevi.com.tr\/index.php\/wp-json\/wp\/v2\/product_tag?post=700141"}],"curies":[{"name":"wp","href":"https:\/\/api.w.org\/{rel}","templated":true}]}}