{"id":700139,"date":"2025-08-27T14:56:12","date_gmt":"2025-08-27T11:56:12","guid":{"rendered":"https:\/\/roveyayinevi.com.tr\/index.php\/urun\/berta-ve-girolamo\/"},"modified":"2026-04-16T02:09:32","modified_gmt":"2026-04-15T23:09:32","slug":"berta-ve-girolamo","status":"publish","type":"product","link":"https:\/\/roveyayinevi.com.tr\/index.php\/urun\/berta-ve-girolamo\/","title":{"rendered":"Berta ve Girolamo"},"content":{"rendered":"<p>Orman\u0131n en g\u00fczel hayvan\u0131 kim? Suayg\u0131r\u0131 Girolamo ve z\u00fcrafa Berta, en g\u00fczel hayvan\u0131n kendisi oldu\u011funu d\u00fc\u015f\u00fcn\u00fcr. Avc\u0131, hayvanat bah\u00e7esine g\u00f6t\u00fcrmek i\u00e7in orman\u0131n en g\u00fczel hayvan\u0131n\u0131 yakalamaya geldi\u011finde de b\u00f6yle oldu\u011funu iddia edebilecekler mi? Hay\u0131r! \ufffcTan\u0131t\u0131m Metni<\/p>\n","protected":false},"excerpt":{"rendered":"<p>Orman\u0131n en g\u00fczel hayvan\u0131 kim? Suayg\u0131r\u0131 Girolamo ve z\u00fcrafa Berta, en g\u00fczel hayvan\u0131n kendisi oldu\u011funu d\u00fc\u015f\u00fcn\u00fcr. Avc\u0131, hayvanat bah\u00e7esine g\u00f6t\u00fcrmek i\u00e7in orman\u0131n en g\u00fczel hayvan\u0131n\u0131 yakalamaya<span class=\"excerpt-hellip\"> [\u2026]<\/span><\/p>\n","protected":false},"featured_media":0,"template":"","meta":{"_monsterinsights_skip_tracking":false,"_monsterinsights_sitenote_active":false,"_monsterinsights_sitenote_note":"","_monsterinsights_sitenote_category":0},"product_brand":[],"product_cat":[12274,12284],"product_tag":[],"class_list":{"0":"post-700139","1":"product","2":"type-product","3":"status-publish","5":"product_cat-cocuk-ve-genclik-kitaplari","6":"product_cat-hikayeler","7":"pa_cilt-ciltsiz","8":"pa_tur-kitap","9":"pa_yayinevi-can-cocuk-yayinlari","10":"pa_yazar-gionata-bernasconi","12":"first","13":"instock","14":"sale","15":"shipping-taxable","16":"purchasable","17":"product-type-simple"},"_links":{"self":[{"href":"https:\/\/roveyayinevi.com.tr\/index.php\/wp-json\/wp\/v2\/product\/700139","targetHints":{"allow":["GET"]}}],"collection":[{"href":"https:\/\/roveyayinevi.com.tr\/index.php\/wp-json\/wp\/v2\/product"}],"about":[{"href":"https:\/\/roveyayinevi.com.tr\/index.php\/wp-json\/wp\/v2\/types\/product"}],"wp:attachment":[{"href":"https:\/\/roveyayinevi.com.tr\/index.php\/wp-json\/wp\/v2\/media?parent=700139"}],"wp:term":[{"taxonomy":"product_brand","embeddable":true,"href":"https:\/\/roveyayinevi.com.tr\/index.php\/wp-json\/wp\/v2\/product_brand?post=700139"},{"taxonomy":"product_cat","embeddable":true,"href":"https:\/\/roveyayinevi.com.tr\/index.php\/wp-json\/wp\/v2\/product_cat?post=700139"},{"taxonomy":"product_tag","embeddable":true,"href":"https:\/\/roveyayinevi.com.tr\/index.php\/wp-json\/wp\/v2\/product_tag?post=700139"}],"curies":[{"name":"wp","href":"https:\/\/api.w.org\/{rel}","templated":true}]}}