{"id":700138,"date":"2025-08-27T14:56:11","date_gmt":"2025-08-27T11:56:11","guid":{"rendered":"https:\/\/roveyayinevi.com.tr\/index.php\/urun\/huzursuzlugun-kitabi\/"},"modified":"2026-04-16T02:09:32","modified_gmt":"2026-04-15T23:09:32","slug":"huzursuzlugun-kitabi","status":"publish","type":"product","link":"https:\/\/roveyayinevi.com.tr\/index.php\/urun\/huzursuzlugun-kitabi\/","title":{"rendered":"Huzursuzlu\u011fun Kitab\u0131"},"content":{"rendered":"<p>Fernando Pessoa, 1935\u2019te \u00f6ld\u00fc\u011f\u00fcnde, sand\u0131\u011f\u0131nda b\u0131rakt\u0131\u011f\u0131 yap\u0131tlar\u0131n\u0131n say\u0131s\u0131n\u0131 kimse tahmin edemezdi. Onun elinden \u00e7\u0131km\u0131\u015f \u015fiirlerin, yaz\u0131lar\u0131n alt\u0131nda genellikle ba\u015fka imzalar vard\u0131. Ama bunlar yaln\u0131zca birer takma ad de\u011fil, \u00f6yk\u00fcs\u00fc, ge\u00e7mi\u015fi, yazg\u0131s\u0131, d\u00fcnya g\u00f6r\u00fc\u015f\u00fc olan farkl\u0131 ki\u015filiklerdi. Pessoa\u2019n\u0131n \u00f6l\u00fcm\u00fcnden sonra elyazmalar\u0131 derlenmeye ba\u015flad\u0131\u011f\u0131nda, bitmemi\u015f yap\u0131tlar da bulundu i\u00e7lerinde. Bernardo Soares imzal\u0131 Huzursuzlu\u011fun Kitab\u0131 da bunlardan biriydi. Tarihten, mitolojiden, edebiyattan, ruhbilimden haberdar bir 20. y\u00fczy\u0131l insan\u0131n\u0131n ger\u00e7ekli\u011fi yads\u0131y\u0131\u015f\u0131n\u0131n, kendini hayallere hapsedi\u015finin g\u00fcncesiydi bu. G\u00fcnd\u00fczleri bir kuma\u015f ma\u011fazas\u0131nda \u00e7al\u0131\u015fan, geceleri ya\u011fmurun sesinde, ayak seslerinde yaln\u0131zl\u0131\u011f\u0131n\u0131 duyumsayan bir Lizbonluydu Bernardo Soares ya da Fernando Pessoa. Bug\u00fcn Portekiz edebiyat\u0131n\u0131n en \u00f6nemli yap\u0131t\u0131 say\u0131lan Huzursuzlu\u011fun Kitab\u0131\u2019ndaki her metin, k\u0131r\u0131k bir aynan\u0131n, ger\u00e7ekli\u011fin bir yan\u0131n\u0131 yans\u0131tan ve sonsuzca \u00e7o\u011faltan bir par\u00e7as\u0131. <\/p>\n","protected":false},"excerpt":{"rendered":"<p>Fernando Pessoa, 1935\u2019te \u00f6ld\u00fc\u011f\u00fcnde, sand\u0131\u011f\u0131nda b\u0131rakt\u0131\u011f\u0131 yap\u0131tlar\u0131n\u0131n say\u0131s\u0131n\u0131 kimse tahmin edemezdi. Onun elinden \u00e7\u0131km\u0131\u015f \u015fiirlerin, yaz\u0131lar\u0131n alt\u0131nda genellikle ba\u015fka imzalar vard\u0131. Ama bunlar yaln\u0131zca birer takma<span class=\"excerpt-hellip\"> [\u2026]<\/span><\/p>\n","protected":false},"featured_media":0,"template":"","meta":{"_monsterinsights_skip_tracking":false,"_monsterinsights_sitenote_active":false,"_monsterinsights_sitenote_note":"","_monsterinsights_sitenote_category":0},"product_brand":[],"product_cat":[12291,13113],"product_tag":[],"class_list":{"0":"post-700138","1":"product","2":"type-product","3":"status-publish","5":"product_cat-edebiyat","6":"product_cat-ispanyol-edebiyati","7":"pa_cilt-ciltsiz","8":"pa_tur-kitap","9":"pa_yayinevi-can-yayinlari","10":"pa_yazar-fernando-pessoa","12":"first","13":"instock","14":"sale","15":"shipping-taxable","16":"purchasable","17":"product-type-simple"},"_links":{"self":[{"href":"https:\/\/roveyayinevi.com.tr\/index.php\/wp-json\/wp\/v2\/product\/700138","targetHints":{"allow":["GET"]}}],"collection":[{"href":"https:\/\/roveyayinevi.com.tr\/index.php\/wp-json\/wp\/v2\/product"}],"about":[{"href":"https:\/\/roveyayinevi.com.tr\/index.php\/wp-json\/wp\/v2\/types\/product"}],"wp:attachment":[{"href":"https:\/\/roveyayinevi.com.tr\/index.php\/wp-json\/wp\/v2\/media?parent=700138"}],"wp:term":[{"taxonomy":"product_brand","embeddable":true,"href":"https:\/\/roveyayinevi.com.tr\/index.php\/wp-json\/wp\/v2\/product_brand?post=700138"},{"taxonomy":"product_cat","embeddable":true,"href":"https:\/\/roveyayinevi.com.tr\/index.php\/wp-json\/wp\/v2\/product_cat?post=700138"},{"taxonomy":"product_tag","embeddable":true,"href":"https:\/\/roveyayinevi.com.tr\/index.php\/wp-json\/wp\/v2\/product_tag?post=700138"}],"curies":[{"name":"wp","href":"https:\/\/api.w.org\/{rel}","templated":true}]}}