{"id":700135,"date":"2025-08-27T14:56:10","date_gmt":"2025-08-27T11:56:10","guid":{"rendered":"https:\/\/roveyayinevi.com.tr\/index.php\/urun\/gostergebilim-ve-sosyoloji\/"},"modified":"2026-04-16T02:09:32","modified_gmt":"2026-04-15T23:09:32","slug":"gostergebilim-ve-sosyoloji","status":"publish","type":"product","link":"https:\/\/roveyayinevi.com.tr\/index.php\/urun\/gostergebilim-ve-sosyoloji\/","title":{"rendered":"G\u00f6stergebilim ve Sosyoloji"},"content":{"rendered":"<p>G\u00f6stergebilime g\u00f6re, g\u00f6steren ve g\u00f6sterilen aras\u0131ndaki ba\u011f\u0131nt\u0131n\u0131n g\u00f6stergeleri olu\u015fturdu\u011fu bilinmektedir. A\u011f\u0131zdan \u00e7\u0131kan s\u00f6zc\u00fck g\u00f6steren olursa, onun zihnimizde \u00e7a\u011fr\u0131\u015ft\u0131rd\u0131\u011f\u0131 kavram da g\u00f6sterilen olur. \u0130nsan g\u00f6steren ve g\u00f6sterilen aras\u0131ndaki ba\u011f\u0131nt\u0131y\u0131 kurarak kendi g\u00f6stergesine ula\u015f\u0131r. G\u00f6r\u00fcld\u00fc\u011f\u00fc \u00fczere g\u00f6stergebilim a\u00e7\u0131s\u0131ndan ger\u00e7eklik, insan\u0131n d\u0131\u015f\u0131nda de\u011fil, insan\u0131n zihnindedir. \u0130nsan evreni anlamland\u0131rmaya ba\u015flad\u0131ktan sonra, d\u0131\u015f\u0131m\u0131zdaki somut her \u00f6\u011feye bir isim, bir kavram atfetmi\u015ftir. Sosyal ve tarihsel s\u00fcre\u00e7ler boyunca insanlar kendi toplumlar\u0131nda ge\u00e7erli olan g\u00f6stergelerini yaratm\u0131\u015flard\u0131r. Sosyal insan anlamland\u0131ran ve anlayan bir varl\u0131kt\u0131r. G\u00f6stergeler evreni olu\u015fturulduktan sonra, \u00f6zellikle anlamland\u0131rmak ve anlamak i\u00e7in d\u0131\u015f\u0131m\u0131zdaki somut ger\u00e7eklere fazla gereksinme kalmam\u0131\u015ft\u0131r. \u0130nsan her \u015feyi g\u00f6stergeler i\u00e7inden anlamland\u0131rabilir ve anlar. Sosyal ve k\u00fclt\u00fcrel bilimlerde do\u011frunun tek kayna\u011f\u0131 toplumun ortak g\u00f6stergeleridir. Evrensel ve mutlak do\u011frular yoktur; zaman ve mek\u00e2nlara g\u00f6re do\u011frular vard\u0131r. \u00c7ok k\u00fclt\u00fcrl\u00fc k\u00fcresel d\u00fcnyada, her ortak k\u00fclt\u00fcre sahip olan toplumun kendine \u00f6zg\u00fc do\u011frular\u0131 olabilir. K\u00fcresel d\u00fcnyaya egemen olan g\u00f6stergeler evrenidir. G\u00f6stergelerin en yayg\u0131n olarak g\u00f6r\u00fcld\u00fc\u011f\u00fc yerler kulland\u0131\u011f\u0131m\u0131z ekranlard\u0131r. Yan\u0131lsamalar\u0131n s\u0131k\u00e7a g\u00f6r\u00fcld\u00fc\u011f\u00fc ekranlardaki g\u00f6stergeler do\u011frular\u0131n kayna\u011f\u0131 olmaya ba\u015flad\u0131. K\u0131saca bundan b\u00f6yle g\u00fcn\u00fcm\u00fcz sosyolojisinin g\u00f6revi \u00e7ok k\u00fclt\u00fcrl\u00fcl\u00fc\u011f\u00fc, \u00e7o\u011fulculu\u011fu a\u00e7\u0131klamak de\u011fil anlamak olmal\u0131d\u0131r.<\/p>\n","protected":false},"excerpt":{"rendered":"<p>G\u00f6stergebilime g\u00f6re, g\u00f6steren ve g\u00f6sterilen aras\u0131ndaki ba\u011f\u0131nt\u0131n\u0131n g\u00f6stergeleri olu\u015fturdu\u011fu bilinmektedir. A\u011f\u0131zdan \u00e7\u0131kan s\u00f6zc\u00fck g\u00f6steren olursa, onun zihnimizde \u00e7a\u011fr\u0131\u015ft\u0131rd\u0131\u011f\u0131 kavram da g\u00f6sterilen olur. \u0130nsan g\u00f6steren ve g\u00f6sterilen<span class=\"excerpt-hellip\"> [\u2026]<\/span><\/p>\n","protected":false},"featured_media":0,"template":"","meta":{"_monsterinsights_skip_tracking":false,"_monsterinsights_sitenote_active":false,"_monsterinsights_sitenote_note":"","_monsterinsights_sitenote_category":0},"product_brand":[],"product_cat":[12324,27533],"product_tag":[],"class_list":{"0":"post-700135","1":"product","2":"type-product","3":"status-publish","5":"product_cat-sosyoloji","6":"product_cat-sosyolojiye-giris","7":"pa_cilt-ciltsiz","8":"pa_tur-kitap","9":"pa_yayinevi-ani-yayincilik","10":"pa_yazar-onal-sayin","12":"first","13":"instock","14":"sale","15":"shipping-taxable","16":"purchasable","17":"product-type-simple"},"_links":{"self":[{"href":"https:\/\/roveyayinevi.com.tr\/index.php\/wp-json\/wp\/v2\/product\/700135","targetHints":{"allow":["GET"]}}],"collection":[{"href":"https:\/\/roveyayinevi.com.tr\/index.php\/wp-json\/wp\/v2\/product"}],"about":[{"href":"https:\/\/roveyayinevi.com.tr\/index.php\/wp-json\/wp\/v2\/types\/product"}],"wp:attachment":[{"href":"https:\/\/roveyayinevi.com.tr\/index.php\/wp-json\/wp\/v2\/media?parent=700135"}],"wp:term":[{"taxonomy":"product_brand","embeddable":true,"href":"https:\/\/roveyayinevi.com.tr\/index.php\/wp-json\/wp\/v2\/product_brand?post=700135"},{"taxonomy":"product_cat","embeddable":true,"href":"https:\/\/roveyayinevi.com.tr\/index.php\/wp-json\/wp\/v2\/product_cat?post=700135"},{"taxonomy":"product_tag","embeddable":true,"href":"https:\/\/roveyayinevi.com.tr\/index.php\/wp-json\/wp\/v2\/product_tag?post=700135"}],"curies":[{"name":"wp","href":"https:\/\/api.w.org\/{rel}","templated":true}]}}