{"id":700131,"date":"2025-08-27T14:56:09","date_gmt":"2025-08-27T11:56:09","guid":{"rendered":"https:\/\/roveyayinevi.com.tr\/index.php\/urun\/resimli-es-anlamli-es-sesli-zit-anlamli-kelimeler-sozlugu\/"},"modified":"2026-04-16T02:09:32","modified_gmt":"2026-04-15T23:09:32","slug":"resimli-es-anlamli-es-sesli-zit-anlamli-kelimeler-sozlugu","status":"publish","type":"product","link":"https:\/\/roveyayinevi.com.tr\/index.php\/urun\/resimli-es-anlamli-es-sesli-zit-anlamli-kelimeler-sozlugu\/","title":{"rendered":"Resimli, E\u015f Anlaml\u0131, E\u015f Sesli, Z\u0131t Anlaml\u0131 Kelimeler S\u00f6zl\u00fc\u011f\u00fc"},"content":{"rendered":"<p>E\u015f Anlaml\u0131 (Anlamda\u015f) Kelimeler Yaz\u0131l\u0131\u015flar\u0131 ve okunu\u015flar\u0131 farkl\u0131 olmas\u0131na ra\u011fmen ayn\u0131 anlam\u0131 ta\u015f\u0131yan kelimelerdir. Bu t\u00fcr kelimeler birbirlerinin yerine kullan\u0131labilirler. E\u015f Sesli (Seste\u015f) Kelimeler Yaz\u0131l\u0131\u015f\u0131 ve okunu\u015flar\u0131 ayn\u0131 olan ama anlamlar\u0131 birbirinden farkl\u0131 olan kelimelere e\u015f sesli kelimeler denir. Bunlar yal\u0131n h\u00e2lde olabildikleri gibi ek alm\u0131\u015f h\u00e2lde de olabilirler. Z\u0131t (Kar\u015f\u0131t) Anlaml\u0131 Kelimeler Anlamca birbirinin kar\u015f\u0131t\u0131 olan kelimelerdir. <\/p>\n","protected":false},"excerpt":{"rendered":"<p>E\u015f Anlaml\u0131 (Anlamda\u015f) Kelimeler Yaz\u0131l\u0131\u015flar\u0131 ve okunu\u015flar\u0131 farkl\u0131 olmas\u0131na ra\u011fmen ayn\u0131 anlam\u0131 ta\u015f\u0131yan kelimelerdir. Bu t\u00fcr kelimeler birbirlerinin yerine kullan\u0131labilirler. E\u015f Sesli (Seste\u015f) Kelimeler Yaz\u0131l\u0131\u015f\u0131 ve<span class=\"excerpt-hellip\"> [\u2026]<\/span><\/p>\n","protected":false},"featured_media":0,"template":"","meta":{"_monsterinsights_skip_tracking":false,"_monsterinsights_sitenote_active":false,"_monsterinsights_sitenote_note":"","_monsterinsights_sitenote_category":0},"product_brand":[],"product_cat":[12644,12274],"product_tag":[],"class_list":{"0":"post-700131","1":"product","2":"type-product","3":"status-publish","5":"product_cat-boyama-kitaplari","6":"product_cat-cocuk-ve-genclik-kitaplari","7":"pa_tur-kitap","8":"pa_yayinevi-yuva-yayinlari","9":"pa_yazar-umut-eren","11":"first","12":"instock","13":"sale","14":"shipping-taxable","15":"purchasable","16":"product-type-simple"},"_links":{"self":[{"href":"https:\/\/roveyayinevi.com.tr\/index.php\/wp-json\/wp\/v2\/product\/700131","targetHints":{"allow":["GET"]}}],"collection":[{"href":"https:\/\/roveyayinevi.com.tr\/index.php\/wp-json\/wp\/v2\/product"}],"about":[{"href":"https:\/\/roveyayinevi.com.tr\/index.php\/wp-json\/wp\/v2\/types\/product"}],"wp:attachment":[{"href":"https:\/\/roveyayinevi.com.tr\/index.php\/wp-json\/wp\/v2\/media?parent=700131"}],"wp:term":[{"taxonomy":"product_brand","embeddable":true,"href":"https:\/\/roveyayinevi.com.tr\/index.php\/wp-json\/wp\/v2\/product_brand?post=700131"},{"taxonomy":"product_cat","embeddable":true,"href":"https:\/\/roveyayinevi.com.tr\/index.php\/wp-json\/wp\/v2\/product_cat?post=700131"},{"taxonomy":"product_tag","embeddable":true,"href":"https:\/\/roveyayinevi.com.tr\/index.php\/wp-json\/wp\/v2\/product_tag?post=700131"}],"curies":[{"name":"wp","href":"https:\/\/api.w.org\/{rel}","templated":true}]}}