{"id":700130,"date":"2025-08-27T14:56:09","date_gmt":"2025-08-27T11:56:09","guid":{"rendered":"https:\/\/roveyayinevi.com.tr\/index.php\/urun\/gulme-2\/"},"modified":"2026-04-16T02:09:32","modified_gmt":"2026-04-15T23:09:32","slug":"gulme-2","status":"publish","type":"product","link":"https:\/\/roveyayinevi.com.tr\/index.php\/urun\/gulme-2\/","title":{"rendered":"G\u00fclme"},"content":{"rendered":"<p>Henri Bergson (1859-1941): Sezgicilik ekol\u00fcn\u00fcn Bat\u0131 felsefesindeki temsilcisidir. Yas\u0327am\u0131nda b\u00fcy\u00fck \u00fcne kavus\u0327tu, 1927 y\u0131l\u0131nda Nobel \u00d6d\u00fcl\u00fc\u2019n\u00fc ald\u0131. Eserlerine olan ilgi I\u0307kinci D\u00fcnya Savas\u0327\u0131 sonras\u0131nda azalm\u0131s\u0327 olsa da ge\u00e7 19.y\u00fczy\u0131l ve erken 20.y\u00fczy\u0131l felsefesindeki \u00f6nemli konumunu muhafaza etmektedir. Kendisinden sonra gelen Gilles Deleuze, Jean-Paul Sartre ve Martin Heidegger gibi d\u00fcs\u0327\u00fcn\u00fcrleri de derinden etkilemis\u0327tir. I\u0307lk kez 1900 y\u0131l\u0131nda yay\u0131mlanan, g\u00fclme \u00fczerine yazd\u0131g\u0306\u0131 denemelerini i\u00e7eren bu eserinde g\u00fclmenin anlam\u0131n\u0131, g\u00fclmeye yol a\u00e7an kos\u0327ullar\u0131 ve g\u00fclmenin toplumsal is\u0327levlerini aras\u0327t\u0131rmaktad\u0131r. <\/p>\n","protected":false},"excerpt":{"rendered":"<p>Henri Bergson (1859-1941): Sezgicilik ekol\u00fcn\u00fcn Bat\u0131 felsefesindeki temsilcisidir. Yas\u0327am\u0131nda b\u00fcy\u00fck \u00fcne kavus\u0327tu, 1927 y\u0131l\u0131nda Nobel \u00d6d\u00fcl\u00fc\u2019n\u00fc ald\u0131. Eserlerine olan ilgi I\u0307kinci D\u00fcnya Savas\u0327\u0131 sonras\u0131nda azalm\u0131s\u0327 olsa<span class=\"excerpt-hellip\"> [\u2026]<\/span><\/p>\n","protected":false},"featured_media":0,"template":"","meta":{"_monsterinsights_skip_tracking":false,"_monsterinsights_sitenote_active":false,"_monsterinsights_sitenote_note":"","_monsterinsights_sitenote_category":0},"product_brand":[],"product_cat":[12389,12388],"product_tag":[],"class_list":{"0":"post-700130","1":"product","2":"type-product","3":"status-publish","5":"product_cat-diger-felsefe","6":"product_cat-felsefe","7":"pa_cilt-ciltsiz","8":"pa_tur-kitap","9":"pa_yayinevi-is-bankasi-kultur-yayinlari","10":"pa_yazar-henri-bergson","12":"first","13":"instock","14":"sale","15":"shipping-taxable","16":"purchasable","17":"product-type-simple"},"_links":{"self":[{"href":"https:\/\/roveyayinevi.com.tr\/index.php\/wp-json\/wp\/v2\/product\/700130","targetHints":{"allow":["GET"]}}],"collection":[{"href":"https:\/\/roveyayinevi.com.tr\/index.php\/wp-json\/wp\/v2\/product"}],"about":[{"href":"https:\/\/roveyayinevi.com.tr\/index.php\/wp-json\/wp\/v2\/types\/product"}],"wp:attachment":[{"href":"https:\/\/roveyayinevi.com.tr\/index.php\/wp-json\/wp\/v2\/media?parent=700130"}],"wp:term":[{"taxonomy":"product_brand","embeddable":true,"href":"https:\/\/roveyayinevi.com.tr\/index.php\/wp-json\/wp\/v2\/product_brand?post=700130"},{"taxonomy":"product_cat","embeddable":true,"href":"https:\/\/roveyayinevi.com.tr\/index.php\/wp-json\/wp\/v2\/product_cat?post=700130"},{"taxonomy":"product_tag","embeddable":true,"href":"https:\/\/roveyayinevi.com.tr\/index.php\/wp-json\/wp\/v2\/product_tag?post=700130"}],"curies":[{"name":"wp","href":"https:\/\/api.w.org\/{rel}","templated":true}]}}