{"id":700129,"date":"2025-08-27T14:56:09","date_gmt":"2025-08-27T11:56:09","guid":{"rendered":"https:\/\/roveyayinevi.com.tr\/index.php\/urun\/aski-bulmaca-1\/"},"modified":"2026-04-16T02:09:32","modified_gmt":"2026-04-15T23:09:32","slug":"aski-bulmaca-1","status":"publish","type":"product","link":"https:\/\/roveyayinevi.com.tr\/index.php\/urun\/aski-bulmaca-1\/","title":{"rendered":"Ask\u0131 Bulmaca 1"},"content":{"rendered":"<p>\u0130lk bulmacada ge\u00e7irece\u011finiz k\u0131sa bir uyum s\u00fcrecinden sonra bu bulmacalar\u0131n tiryakisi olacaks\u0131n\u0131z. Araya gen\u00e7lerin b\u00fcy\u00fcklerden, b\u00fcy\u00fcklerin gen\u00e7lerden yard\u0131m isteyebilece\u011fi birka\u00e7 s\u00f6zc\u00fck de s\u0131k\u0131\u015ft\u0131r\u0131lm\u0131\u015f olabilir&#8230;Kolay gelsin&#8230; <\/p>\n","protected":false},"excerpt":{"rendered":"<p>\u0130lk bulmacada ge\u00e7irece\u011finiz k\u0131sa bir uyum s\u00fcrecinden sonra bu bulmacalar\u0131n tiryakisi olacaks\u0131n\u0131z. Araya gen\u00e7lerin b\u00fcy\u00fcklerden, b\u00fcy\u00fcklerin gen\u00e7lerden yard\u0131m isteyebilece\u011fi birka\u00e7 s\u00f6zc\u00fck de s\u0131k\u0131\u015ft\u0131r\u0131lm\u0131\u015f olabilir&#8230;Kolay gelsin&#8230;<\/p>\n","protected":false},"featured_media":0,"template":"","meta":{"_monsterinsights_skip_tracking":false,"_monsterinsights_sitenote_active":false,"_monsterinsights_sitenote_note":"","_monsterinsights_sitenote_category":0},"product_brand":[],"product_cat":[16943,15563],"product_tag":[],"class_list":{"0":"post-700129","1":"product","2":"type-product","3":"status-publish","5":"product_cat-bilmeceler-bulmacalar","6":"product_cat-hobi","7":"pa_tur-kitap","8":"pa_yayinevi-efil-yayinevi","9":"pa_yazar-cagatay-guler","11":"first","12":"instock","13":"sale","14":"shipping-taxable","15":"purchasable","16":"product-type-simple"},"_links":{"self":[{"href":"https:\/\/roveyayinevi.com.tr\/index.php\/wp-json\/wp\/v2\/product\/700129","targetHints":{"allow":["GET"]}}],"collection":[{"href":"https:\/\/roveyayinevi.com.tr\/index.php\/wp-json\/wp\/v2\/product"}],"about":[{"href":"https:\/\/roveyayinevi.com.tr\/index.php\/wp-json\/wp\/v2\/types\/product"}],"wp:attachment":[{"href":"https:\/\/roveyayinevi.com.tr\/index.php\/wp-json\/wp\/v2\/media?parent=700129"}],"wp:term":[{"taxonomy":"product_brand","embeddable":true,"href":"https:\/\/roveyayinevi.com.tr\/index.php\/wp-json\/wp\/v2\/product_brand?post=700129"},{"taxonomy":"product_cat","embeddable":true,"href":"https:\/\/roveyayinevi.com.tr\/index.php\/wp-json\/wp\/v2\/product_cat?post=700129"},{"taxonomy":"product_tag","embeddable":true,"href":"https:\/\/roveyayinevi.com.tr\/index.php\/wp-json\/wp\/v2\/product_tag?post=700129"}],"curies":[{"name":"wp","href":"https:\/\/api.w.org\/{rel}","templated":true}]}}