{"id":700128,"date":"2025-08-27T14:56:09","date_gmt":"2025-08-27T11:56:09","guid":{"rendered":"https:\/\/roveyayinevi.com.tr\/index.php\/urun\/kis-masali\/"},"modified":"2026-04-16T02:09:32","modified_gmt":"2026-04-15T23:09:32","slug":"kis-masali","status":"publish","type":"product","link":"https:\/\/roveyayinevi.com.tr\/index.php\/urun\/kis-masali\/","title":{"rendered":"K\u0131\u015f Masal\u0131"},"content":{"rendered":"<p>William Shakespeare (1564-1616): Oyunlar\u0131 ve \u015fiirlerinde insanl\u0131k durumlar\u0131n\u0131 dile getiri\u015f g\u00fcc\u00fcyle yakla\u015f\u0131k 400 y\u0131ld\u0131r b\u00fct\u00fcn d\u00fcnya okur ve seyircilerini etkilemeyi s\u00fcrd\u00fcren efsanevi yazar. Konusunu Robert Greene\u2019in ilk kez 1588\u2019de bas\u0131lan Pandosto adl\u0131 yap\u0131t\u0131ndan alan K\u0131\u015f Masal\u0131, ilk \u00fc\u00e7 perdede dramatik bir yo\u011funlu\u011fa, son iki perdede ise fantastik bir ger\u00e7ekli\u011fe sahiptir. T\u00fcr a\u00e7\u0131s\u0131ndan s\u0131n\u0131fland\u0131r\u0131lmas\u0131 olduk\u00e7a zor olan bu oyunun ilk temsili 1611 y\u0131l\u0131nda sarayda ger\u00e7ekle\u015fmi\u015ftir. Oyunun ba\u015fki\u015fisi Kral Leontes\u2019in Shakespeare\u2019in yaz\u0131nsal evrenindeki di\u011fer krallar\u0131n kaderlerine benzemeyen kaderinde, I. James\u2019in tahta ge\u00e7i\u015fiyle ba\u015flayan mutlak monar\u015fi d\u00f6neminin izleri g\u00f6r\u00fclebilir. \ufffc<\/p>\n","protected":false},"excerpt":{"rendered":"<p>William Shakespeare (1564-1616): Oyunlar\u0131 ve \u015fiirlerinde insanl\u0131k durumlar\u0131n\u0131 dile getiri\u015f g\u00fcc\u00fcyle yakla\u015f\u0131k 400 y\u0131ld\u0131r b\u00fct\u00fcn d\u00fcnya okur ve seyircilerini etkilemeyi s\u00fcrd\u00fcren efsanevi yazar. Konusunu Robert Greene\u2019in<span class=\"excerpt-hellip\"> [\u2026]<\/span><\/p>\n","protected":false},"featured_media":0,"template":"","meta":{"_monsterinsights_skip_tracking":false,"_monsterinsights_sitenote_active":false,"_monsterinsights_sitenote_note":"","_monsterinsights_sitenote_category":0},"product_brand":[],"product_cat":[12291,14272],"product_tag":[],"class_list":{"0":"post-700128","1":"product","2":"type-product","3":"status-publish","5":"product_cat-edebiyat","6":"product_cat-tiyatro","7":"pa_cilt-ciltsiz","8":"pa_tur-kitap","9":"pa_yayinevi-is-bankasi-kultur-yayinlari","10":"pa_yazar-william-shakespeare","12":"first","13":"instock","14":"sale","15":"shipping-taxable","16":"purchasable","17":"product-type-simple"},"_links":{"self":[{"href":"https:\/\/roveyayinevi.com.tr\/index.php\/wp-json\/wp\/v2\/product\/700128","targetHints":{"allow":["GET"]}}],"collection":[{"href":"https:\/\/roveyayinevi.com.tr\/index.php\/wp-json\/wp\/v2\/product"}],"about":[{"href":"https:\/\/roveyayinevi.com.tr\/index.php\/wp-json\/wp\/v2\/types\/product"}],"wp:attachment":[{"href":"https:\/\/roveyayinevi.com.tr\/index.php\/wp-json\/wp\/v2\/media?parent=700128"}],"wp:term":[{"taxonomy":"product_brand","embeddable":true,"href":"https:\/\/roveyayinevi.com.tr\/index.php\/wp-json\/wp\/v2\/product_brand?post=700128"},{"taxonomy":"product_cat","embeddable":true,"href":"https:\/\/roveyayinevi.com.tr\/index.php\/wp-json\/wp\/v2\/product_cat?post=700128"},{"taxonomy":"product_tag","embeddable":true,"href":"https:\/\/roveyayinevi.com.tr\/index.php\/wp-json\/wp\/v2\/product_tag?post=700128"}],"curies":[{"name":"wp","href":"https:\/\/api.w.org\/{rel}","templated":true}]}}