{"id":700126,"date":"2025-08-27T14:56:08","date_gmt":"2025-08-27T11:56:08","guid":{"rendered":"https:\/\/roveyayinevi.com.tr\/index.php\/urun\/copluk\/"},"modified":"2026-04-03T02:13:58","modified_gmt":"2026-04-02T23:13:58","slug":"copluk","status":"publish","type":"product","link":"https:\/\/roveyayinevi.com.tr\/index.php\/urun\/copluk\/","title":{"rendered":"\u00c7\u00f6pl\u00fck"},"content":{"rendered":"<p>&#8221;Bu kitap hem macera hem de bir toplumsal adalet hik\u00e2yesi. Okurlar, kitab\u0131n sinemasal sonuyla ve kahramanlar\u0131n ald\u0131klar\u0131 zor kararlarla b\u00fcy\u00fclenecek.&#8221;Publishers Weekly dergisi&#8221;\u00c7\u00f6pl\u00fck muhte\u015fem bir kitap. Enerji dolu, heyecan verici ve \u00e7ok iyi kaleme al\u0131nm\u0131\u015f.&#8221;John Boyne, \u00c7izgili Pijamal\u0131 \u00c7ocuk kitab\u0131n\u0131n yazar\u0131Evsiz bir o\u011flan olan Raphael g\u00fcnlerini \u00e7\u00f6pten da\u011flar\u0131n aras\u0131nda ge\u00e7iriyor. \u00c7\u00f6pleri ay\u0131r\u0131yor, ta\u015f\u0131yor, soluyor ve geceleri \u00e7\u00f6plerden yast\u0131k yap\u0131yor. Bir g\u00fcn talihini tersine \u00e7evirecek bir \u00e7anta ge\u00e7iyor eline. Bu \u00e7anta her \u015feyi de\u011fi\u015ftirecek, ama \u00f6nce hayat\u0131n\u0131 kurtarmak i\u00e7in ka\u00e7mas\u0131 gerek&#8230;\u00dc\u00e7 sokak \u00e7ocu\u011funun cesaret ve kurnazl\u0131klar\u0131n\u0131 kullanarak d\u00fcnyaya kar\u015f\u0131 verdi\u011fi m\u00fccadeleyi anlatan roman, \u00f6d\u00fcll\u00fc bir yazar\u0131n kaleminden \u00e7\u0131kma unutulmaz bir yoksulluk, umut ve rastlant\u0131 hik\u00e2yesi. Duygular\u0131 alt\u00fcst edecek bu g\u00fc\u00e7l\u00fc roman yirmi be\u015f dile \u00e7evrildi ve beyazperdeye uyarlan\u0131yor. <\/p>\n","protected":false},"excerpt":{"rendered":"<p>&#8221;Bu kitap hem macera hem de bir toplumsal adalet hik\u00e2yesi. Okurlar, kitab\u0131n sinemasal sonuyla ve kahramanlar\u0131n ald\u0131klar\u0131 zor kararlarla b\u00fcy\u00fclenecek.&#8221;Publishers Weekly dergisi&#8221;\u00c7\u00f6pl\u00fck muhte\u015fem bir kitap. Enerji<span class=\"excerpt-hellip\"> [\u2026]<\/span><\/p>\n","protected":false},"featured_media":0,"template":"","meta":{"_monsterinsights_skip_tracking":false,"_monsterinsights_sitenote_active":false,"_monsterinsights_sitenote_note":"","_monsterinsights_sitenote_category":0},"product_brand":[],"product_cat":[12291,12711],"product_tag":[],"class_list":{"0":"post-700126","1":"product","2":"type-product","3":"status-publish","5":"product_cat-edebiyat","6":"product_cat-roman-oyku","7":"pa_cilt-ciltsiz","8":"pa_tur-kitap","9":"pa_yayinevi-tudem-yayinlari","10":"pa_yazar-andy-mulligan","12":"first","13":"instock","14":"sale","15":"shipping-taxable","16":"purchasable","17":"product-type-simple"},"_links":{"self":[{"href":"https:\/\/roveyayinevi.com.tr\/index.php\/wp-json\/wp\/v2\/product\/700126","targetHints":{"allow":["GET"]}}],"collection":[{"href":"https:\/\/roveyayinevi.com.tr\/index.php\/wp-json\/wp\/v2\/product"}],"about":[{"href":"https:\/\/roveyayinevi.com.tr\/index.php\/wp-json\/wp\/v2\/types\/product"}],"wp:attachment":[{"href":"https:\/\/roveyayinevi.com.tr\/index.php\/wp-json\/wp\/v2\/media?parent=700126"}],"wp:term":[{"taxonomy":"product_brand","embeddable":true,"href":"https:\/\/roveyayinevi.com.tr\/index.php\/wp-json\/wp\/v2\/product_brand?post=700126"},{"taxonomy":"product_cat","embeddable":true,"href":"https:\/\/roveyayinevi.com.tr\/index.php\/wp-json\/wp\/v2\/product_cat?post=700126"},{"taxonomy":"product_tag","embeddable":true,"href":"https:\/\/roveyayinevi.com.tr\/index.php\/wp-json\/wp\/v2\/product_tag?post=700126"}],"curies":[{"name":"wp","href":"https:\/\/api.w.org\/{rel}","templated":true}]}}