{"id":700125,"date":"2025-08-27T14:56:08","date_gmt":"2025-08-27T11:56:08","guid":{"rendered":"https:\/\/roveyayinevi.com.tr\/index.php\/urun\/karma-yontem-arastirmalari-tasarimi-ve-yurutulmesi\/"},"modified":"2026-04-16T02:09:32","modified_gmt":"2026-04-15T23:09:32","slug":"karma-yontem-arastirmalari-tasarimi-ve-yurutulmesi","status":"publish","type":"product","link":"https:\/\/roveyayinevi.com.tr\/index.php\/urun\/karma-yontem-arastirmalari-tasarimi-ve-yurutulmesi\/","title":{"rendered":"Karma Y\u00f6ntem Ara\u015ft\u0131rmalar\u0131 Tasar\u0131m\u0131 ve Y\u00fcr\u00fct\u00fclmesi"},"content":{"rendered":"<p>Nicel ve nitel ara\u015ft\u0131rman\u0131n hem g\u00fc\u00e7l\u00fc hem de zay\u0131f yanlar\u0131 bulunmaktad\u0131r. Bu nedenle son y\u0131llarda bir\u00e7ok ara\u015ft\u0131rmac\u0131 karma y\u00f6ntem desenlerini kullanarak \u00e7al\u0131\u015fmalar\u0131 y\u00fcr\u00fctmektedir. Bu kitap, bir karma y\u00f6ntem \u00e7al\u0131\u015fmas\u0131n\u0131n nas\u0131l y\u00fcr\u00fct\u00fclmesi gerekti\u011fine y\u00f6nelik hem bir ba\u015flang\u0131\u00e7 hem de ayr\u0131nt\u0131l\u0131 bir de\u011ferlendirme niteli\u011findedir. Karma y\u00f6ntem ara\u015ft\u0131rmalar\u0131n do\u011fas\u0131, kuramsal ve felsefi temelleri, desenleri, veri toplama s\u00fcreci, analizi, yorumlanmas\u0131 ve raporla\u015ft\u0131r\u0131lmas\u0131 gibi konular ayr\u0131nt\u0131l\u0131 bir \u015fekilde ele alan bu eser, karma y\u00f6ntem ara\u015ft\u0131rmalar\u0131 alan\u0131nda temel referans kaynaklar\u0131 aras\u0131nda yer almaktad\u0131r. Bu eser, dokuz ana b\u00f6l\u00fcmden olu\u015fmaktad\u0131r: 1. B\u00f6l\u00fcm: Karma Y\u00f6ntem Ara\u015ft\u0131rmalar\u0131n Do\u011fas\u0131 2. B\u00f6l\u00fcm: Karma Y\u00f6ntem Ara\u015ft\u0131rmalar\u0131n\u0131n Temelleri 3. B\u00f6l\u00fcm: Karma Y\u00f6ntem Desen Se\u00e7imi 4. B\u00f6l\u00fcm: Karma Y\u00f6ntem Desenlerine \u00d6rnekler 5. B\u00f6l\u00fcm: Karma Y\u00f6ntem \u00c7al\u0131\u015fmas\u0131na Giri\u015f 6. B\u00f6l\u00fcm: Karma Y\u00f6ntem Ara\u015ft\u0131rmalar\u0131nda Veri Toplama 7. B\u00f6l\u00fcm: Karma Y\u00f6ntem Ara\u015ft\u0131rmalar\u0131nda Verilerin Analizi ve Yorumlanmas\u0131 8. B\u00f6l\u00fcm: Karma Y\u00f6ntem Ara\u015ft\u0131rmas\u0131n\u0131 Yazma ve De\u011ferlendirme 9. B\u00f6l\u00fcm: \u00d6zet ve \u00d6neriler \ufffcTan\u0131t\u0131m Metni<\/p>\n","protected":false},"excerpt":{"rendered":"<p>Nicel ve nitel ara\u015ft\u0131rman\u0131n hem g\u00fc\u00e7l\u00fc hem de zay\u0131f yanlar\u0131 bulunmaktad\u0131r. Bu nedenle son y\u0131llarda bir\u00e7ok ara\u015ft\u0131rmac\u0131 karma y\u00f6ntem desenlerini kullanarak \u00e7al\u0131\u015fmalar\u0131 y\u00fcr\u00fctmektedir. Bu kitap, bir<span class=\"excerpt-hellip\"> [\u2026]<\/span><\/p>\n","protected":false},"featured_media":0,"template":"","meta":{"_monsterinsights_skip_tracking":false,"_monsterinsights_sitenote_active":false,"_monsterinsights_sitenote_note":"","_monsterinsights_sitenote_category":0},"product_brand":[],"product_cat":[13005,13006],"product_tag":[],"class_list":{"0":"post-700125","1":"product","2":"type-product","3":"status-publish","5":"product_cat-bilim-muhendislik","6":"product_cat-populer-bilim","7":"pa_cilt-ciltsiz","8":"pa_tur-kitap","9":"pa_yayinevi-ani-yayincilik","10":"pa_yazar-vicky-c-plano-clark","12":"first","13":"instock","14":"sale","15":"shipping-taxable","16":"purchasable","17":"product-type-simple"},"_links":{"self":[{"href":"https:\/\/roveyayinevi.com.tr\/index.php\/wp-json\/wp\/v2\/product\/700125","targetHints":{"allow":["GET"]}}],"collection":[{"href":"https:\/\/roveyayinevi.com.tr\/index.php\/wp-json\/wp\/v2\/product"}],"about":[{"href":"https:\/\/roveyayinevi.com.tr\/index.php\/wp-json\/wp\/v2\/types\/product"}],"wp:attachment":[{"href":"https:\/\/roveyayinevi.com.tr\/index.php\/wp-json\/wp\/v2\/media?parent=700125"}],"wp:term":[{"taxonomy":"product_brand","embeddable":true,"href":"https:\/\/roveyayinevi.com.tr\/index.php\/wp-json\/wp\/v2\/product_brand?post=700125"},{"taxonomy":"product_cat","embeddable":true,"href":"https:\/\/roveyayinevi.com.tr\/index.php\/wp-json\/wp\/v2\/product_cat?post=700125"},{"taxonomy":"product_tag","embeddable":true,"href":"https:\/\/roveyayinevi.com.tr\/index.php\/wp-json\/wp\/v2\/product_tag?post=700125"}],"curies":[{"name":"wp","href":"https:\/\/api.w.org\/{rel}","templated":true}]}}