{"id":700123,"date":"2025-08-27T14:56:07","date_gmt":"2025-08-27T11:56:07","guid":{"rendered":"https:\/\/roveyayinevi.com.tr\/index.php\/urun\/paristen-cavaya-yolculuk\/"},"modified":"2026-04-16T02:09:32","modified_gmt":"2026-04-15T23:09:32","slug":"paristen-cavaya-yolculuk","status":"publish","type":"product","link":"https:\/\/roveyayinevi.com.tr\/index.php\/urun\/paristen-cavaya-yolculuk\/","title":{"rendered":"Paris&#8217;ten Cava&#8217;ya Yolculuk"},"content":{"rendered":"<p>Bu Cava yolculu\u011fu, bir d\u00fc\u015f-\u00fclkeye yap\u0131lm\u0131\u015f bir d\u00fc\u015f-gezidir. \u201c\u00c7ok okuyan de\u011fil, \u00e7ok gezen bilir\u201d demi\u015fler ya, Balzac\u2019ta, as\u0131l bilen duymas\u0131n\u0131 bilendir. Yazar bu ustal\u0131\u011f\u0131n\u0131 g\u00f6stere g\u00f6stere konu\u015fturup, her duyuyu t\u0131ka basa doyurur. O denli canl\u0131d\u0131r ki anlat\u0131s\u0131,\u00f6l\u00fc d\u00f6neriz oradan. Cava\u2019ya gitmi\u015f mi, gitmemi\u015f mi? Ka\u00e7 yazar? <\/p>\n","protected":false},"excerpt":{"rendered":"<p>Bu Cava yolculu\u011fu, bir d\u00fc\u015f-\u00fclkeye yap\u0131lm\u0131\u015f bir d\u00fc\u015f-gezidir. \u201c\u00c7ok okuyan de\u011fil, \u00e7ok gezen bilir\u201d demi\u015fler ya, Balzac\u2019ta, as\u0131l bilen duymas\u0131n\u0131 bilendir. Yazar bu ustal\u0131\u011f\u0131n\u0131 g\u00f6stere g\u00f6stere<span class=\"excerpt-hellip\"> [\u2026]<\/span><\/p>\n","protected":false},"featured_media":0,"template":"","meta":{"_monsterinsights_skip_tracking":false,"_monsterinsights_sitenote_active":false,"_monsterinsights_sitenote_note":"","_monsterinsights_sitenote_category":0},"product_brand":[],"product_cat":[12291,13376],"product_tag":[],"class_list":{"0":"post-700123","1":"product","2":"type-product","3":"status-publish","5":"product_cat-edebiyat","6":"product_cat-fransiz-edebiyati","7":"pa_cilt-ciltsiz","8":"pa_tur-kitap","9":"pa_yayinevi-sel-yayincilik","10":"pa_yazar-honore-de-balzac","12":"first","13":"instock","14":"sale","15":"shipping-taxable","16":"purchasable","17":"product-type-simple"},"_links":{"self":[{"href":"https:\/\/roveyayinevi.com.tr\/index.php\/wp-json\/wp\/v2\/product\/700123","targetHints":{"allow":["GET"]}}],"collection":[{"href":"https:\/\/roveyayinevi.com.tr\/index.php\/wp-json\/wp\/v2\/product"}],"about":[{"href":"https:\/\/roveyayinevi.com.tr\/index.php\/wp-json\/wp\/v2\/types\/product"}],"wp:attachment":[{"href":"https:\/\/roveyayinevi.com.tr\/index.php\/wp-json\/wp\/v2\/media?parent=700123"}],"wp:term":[{"taxonomy":"product_brand","embeddable":true,"href":"https:\/\/roveyayinevi.com.tr\/index.php\/wp-json\/wp\/v2\/product_brand?post=700123"},{"taxonomy":"product_cat","embeddable":true,"href":"https:\/\/roveyayinevi.com.tr\/index.php\/wp-json\/wp\/v2\/product_cat?post=700123"},{"taxonomy":"product_tag","embeddable":true,"href":"https:\/\/roveyayinevi.com.tr\/index.php\/wp-json\/wp\/v2\/product_tag?post=700123"}],"curies":[{"name":"wp","href":"https:\/\/api.w.org\/{rel}","templated":true}]}}