{"id":700112,"date":"2025-08-27T14:56:04","date_gmt":"2025-08-27T11:56:04","guid":{"rendered":"https:\/\/roveyayinevi.com.tr\/index.php\/urun\/denizi-yitiren-denizci\/"},"modified":"2026-04-16T02:09:32","modified_gmt":"2026-04-15T23:09:32","slug":"denizi-yitiren-denizci","status":"publish","type":"product","link":"https:\/\/roveyayinevi.com.tr\/index.php\/urun\/denizi-yitiren-denizci\/","title":{"rendered":"Denizi Yitiren Denizci"},"content":{"rendered":"<p>Marguerite Yourcenar\u2019\u0131n \u0130nce, b\u0131\u00e7ak a\u011fz\u0131 gibi dondurucu bir kusursuzlukta, diye tan\u0131mlad\u0131\u011f\u0131 Denizi Yitiren Denizci, deh\u015feti \u015fiirsel bir anlat\u0131mla b\u00fct\u00fcnle\u015ftiren, benzersiz bir kitapt\u0131r. Kusursuz ar\u0131nma, ancak ya\u015fam\u0131 kanla yaz\u0131lm\u0131\u015f bir \u015fiir dizesine d\u00f6n\u00fc\u015ft\u00fcrerek m\u00fcmk\u00fcnd\u00fcr, diyen Mi\u015fima bu kitapla g\u00f6r\u00fc\u015f\u00fcn\u00fc \u00f6rneklemi\u015f olur. Mi\u015fima\u2019n\u0131n en etkileyici eserlerinden biri olan kitap so\u011fukkanl\u0131 \u015fiddeti ustal\u0131kla anlat\u0131rken, hi\u00e7 ku\u015fkusuz yazar\u0131n \u00e7ocuklu\u011funda bilin\u00e7alt\u0131n\u0131 etkilemi\u015f bask\u0131lar\u0131 da yans\u0131t\u0131r. Roman, dul bir kad\u0131n, on \u00fc\u00e7 ya\u015f\u0131ndaki o\u011flu Noboru ve kad\u0131n\u0131n ikinci e\u015fi olan denizcinin \u00f6yk\u00fcs\u00fcn\u00fc anlat\u0131r. Ya\u015f\u0131tlar\u0131yla bir \u00e7ete kuran Noboru, ilk tan\u0131\u015ft\u0131\u011f\u0131nda denizler fatihi bir kahraman olarak g\u00f6rd\u00fc\u011f\u00fc denizcinin annesiyle evlenerek s\u0131radan birine d\u00f6n\u00fc\u015fmesinin \u015fokunu atlatamaz. Rakuyo\u2019nun varl\u0131\u011f\u0131yla b\u00fct\u00fcnle\u015fmi\u015f olan bu adam, geminin ayr\u0131lmaz par\u00e7as\u0131 olan bu adam, kendini o g\u00fczel b\u00fct\u00fcnden koparm\u0131\u015f, kendi iste\u011fiyle d\u00fc\u015flerinden gemileri ve denizi silip atm\u0131\u015ft\u0131. Noboru, tatil boyunca Ryuji\u2019nin yan\u0131ndan ayr\u0131lmam\u0131\u015f ve denizle ilgili hik\u00e2yeler dinleyerek, \u00f6tekilerin hi\u00e7 bilemeyecekleri denizcilik bilgileri edinmi\u015fti. Ama onun istedi\u011fi, bu bilgiler de\u011fil, g\u00fcn\u00fcn birinde denizcinin hik\u00e2yeyi yar\u0131da keserek, yeniden denize d\u00f6nerken ard\u0131nda b\u0131rakaca\u011f\u0131 mavi su damlalar\u0131yd\u0131. Deniz, gemiler ve okyanus seferlerinin hayali ancak bu mavi damlalarda var oluyordu. <\/p>\n","protected":false},"excerpt":{"rendered":"<p>Marguerite Yourcenar\u2019\u0131n \u0130nce, b\u0131\u00e7ak a\u011fz\u0131 gibi dondurucu bir kusursuzlukta, diye tan\u0131mlad\u0131\u011f\u0131 Denizi Yitiren Denizci, deh\u015feti \u015fiirsel bir anlat\u0131mla b\u00fct\u00fcnle\u015ftiren, benzersiz bir kitapt\u0131r. Kusursuz ar\u0131nma, ancak ya\u015fam\u0131<span class=\"excerpt-hellip\"> [\u2026]<\/span><\/p>\n","protected":false},"featured_media":0,"template":"","meta":{"_monsterinsights_skip_tracking":false,"_monsterinsights_sitenote_active":false,"_monsterinsights_sitenote_note":"","_monsterinsights_sitenote_category":0},"product_brand":[],"product_cat":[13661,12291],"product_tag":[],"class_list":{"0":"post-700112","1":"product","2":"type-product","3":"status-publish","5":"product_cat-diger-ulke-edebiyatlari","6":"product_cat-edebiyat","7":"pa_cilt-ciltsiz","8":"pa_tur-kitap","9":"pa_yayinevi-can-yayinlari","10":"pa_yazar-yukio-misima","12":"first","13":"instock","14":"sale","15":"shipping-taxable","16":"purchasable","17":"product-type-simple"},"_links":{"self":[{"href":"https:\/\/roveyayinevi.com.tr\/index.php\/wp-json\/wp\/v2\/product\/700112","targetHints":{"allow":["GET"]}}],"collection":[{"href":"https:\/\/roveyayinevi.com.tr\/index.php\/wp-json\/wp\/v2\/product"}],"about":[{"href":"https:\/\/roveyayinevi.com.tr\/index.php\/wp-json\/wp\/v2\/types\/product"}],"wp:attachment":[{"href":"https:\/\/roveyayinevi.com.tr\/index.php\/wp-json\/wp\/v2\/media?parent=700112"}],"wp:term":[{"taxonomy":"product_brand","embeddable":true,"href":"https:\/\/roveyayinevi.com.tr\/index.php\/wp-json\/wp\/v2\/product_brand?post=700112"},{"taxonomy":"product_cat","embeddable":true,"href":"https:\/\/roveyayinevi.com.tr\/index.php\/wp-json\/wp\/v2\/product_cat?post=700112"},{"taxonomy":"product_tag","embeddable":true,"href":"https:\/\/roveyayinevi.com.tr\/index.php\/wp-json\/wp\/v2\/product_tag?post=700112"}],"curies":[{"name":"wp","href":"https:\/\/api.w.org\/{rel}","templated":true}]}}