{"id":700111,"date":"2025-08-27T14:56:03","date_gmt":"2025-08-27T11:56:03","guid":{"rendered":"https:\/\/roveyayinevi.com.tr\/index.php\/urun\/kapatilmanin-patolojisi\/"},"modified":"2026-04-16T02:09:32","modified_gmt":"2026-04-15T23:09:32","slug":"kapatilmanin-patolojisi","status":"publish","type":"product","link":"https:\/\/roveyayinevi.com.tr\/index.php\/urun\/kapatilmanin-patolojisi\/","title":{"rendered":"Kapat\u0131lman\u0131n Patolojisi"},"content":{"rendered":"<p>T\u00fcrkiye 2000 y\u0131l\u0131ndan bu yana, F Tipi Hapishanelerin yap\u0131m\u0131yla biraber, hapishaneler konusunda olduk\u00e7a ciddi bir yeniden in\u015fa s\u00fcrecinin i\u00e7erisindedir. A\u00e7\u0131lan, kapat\u0131lan ve yeniden d\u00fczenlenen hapishaneler ile birlikte mimari olarak yap\u0131sal bir d\u00f6n\u00fc\u015f\u00fcm ger\u00e7ekle\u015ftirilmekte, ko\u011fu\u015f esas\u0131na g\u00f6re in\u015fa edilmi\u015f hapishaneler tasfiye edilirken oda sistem hakinm mimari tarz haline gelmektedir. Ayn\u0131 s\u00fcre\u00e7te, bu yeniden in\u015fa s\u00fcrecini anlamland\u0131rmaya yard\u0131mc\u0131 olacak iki \u00f6nemli geli\u015fme daha ya\u015fanmaktad\u0131r. Bunlardan ilki artan kriminalizasyon s\u00fcreci ikincisi ise mahpus say\u0131s\u0131nda g\u00f6r\u00fclen art\u0131\u015ft\u0131r. B\u00f6ylesi bir s\u00fcre\u00e7te ge\u00e7mi\u015ften bug\u00fcne b\u00fct\u00fcnl\u00fckl\u00fc bir bak\u0131\u015f\u0131 ortaya koymak ve hapishanelerin patolojik yap\u0131s\u0131na vurgu yaparak T\u00fcrkiye hapishanelerini tart\u0131\u015fmaya a\u00e7mak benim gibi uzun s\u00fcre zorunlu kat\u0131l\u0131mc\u0131 g\u00f6zlem yapm\u0131\u015f birisi i\u00e7in ka\u00e7\u0131n\u0131lmamas\u0131 gereken bir sorumluluk ve zorunluluktu. \ufffcTan\u0131t\u0131m Metni<\/p>\n","protected":false},"excerpt":{"rendered":"<p>T\u00fcrkiye 2000 y\u0131l\u0131ndan bu yana, F Tipi Hapishanelerin yap\u0131m\u0131yla biraber, hapishaneler konusunda olduk\u00e7a ciddi bir yeniden in\u015fa s\u00fcrecinin i\u00e7erisindedir. A\u00e7\u0131lan, kapat\u0131lan ve yeniden d\u00fczenlenen hapishaneler ile<span class=\"excerpt-hellip\"> [\u2026]<\/span><\/p>\n","protected":false},"featured_media":0,"template":"","meta":{"_monsterinsights_skip_tracking":false,"_monsterinsights_sitenote_active":false,"_monsterinsights_sitenote_note":"","_monsterinsights_sitenote_category":0},"product_brand":[],"product_cat":[12370,12304],"product_tag":[],"class_list":{"0":"post-700111","1":"product","2":"type-product","3":"status-publish","5":"product_cat-arastirma-inceleme","6":"product_cat-tarih","7":"pa_tur-kitap","8":"pa_yayinevi-kalkedon-yayincilik","9":"pa_yazar-mustafa-eren","11":"first","12":"instock","13":"sale","14":"shipping-taxable","15":"purchasable","16":"product-type-simple"},"_links":{"self":[{"href":"https:\/\/roveyayinevi.com.tr\/index.php\/wp-json\/wp\/v2\/product\/700111","targetHints":{"allow":["GET"]}}],"collection":[{"href":"https:\/\/roveyayinevi.com.tr\/index.php\/wp-json\/wp\/v2\/product"}],"about":[{"href":"https:\/\/roveyayinevi.com.tr\/index.php\/wp-json\/wp\/v2\/types\/product"}],"wp:attachment":[{"href":"https:\/\/roveyayinevi.com.tr\/index.php\/wp-json\/wp\/v2\/media?parent=700111"}],"wp:term":[{"taxonomy":"product_brand","embeddable":true,"href":"https:\/\/roveyayinevi.com.tr\/index.php\/wp-json\/wp\/v2\/product_brand?post=700111"},{"taxonomy":"product_cat","embeddable":true,"href":"https:\/\/roveyayinevi.com.tr\/index.php\/wp-json\/wp\/v2\/product_cat?post=700111"},{"taxonomy":"product_tag","embeddable":true,"href":"https:\/\/roveyayinevi.com.tr\/index.php\/wp-json\/wp\/v2\/product_tag?post=700111"}],"curies":[{"name":"wp","href":"https:\/\/api.w.org\/{rel}","templated":true}]}}