{"id":700107,"date":"2025-08-27T14:56:02","date_gmt":"2025-08-27T11:56:02","guid":{"rendered":"https:\/\/roveyayinevi.com.tr\/index.php\/urun\/alevilik-nedir\/"},"modified":"2026-04-16T02:09:31","modified_gmt":"2026-04-15T23:09:31","slug":"alevilik-nedir","status":"publish","type":"product","link":"https:\/\/roveyayinevi.com.tr\/index.php\/urun\/alevilik-nedir\/","title":{"rendered":"Alevilik Nedir"},"content":{"rendered":"<p>Son y\u0131llarda Alevilik \u00fczerinde yo\u011fun tart\u0131\u015fmalar ya\u015fanmaktad\u0131r. Bundan 20-25 y\u0131l \u00f6nce tabu olarak g\u00f6r\u00fclen bir konunun bu kadar yo\u011fun tart\u0131\u015f\u0131lmas\u0131, bir yandan olumlu bir geli\u015fme iken, di\u011fer yandan tart\u0131\u015fmalar pek \u00e7ok d\u00fc\u015f\u00fcnsel karma\u015fay\u0131 da i\u00e7inde ta\u015f\u0131maktad\u0131r. Tart\u0131\u015fmalara bakt\u0131\u011f\u0131m\u0131zda iki ayr\u0131 g\u00f6r\u00fc\u015ften bahsedebiliriz. Birinci g\u00f6r\u00fc\u015f olarak &#8220;Alevilik \u0130slam&#8217;\u0131n i\u00e7indedir&#8221; diyen g\u00f6r\u00fc\u015f, bir y\u00f6n\u00fcyle 1990&#8217;lar\u0131n ba\u015f\u0131nda bir devlet projesi olarak kendini g\u00f6stermektedir. \u0130kinci g\u00f6r\u00fc\u015f &#8220;Alevilik \u0130slam&#8217;\u0131n i\u00e7inde de\u011fildir&#8221; diyen g\u00f6r\u00fc\u015ft\u00fcr. Bu g\u00f6r\u00fc\u015f Alevilerin ya\u015famlar\u0131yla \u00f6rt\u00fc\u015fen bir g\u00f6r\u00fc\u015ft\u00fcr. Bu tart\u0131\u015fmalar, T\u00fcrkiye&#8217;deki n\u00fcfuslar\u0131 bile b\u00fcy\u00fck oranda belirsiz olan Alevilerin ya\u015famlar\u0131n\u0131 yak\u0131ndan ilgilendirmektedir.Ahmet G\u00fcven, bu kitab\u0131nda, Aleviler ile \u0130slam dini aras\u0131nda sosyolojik ba\u011flar, Alevilerin ya\u015fam bi\u00e7imleri ile \u0130slam&#8217;\u0131n \u015fartlar\u0131 aras\u0131ndaki ili\u015fkiler, Alevilik ve \u0130slam&#8217;daki tanr\u0131 anlay\u0131\u015flar\u0131 ve Hakikat\u00e7i Alevilik konular\u0131na e\u011filiyor. G\u00fcven, tarihleri s\u00fcrekli olarak ba\u015fkalar\u0131 taraf\u0131ndan yaz\u0131lmaya \u00e7al\u0131\u015f\u0131lan Alevilere ve Alevili\u011fe ili\u015fkin tart\u0131\u015fmalara, iddial\u0131 g\u00f6r\u00fc\u015fleri ile i\u00e7erden bir katk\u0131 sunmay\u0131 ama\u00e7l\u0131yor. <\/p>\n","protected":false},"excerpt":{"rendered":"<p>Son y\u0131llarda Alevilik \u00fczerinde yo\u011fun tart\u0131\u015fmalar ya\u015fanmaktad\u0131r. Bundan 20-25 y\u0131l \u00f6nce tabu olarak g\u00f6r\u00fclen bir konunun bu kadar yo\u011fun tart\u0131\u015f\u0131lmas\u0131, bir yandan olumlu bir geli\u015fme iken,<span class=\"excerpt-hellip\"> [\u2026]<\/span><\/p>\n","protected":false},"featured_media":0,"template":"","meta":{"_monsterinsights_skip_tracking":false,"_monsterinsights_sitenote_active":false,"_monsterinsights_sitenote_note":"","_monsterinsights_sitenote_category":0},"product_brand":[],"product_cat":[13575,12718,12719],"product_tag":[],"class_list":{"0":"post-700107","1":"product","2":"type-product","3":"status-publish","5":"product_cat-alevilik-bektasilik","6":"product_cat-din","7":"product_cat-islam","8":"pa_cilt-ciltsiz","9":"pa_tur-kitap","10":"pa_yayinevi-nika-yayinevi","11":"pa_yazar-ahmet-guven","13":"first","14":"instock","15":"sale","16":"shipping-taxable","17":"purchasable","18":"product-type-simple"},"_links":{"self":[{"href":"https:\/\/roveyayinevi.com.tr\/index.php\/wp-json\/wp\/v2\/product\/700107","targetHints":{"allow":["GET"]}}],"collection":[{"href":"https:\/\/roveyayinevi.com.tr\/index.php\/wp-json\/wp\/v2\/product"}],"about":[{"href":"https:\/\/roveyayinevi.com.tr\/index.php\/wp-json\/wp\/v2\/types\/product"}],"wp:attachment":[{"href":"https:\/\/roveyayinevi.com.tr\/index.php\/wp-json\/wp\/v2\/media?parent=700107"}],"wp:term":[{"taxonomy":"product_brand","embeddable":true,"href":"https:\/\/roveyayinevi.com.tr\/index.php\/wp-json\/wp\/v2\/product_brand?post=700107"},{"taxonomy":"product_cat","embeddable":true,"href":"https:\/\/roveyayinevi.com.tr\/index.php\/wp-json\/wp\/v2\/product_cat?post=700107"},{"taxonomy":"product_tag","embeddable":true,"href":"https:\/\/roveyayinevi.com.tr\/index.php\/wp-json\/wp\/v2\/product_tag?post=700107"}],"curies":[{"name":"wp","href":"https:\/\/api.w.org\/{rel}","templated":true}]}}